{"id":36188,"date":"2025-02-20T23:38:09","date_gmt":"2025-02-20T22:38:09","guid":{"rendered":"https:\/\/olemosaic.orbitalia.org\/producto\/iman-de-resina-letrero-tenerife\/"},"modified":"2025-07-25T20:30:01","modified_gmt":"2025-07-25T18:30:01","slug":"aimant-en-resine-enseigne-tenerife","status":"publish","type":"product","link":"https:\/\/olemosaic.orbitalia.org\/fr\/produit\/aimant-en-resine-enseigne-tenerife\/","title":{"rendered":"Aimant en r\u00e9sine. Enseigne. Tenerife."},"content":{"rendered":"<p>Cet aimant en r\u00e9sine pr\u00e9sente une enseigne color\u00e9e avec le mot \u00ab\u00a0TENERIFE\u00a0\u00bb, id\u00e9al pour ceux qui souhaitent emporter un souvenir de cette belle \u00eele des Canaries. Son design vibrant se caract\u00e9rise par une typographie moderne et g\u00e9om\u00e9trique qui irradie la joie et la vitalit\u00e9, compl\u00e9t\u00e9e par un fond \u00e9voquant la c\u00e9ramique canarienne, avec un effet de mosa\u00efque spectaculaire dans des tons gris et des touches de couleur qui soulignent son authenticit\u00e9. Ce souvenir attrayant comprend un petit l\u00e9zard d\u00e9coratif, repr\u00e9sentatif de la faune locale, qui ajoute une touche charmante et distinctive, symbolisant la richesse naturelle de Tenerife.<\/p>\n<p>Le lien culturel de cet aimant avec l&rsquo;\u00eele est ind\u00e9niable, car Tenerife est connue pour son multiculturalisme, son paysage impressionnant et son h\u00e9ritage artistique. Ce souvenir est plus qu&rsquo;un simple objet d\u00e9coratif ; c&rsquo;est un morceau de la tradition canarienne qui encapsule l&rsquo;essence de l&rsquo;\u00eele et qui peut \u00eatre un excellent compl\u00e9ment pour tout r\u00e9frig\u00e9rateur ou surface m\u00e9tallique. Chez Ol\u00e9 Mosaic, nous sommes fiers de proposer des souvenirs authentiques et repr\u00e9sentatifs de chaque r\u00e9gion, et cet aimant de Tenerife est une option fantastique pour les boutiques de cadeaux touristiques souhaitant offrir des produits de qualit\u00e9, en r\u00e9sonance avec l&rsquo;exp\u00e9rience inoubliable de ceux qui visitent cette \u00eele merveilleuse. En tant que distributeur de souvenirs en gros, nous garantissons l&rsquo;originalit\u00e9 et le charme de chaque pi\u00e8ce, assurant que chaque client emporte un fragment de Tenerife chez lui.<\/p>\n","protected":false},"excerpt":{"rendered":"<p>Aimant montrant une enseigne color\u00e9e avec le mot \u00ab\u00a0TENERIFE\u00a0\u00bb. Son design attrayant se distingue par une typographie vibrante, avec des formes g\u00e9om\u00e9triques et un fond simulant une mosa\u00efque, \u00e9voquant la c\u00e9ramique canarienne. Il est compl\u00e9t\u00e9 par un petit l\u00e9zard color\u00e9, faisant de cet aimant une charmante repr\u00e9sentation de l&rsquo;essence de Tenerife, id\u00e9al pour se souvenir de sa beaut\u00e9 et de sa culture sur n&rsquo;importe quel r\u00e9frig\u00e9rateur ou surface m\u00e9tallique.<\/p>\n","protected":false},"featured_media":14107,"template":"","meta":{"_acf_changed":false},"product_brand":[],"product_cat":[697],"product_tag":[],"class_list":{"0":"post-36188","1":"product","2":"type-product","3":"status-publish","4":"has-post-thumbnail","6":"product_cat-aimants","7":"pa_ciudad-tenerife","8":"pa_motivo-panneaux-villes","9":"pa_pais-espana","11":"first","12":"instock","13":"shipping-taxable","14":"product-type-simple"},"acf":[],"_links":{"self":[{"href":"https:\/\/olemosaic.orbitalia.org\/fr\/wp-json\/wp\/v2\/product\/36188","targetHints":{"allow":["GET"]}}],"collection":[{"href":"https:\/\/olemosaic.orbitalia.org\/fr\/wp-json\/wp\/v2\/product"}],"about":[{"href":"https:\/\/olemosaic.orbitalia.org\/fr\/wp-json\/wp\/v2\/types\/product"}],"wp:featuredmedia":[{"embeddable":true,"href":"https:\/\/olemosaic.orbitalia.org\/fr\/wp-json\/wp\/v2\/media\/14107"}],"wp:attachment":[{"href":"https:\/\/olemosaic.orbitalia.org\/fr\/wp-json\/wp\/v2\/media?parent=36188"}],"wp:term":[{"taxonomy":"product_brand","embeddable":true,"href":"https:\/\/olemosaic.orbitalia.org\/fr\/wp-json\/wp\/v2\/product_brand?post=36188"},{"taxonomy":"product_cat","embeddable":true,"href":"https:\/\/olemosaic.orbitalia.org\/fr\/wp-json\/wp\/v2\/product_cat?post=36188"},{"taxonomy":"product_tag","embeddable":true,"href":"https:\/\/olemosaic.orbitalia.org\/fr\/wp-json\/wp\/v2\/product_tag?post=36188"}],"curies":[{"name":"wp","href":"https:\/\/api.w.org\/{rel}","templated":true}]}}