{"id":36187,"date":"2025-02-20T23:38:09","date_gmt":"2025-02-20T22:38:09","guid":{"rendered":"https:\/\/olemosaic.orbitalia.org\/producto\/iman-de-resina-letrero-madrid\/"},"modified":"2025-07-25T19:58:36","modified_gmt":"2025-07-25T17:58:36","slug":"aimant-en-resine-enseigne-madrid","status":"publish","type":"product","link":"https:\/\/olemosaic.orbitalia.org\/fr\/produit\/aimant-en-resine-enseigne-madrid\/","title":{"rendered":"Aimant en r\u00e9sine. Enseigne. Madrid."},"content":{"rendered":"<p>Cet aimant en r\u00e9sine avec l&rsquo;inscription \u00ab\u00a0MADRID\u00a0\u00bb est une pi\u00e8ce d\u00e9corative vibrante qui capture l&rsquo;essence de la capitale espagnole. Avec un design qui c\u00e9l\u00e8bre la culture et l&rsquo;art contemporain, cette \u0153uvre pr\u00e9sente une mosa\u00efque joyeuse o\u00f9 les lettres ressortent dans des couleurs intenses comme le rouge, le bleu, le vert et le jaune, faisant en sorte que \u00ab\u00a0MADRID\u00a0\u00bb se distingue avec une \u00e9nergie unique. \u00c0 gauche, un taureau multicolore embl\u00e9matique s&rsquo;int\u00e8gre parfaitement au design, symbolisant la riche tradition espagnole et l&rsquo;une des figures les plus embl\u00e9matiques du pays, \u00e9voquant la passion de la tauromachie.<\/p>\n<p>Le fond, orn\u00e9 de motifs de mosa\u00efque dans des tons gris, ajoute une touche \u00e9l\u00e9gante et contemporaine, rappelant l&rsquo;art du c\u00e9l\u00e8bre architecte Antoni Gaud\u00ed, connu pour son utilisation exceptionnelle de la couleur et de la forme. Cet aimant n&rsquo;est pas seulement un beau souvenir de Madrid, mais aussi un reflet de la diversit\u00e9 culturelle de la r\u00e9gion, ce qui en fait le souvenir parfait pour ceux qui souhaitent emporter un morceau de la capitale chez eux.<\/p>\n<p>Id\u00e9al pour les touristes et comme souvenir attrayant de Madrid, cet aimant est une repr\u00e9sentation extraordinaire de l&rsquo;h\u00e9ritage culturel et artistique de l&rsquo;Espagne. Chez Ol\u00e9 Mosaic, nous nous sp\u00e9cialisons dans la distribution de souvenirs en gros, offrant des produits de qualit\u00e9 qui enchantent et attirent les clients des boutiques de cadeaux touristiques. Cet aimant est une excellente option pour ceux qui recherchent des souvenirs authentiques et significatifs de leur passage \u00e0 Madrid.<\/p>\n","protected":false},"excerpt":{"rendered":"<p>Aimant avec une enseigne color\u00e9e indiquant \u00ab\u00a0MADRID\u00a0\u00bb, orn\u00e9 d&rsquo;un design de mosa\u00efque joyeux et vibrant. Cet aimant comprend un taureau multicolore embl\u00e9matique, symbole repr\u00e9sentatif de la culture espagnole, sur un fond aux motifs de mosa\u00efque dans des tons gris et des d\u00e9tails en rouge, jaune et bleu, \u00e9voquant l&rsquo;art du c\u00e9l\u00e8bre Antoni Gaud\u00ed. Id\u00e9al pour se souvenir de la capitale espagnole avec une touche artistique et contemporaine.<\/p>\n","protected":false},"featured_media":14106,"template":"","meta":{"_acf_changed":false},"product_brand":[],"product_cat":[697],"product_tag":[530],"class_list":{"0":"post-36187","1":"product","2":"type-product","3":"status-publish","4":"has-post-thumbnail","6":"product_cat-aimants","7":"product_tag-animaux","8":"pa_ciudad-madrid","9":"pa_motivo-panneaux-villes","10":"pa_pais-espana","12":"first","13":"instock","14":"shipping-taxable","15":"product-type-simple"},"acf":[],"_links":{"self":[{"href":"https:\/\/olemosaic.orbitalia.org\/fr\/wp-json\/wp\/v2\/product\/36187","targetHints":{"allow":["GET"]}}],"collection":[{"href":"https:\/\/olemosaic.orbitalia.org\/fr\/wp-json\/wp\/v2\/product"}],"about":[{"href":"https:\/\/olemosaic.orbitalia.org\/fr\/wp-json\/wp\/v2\/types\/product"}],"wp:featuredmedia":[{"embeddable":true,"href":"https:\/\/olemosaic.orbitalia.org\/fr\/wp-json\/wp\/v2\/media\/14106"}],"wp:attachment":[{"href":"https:\/\/olemosaic.orbitalia.org\/fr\/wp-json\/wp\/v2\/media?parent=36187"}],"wp:term":[{"taxonomy":"product_brand","embeddable":true,"href":"https:\/\/olemosaic.orbitalia.org\/fr\/wp-json\/wp\/v2\/product_brand?post=36187"},{"taxonomy":"product_cat","embeddable":true,"href":"https:\/\/olemosaic.orbitalia.org\/fr\/wp-json\/wp\/v2\/product_cat?post=36187"},{"taxonomy":"product_tag","embeddable":true,"href":"https:\/\/olemosaic.orbitalia.org\/fr\/wp-json\/wp\/v2\/product_tag?post=36187"}],"curies":[{"name":"wp","href":"https:\/\/api.w.org\/{rel}","templated":true}]}}