{"id":36186,"date":"2025-02-20T23:38:09","date_gmt":"2025-02-20T22:38:09","guid":{"rendered":"https:\/\/olemosaic.orbitalia.org\/producto\/iman-de-resina-panoramica-barcelona-20\/"},"modified":"2025-07-25T20:10:18","modified_gmt":"2025-07-25T18:10:18","slug":"aimant-en-resine-panoramique-barcelone-20","status":"publish","type":"product","link":"https:\/\/olemosaic.orbitalia.org\/fr\/produit\/aimant-en-resine-panoramique-barcelone-20\/","title":{"rendered":"Aimant en r\u00e9sine. Panoramique. Sagrada Familia et Casa Batll\u00f3. Barcelone."},"content":{"rendered":"<p>Aimant en r\u00e9sine de Barcelone<\/p>\n<p>Cet aimant en r\u00e9sine offre une vue panoramique vibrante de Barcelone, capturant l&rsquo;essence de la cit\u00e9 comtale de mani\u00e8re color\u00e9e et d\u00e9taill\u00e9e. Dans son design, des monuments embl\u00e9matiques tels que la Sagrada Familia et la Casa Batll\u00f3 se distinguent, dont l&rsquo;architecture moderniste d\u00e9finit l&rsquo;identit\u00e9 de Barcelone. La Sagrada Familia, avec ses hautes tours et ses d\u00e9tails \u00e9labor\u00e9s, se pr\u00e9sente majestueuse, tandis que la forme ondulante de la Casa Batll\u00f3 refl\u00e8te la cr\u00e9ativit\u00e9 d&rsquo;Antoni Gaud\u00ed, cr\u00e9ateur de merveilles architecturales dans la ville.<\/p>\n<p>La finition brillante de l&rsquo;aimant fait ressortir les tons bleus, jaunes et rouges, \u00e9voquant la chaleur du soleil catalan et l&rsquo;art vibrant qui se respire dans ses rues. \u00c0 la base, le mot \u00ab\u00a0Barcelona\u00a0\u00bb se d\u00e9tache dans un arc-en-ciel de couleurs, garantissant que cet aimant soit, en plus d&rsquo;un objet d\u00e9coratif, un v\u00e9ritable souvenir culturel de la capitale catalane. Avec sa combinaison d&rsquo;\u00e9l\u00e9ments visuels fascinants et une finition attrayante, cet aimant est un souvenir parfait pour les touristes souhaitant emporter chez eux un petit morceau de Barcelone.<\/p>\n<p>Chez Ol\u00e9 Mosaic, en tant que distributeurs de souvenirs en gros, nous proposons des produits authentiques qui refl\u00e8tent le riche h\u00e9ritage culturel espagnol, ce qui fait de cet aimant une excellente option pour les boutiques de cadeaux touristiques \u00e0 la recherche d&rsquo;articles repr\u00e9sentatifs et de qualit\u00e9.<\/p>\n","protected":false},"excerpt":{"rendered":"<p>Aimant offrant une vue panoramique vibrante de Barcelone. Cet aimant attrayant pr\u00e9sente des ic\u00f4nes embl\u00e9matiques telles que la Sagrada Familia et la Casa Batll\u00f3, avec un design color\u00e9 et d\u00e9taill\u00e9. Les b\u00e2timents se distinguent par une finition brillante, combinant des tons bleus, jaunes et rouges qui \u00e9voquent l&rsquo;art moderniste de la ville. Sous l&rsquo;illustration, le mot \u00ab\u00a0Barcelona\u00a0\u00bb ressort avec des couleurs vives, faisant de cet aimant un souvenir parfait de la capitale catalane.<\/p>\n","protected":false},"featured_media":14105,"template":"","meta":{"_acf_changed":false},"product_brand":[],"product_cat":[697],"product_tag":[],"class_list":{"0":"post-36186","1":"product","2":"type-product","3":"status-publish","4":"has-post-thumbnail","6":"product_cat-aimants","7":"pa_ciudad-barcelona","8":"pa_motivo-panoramas","9":"pa_pais-espana","11":"first","12":"instock","13":"shipping-taxable","14":"product-type-simple"},"acf":[],"_links":{"self":[{"href":"https:\/\/olemosaic.orbitalia.org\/fr\/wp-json\/wp\/v2\/product\/36186","targetHints":{"allow":["GET"]}}],"collection":[{"href":"https:\/\/olemosaic.orbitalia.org\/fr\/wp-json\/wp\/v2\/product"}],"about":[{"href":"https:\/\/olemosaic.orbitalia.org\/fr\/wp-json\/wp\/v2\/types\/product"}],"wp:featuredmedia":[{"embeddable":true,"href":"https:\/\/olemosaic.orbitalia.org\/fr\/wp-json\/wp\/v2\/media\/14105"}],"wp:attachment":[{"href":"https:\/\/olemosaic.orbitalia.org\/fr\/wp-json\/wp\/v2\/media?parent=36186"}],"wp:term":[{"taxonomy":"product_brand","embeddable":true,"href":"https:\/\/olemosaic.orbitalia.org\/fr\/wp-json\/wp\/v2\/product_brand?post=36186"},{"taxonomy":"product_cat","embeddable":true,"href":"https:\/\/olemosaic.orbitalia.org\/fr\/wp-json\/wp\/v2\/product_cat?post=36186"},{"taxonomy":"product_tag","embeddable":true,"href":"https:\/\/olemosaic.orbitalia.org\/fr\/wp-json\/wp\/v2\/product_tag?post=36186"}],"curies":[{"name":"wp","href":"https:\/\/api.w.org\/{rel}","templated":true}]}}