{"id":36163,"date":"2025-02-20T23:38:07","date_gmt":"2025-02-20T22:38:07","guid":{"rendered":"https:\/\/olemosaic.orbitalia.org\/producto\/iman-de-resina-panoramica-barcelona-19\/"},"modified":"2025-07-25T20:35:47","modified_gmt":"2025-07-25T18:35:47","slug":"aimant-resine-panoramique-barcelone-19","status":"publish","type":"product","link":"https:\/\/olemosaic.orbitalia.org\/fr\/produit\/aimant-resine-panoramique-barcelone-19\/","title":{"rendered":"Aimant en r\u00e9sine. Panoramique. Sagrada Familia et Parc G\u00fcell. Barcelone."},"content":{"rendered":"<p>Cet aimant en r\u00e9sine capture l&rsquo;essence vibrante de Barcelone, pr\u00e9sentant une panoramique color\u00e9e de ses monuments les plus embl\u00e9matiques. Con\u00e7u avec un style mosa\u00efque caract\u00e9ristique, cet aimant illustre des \u00e9l\u00e9ments iconiques de la ville comme l&rsquo;incontournable Sagrada Familia et le color\u00e9 Parc G\u00fcell, se distinguant par ses tons brillants de bleu, vert et jaune qui \u00e9voquent la cr\u00e9ativit\u00e9 et l&rsquo;art d\u00e9finissant la capitale catalane. Le nom \u00ab\u00a0Barcelona\u00a0\u00bb appara\u00eet en lettres frappantes, offrant un accent attrayant qui en fait un souvenir parfait pour les touristes et les amoureux de la ville.<\/p>\n<p>Chaque d\u00e9tail de cet aimant, des courbes des b\u00e2timents de Gaud\u00ed aux motifs inspir\u00e9s de la nature, refl\u00e8te le riche h\u00e9ritage culturel de Barcelone, en faisant un souvenir repr\u00e9sentatif de la vie urbaine vibrante et du patrimoine architectural de la r\u00e9gion. Id\u00e9al pour ceux qui recherchent un souvenir authentique et significatif, cet aimant n&rsquo;est pas seulement un objet d\u00e9coratif, mais un morceau de la ville que vous pouvez emporter partout. Chez Ol\u00e9 Mosaic, nous garantissons l&rsquo;authenticit\u00e9 et la qualit\u00e9 de nos souvenirs de Barcelone, offrant aux boutiques de cadeaux touristiques une option parfaite pour attirer les visiteurs \u00e0 la recherche de produits m\u00e9morables et charg\u00e9s d&rsquo;histoire.<\/p>\n","protected":false},"excerpt":{"rendered":"<p>Aimant capturant l&rsquo;essence de Barcelone avec une panoramique vibrante de ses monuments les plus embl\u00e9matiques. Con\u00e7u avec un style color\u00e9 et en mosa\u00efque, il pr\u00e9sente des \u00e9l\u00e9ments iconiques tels que la Sagrada Familia et le Parc G\u00fcell, entour\u00e9s de tons brillants de bleu, vert et jaune, \u00e9voquant l&rsquo;esprit artistique de la ville. Le nom \u00ab\u00a0Barcelona\u00a0\u00bb appara\u00eet en lettres frappantes, faisant de cet aimant un souvenir parfait de la capitale catalane.<\/p>\n","protected":false},"featured_media":14097,"template":"","meta":{"_acf_changed":false},"product_brand":[],"product_cat":[697],"product_tag":[],"class_list":{"0":"post-36163","1":"product","2":"type-product","3":"status-publish","4":"has-post-thumbnail","6":"product_cat-aimants","7":"pa_ciudad-barcelona","8":"pa_motivo-panoramas","9":"pa_pais-espana","11":"first","12":"instock","13":"shipping-taxable","14":"product-type-simple"},"acf":[],"_links":{"self":[{"href":"https:\/\/olemosaic.orbitalia.org\/fr\/wp-json\/wp\/v2\/product\/36163","targetHints":{"allow":["GET"]}}],"collection":[{"href":"https:\/\/olemosaic.orbitalia.org\/fr\/wp-json\/wp\/v2\/product"}],"about":[{"href":"https:\/\/olemosaic.orbitalia.org\/fr\/wp-json\/wp\/v2\/types\/product"}],"wp:featuredmedia":[{"embeddable":true,"href":"https:\/\/olemosaic.orbitalia.org\/fr\/wp-json\/wp\/v2\/media\/14097"}],"wp:attachment":[{"href":"https:\/\/olemosaic.orbitalia.org\/fr\/wp-json\/wp\/v2\/media?parent=36163"}],"wp:term":[{"taxonomy":"product_brand","embeddable":true,"href":"https:\/\/olemosaic.orbitalia.org\/fr\/wp-json\/wp\/v2\/product_brand?post=36163"},{"taxonomy":"product_cat","embeddable":true,"href":"https:\/\/olemosaic.orbitalia.org\/fr\/wp-json\/wp\/v2\/product_cat?post=36163"},{"taxonomy":"product_tag","embeddable":true,"href":"https:\/\/olemosaic.orbitalia.org\/fr\/wp-json\/wp\/v2\/product_tag?post=36163"}],"curies":[{"name":"wp","href":"https:\/\/api.w.org\/{rel}","templated":true}]}}