{"id":36161,"date":"2025-02-20T23:38:07","date_gmt":"2025-02-20T22:38:07","guid":{"rendered":"https:\/\/olemosaic.orbitalia.org\/producto\/iman-de-resina-panoramica-barcelona-17\/"},"modified":"2025-07-26T00:05:38","modified_gmt":"2025-07-25T22:05:38","slug":"aimant-resine-panoramique-barcelone-17","status":"publish","type":"product","link":"https:\/\/olemosaic.orbitalia.org\/fr\/produit\/aimant-resine-panoramique-barcelone-17\/","title":{"rendered":"Aimant en r\u00e9sine. Panoramique. Orange. Sagrada Familia. Barcelone."},"content":{"rendered":"<p>Aimant en r\u00e9sine panoramique de Barcelone<\/p>\n<p>Cet aimant en r\u00e9sine capture la magie de Barcelone avec une panoramique vibrante qui captivera ceux qui recherchent un souvenir authentique de la ville. La pi\u00e8ce pr\u00e9sente la majestueuse Sagrada Familia, le monument le plus embl\u00e9matique, repr\u00e9sent\u00e9e dans des tons orang\u00e9s qui \u00e9voquent la chaleur du soleil catalan. Autour d&rsquo;elle, se d\u00e9ploient des constructions iconiques et des palmiers, le tout dans un design joyeux et color\u00e9 qui souligne l&rsquo;essence de l&rsquo;architecture moderniste de Gaud\u00ed. Le mot \u00ab\u00a0Barcelona\u00a0\u00bb appara\u00eet en lettres multicolores, apportant un contraste dynamique avec le fond bleu qui refl\u00e8te le ciel d\u00e9gag\u00e9 et ensoleill\u00e9 de la r\u00e9gion.<\/p>\n<p>Cet aimant n&rsquo;est pas seulement un objet fonctionnel qui orne n&rsquo;importe quel r\u00e9frig\u00e9rateur, mais aussi un petit morceau de culture et d&rsquo;art qui relie les touristes \u00e0 la riche histoire de Barcelone. Parfait pour ceux qui souhaitent ramener un morceau de cette ville vibrante chez eux, il devient un souvenir id\u00e9al qui \u00e9voque des souvenirs de voyages et d&rsquo;explorations. Chez Ol\u00e9 Mosaic, en tant que grossistes de souvenirs de Barcelone, nous proposons des produits authentiques qui c\u00e9l\u00e8brent la culture et le patrimoine de l&rsquo;Espagne. Cet aimant en r\u00e9sine est une excellente option pour les boutiques de cadeaux touristiques \u00e0 la recherche d&rsquo;articles repr\u00e9sentatifs et de qualit\u00e9.<\/p>\n","protected":false},"excerpt":{"rendered":"<p>Aimant capturant l&rsquo;essence de Barcelone avec sa panoramique vibrante. Cet aimant montre la majestueuse Sagrada Familia dans des tons orang\u00e9s, entour\u00e9e de b\u00e2timents embl\u00e9matiques et de palmiers, le tout soulign\u00e9 par un design color\u00e9 et joyeux. Le mot \u00ab\u00a0Barcelona\u00a0\u00bb, en lettres multicolores, ajoute une touche frappante, tandis que le fond bleu refl\u00e8te le ciel ensoleill\u00e9 de la ville. Parfait pour ramener un petit morceau de Barcelone chez soi.<\/p>\n","protected":false},"featured_media":14095,"template":"","meta":{"_acf_changed":false},"product_brand":[],"product_cat":[697],"product_tag":[],"class_list":{"0":"post-36161","1":"product","2":"type-product","3":"status-publish","4":"has-post-thumbnail","6":"product_cat-aimants","7":"pa_ciudad-barcelona","8":"pa_motivo-panoramas","9":"pa_pais-espana","11":"first","12":"instock","13":"shipping-taxable","14":"product-type-simple"},"acf":[],"_links":{"self":[{"href":"https:\/\/olemosaic.orbitalia.org\/fr\/wp-json\/wp\/v2\/product\/36161","targetHints":{"allow":["GET"]}}],"collection":[{"href":"https:\/\/olemosaic.orbitalia.org\/fr\/wp-json\/wp\/v2\/product"}],"about":[{"href":"https:\/\/olemosaic.orbitalia.org\/fr\/wp-json\/wp\/v2\/types\/product"}],"wp:featuredmedia":[{"embeddable":true,"href":"https:\/\/olemosaic.orbitalia.org\/fr\/wp-json\/wp\/v2\/media\/14095"}],"wp:attachment":[{"href":"https:\/\/olemosaic.orbitalia.org\/fr\/wp-json\/wp\/v2\/media?parent=36161"}],"wp:term":[{"taxonomy":"product_brand","embeddable":true,"href":"https:\/\/olemosaic.orbitalia.org\/fr\/wp-json\/wp\/v2\/product_brand?post=36161"},{"taxonomy":"product_cat","embeddable":true,"href":"https:\/\/olemosaic.orbitalia.org\/fr\/wp-json\/wp\/v2\/product_cat?post=36161"},{"taxonomy":"product_tag","embeddable":true,"href":"https:\/\/olemosaic.orbitalia.org\/fr\/wp-json\/wp\/v2\/product_tag?post=36161"}],"curies":[{"name":"wp","href":"https:\/\/api.w.org\/{rel}","templated":true}]}}