{"id":36136,"date":"2025-02-20T23:38:06","date_gmt":"2025-02-20T22:38:06","guid":{"rendered":"https:\/\/olemosaic.orbitalia.org\/producto\/iman-de-resina-sagrada-familia-barcelona-3\/"},"modified":"2025-07-26T00:09:56","modified_gmt":"2025-07-25T22:09:56","slug":"aimant-resine-sagrada-familia-barcelone-3","status":"publish","type":"product","link":"https:\/\/olemosaic.orbitalia.org\/fr\/produit\/aimant-resine-sagrada-familia-barcelone-3\/","title":{"rendered":"Aimant en r\u00e9sine. Basilique Sagrada Familia. Barcelone."},"content":{"rendered":"<p>Aimant en r\u00e9sine inspir\u00e9 de l&#8217;embl\u00e9matique Sagrada Familia de Barcelone. Cet aimant color\u00e9 pr\u00e9sente les tours majestueuses de la c\u00e9l\u00e8bre basilique, mettant en valeur ses mosa\u00efques vibrantes dans un m\u00e9lange de tons rouges, jaunes, verts et bleus qui \u00e9voquent l&rsquo;essence du modernisme catalan. Avec un design qui capture la grandeur et la singularit\u00e9 de ce chef-d&rsquo;\u0153uvre d&rsquo;Antoni Gaud\u00ed, l&rsquo;aimant inclut le mot \u00ab\u00a0Barcelona\u00a0\u00bb dans une typographie attrayante qui compl\u00e8te l&rsquo;esth\u00e9tique visuelle du produit. Fabriqu\u00e9 en r\u00e9sine de haute qualit\u00e9, cet aimant n&rsquo;est pas seulement une repr\u00e9sentation artistique de la Sagrada Familia, mais aussi un souvenir parfait qui permet aux touristes de ramener chez eux un morceau de l&rsquo;histoire et de la culture catalanes. La Sagrada Familia, d\u00e9clar\u00e9e patrimoine mondial, est un symbole de la ville de Barcelone et un embl\u00e8me de l&rsquo;art et de la d\u00e9votion espagnols. Cet aimant devient ainsi un souvenir id\u00e9al pour ceux qui recherchent un souvenir authentique et repr\u00e9sentatif de leur visite dans cette ville fascinante. Chez Ol\u00e9 Mosaic, nous sommes distributeurs de souvenirs en gros, offrant des produits qui se distinguent par leur qualit\u00e9 et leur lien culturel, ce qui fait de cet aimant de la Sagrada Familia une excellente option pour les boutiques de cadeaux touristiques.<\/p>\n","protected":false},"excerpt":{"rendered":"<p>Aimant inspir\u00e9 de l&#8217;embl\u00e9matique Sagrada Familia de Barcelone. Cet aimant color\u00e9 reproduit les tours imposantes de la basilique, soulignant ses mosa\u00efques vibrantes dans les tons rouges, jaunes, verts et bleus. Avec un design qui capture l&rsquo;essence du modernisme catalan, l&rsquo;aimant inclut le mot \u00ab\u00a0Barcelona\u00a0\u00bb dans une typographie attrayante. Parfait pour se souvenir de la grandeur de ce patrimoine mondial sur n&rsquo;importe quel r\u00e9frig\u00e9rateur.<\/p>\n","protected":false},"featured_media":14090,"template":"","meta":{"_acf_changed":false},"product_brand":[],"product_cat":[697],"product_tag":[],"class_list":{"0":"post-36136","1":"product","2":"type-product","3":"status-publish","4":"has-post-thumbnail","6":"product_cat-aimants","7":"pa_ciudad-barcelona","8":"pa_motivo-sagrada-familia","9":"pa_pais-espana","11":"first","12":"instock","13":"shipping-taxable","14":"product-type-simple"},"acf":[],"_links":{"self":[{"href":"https:\/\/olemosaic.orbitalia.org\/fr\/wp-json\/wp\/v2\/product\/36136","targetHints":{"allow":["GET"]}}],"collection":[{"href":"https:\/\/olemosaic.orbitalia.org\/fr\/wp-json\/wp\/v2\/product"}],"about":[{"href":"https:\/\/olemosaic.orbitalia.org\/fr\/wp-json\/wp\/v2\/types\/product"}],"wp:featuredmedia":[{"embeddable":true,"href":"https:\/\/olemosaic.orbitalia.org\/fr\/wp-json\/wp\/v2\/media\/14090"}],"wp:attachment":[{"href":"https:\/\/olemosaic.orbitalia.org\/fr\/wp-json\/wp\/v2\/media?parent=36136"}],"wp:term":[{"taxonomy":"product_brand","embeddable":true,"href":"https:\/\/olemosaic.orbitalia.org\/fr\/wp-json\/wp\/v2\/product_brand?post=36136"},{"taxonomy":"product_cat","embeddable":true,"href":"https:\/\/olemosaic.orbitalia.org\/fr\/wp-json\/wp\/v2\/product_cat?post=36136"},{"taxonomy":"product_tag","embeddable":true,"href":"https:\/\/olemosaic.orbitalia.org\/fr\/wp-json\/wp\/v2\/product_tag?post=36136"}],"curies":[{"name":"wp","href":"https:\/\/api.w.org\/{rel}","templated":true}]}}