{"id":36116,"date":"2025-02-20T23:38:05","date_gmt":"2025-02-20T22:38:05","guid":{"rendered":"https:\/\/olemosaic.orbitalia.org\/producto\/iman-de-resina-letrero-mojacar\/"},"modified":"2025-07-25T18:43:54","modified_gmt":"2025-07-25T16:43:54","slug":"aimant-resine-panneau-mojacar","status":"publish","type":"product","link":"https:\/\/olemosaic.orbitalia.org\/fr\/produit\/aimant-resine-panneau-mojacar\/","title":{"rendered":"Aimant en r\u00e9sine. Panneau. Moj\u00e1car."},"content":{"rendered":"<p>Aimant en r\u00e9sine de Moj\u00e1car<\/p>\n<p>Cet aimant en r\u00e9sine vibrant, en forme de panneau, capture l&rsquo;essence et la beaut\u00e9 de Moj\u00e1car, un village andalou aux paysages impressionnants et au riche h\u00e9ritage culturel. Avec le nom \u00ab\u00a0MOJ\u00c1CAR\u00a0\u00bb en lettres color\u00e9es et festives, l&rsquo;aimant se d\u00e9tache sur un fond imitant une mosa\u00efque dans les tons gris, \u00e9voquant l&rsquo;authenticit\u00e9 et l&rsquo;art du folklore espagnol. Chaque lettre ressort avec des couleurs intenses, cr\u00e9ant un effet visuel attrayant qui transforme n&rsquo;importe quel espace en un rappel de la vibrante culture andalouse.<\/p>\n<p>L&rsquo;aimant est con\u00e7u avec une pr\u00e9cision artisanale, et les d\u00e9tails des couleurs et de la texture du fond apportent une touche artistique et festive. Ce souvenir est parfait pour ceux qui souhaitent emporter un morceau de la magie de Moj\u00e1car. Il est id\u00e9al pour d\u00e9corer les r\u00e9frig\u00e9rateurs, les tableaux blancs ou toute surface m\u00e9tallique, apportant un air authentique et chaleureux \u00e0 votre foyer.<\/p>\n<p>Chez Ol\u00e9 Mosaic, nous sommes sp\u00e9cialis\u00e9s dans la distribution de souvenirs en gros, et cet aimant est une excellente option pour les boutiques de cadeaux touristiques \u00e0 la recherche de produits repr\u00e9sentatifs et authentiques. Avec son charme et sa singularit\u00e9, l&rsquo;aimant de Moj\u00e1car est un souvenir parfait pour ceux qui visitent ce lieu embl\u00e9matique, devenant un symbole de leurs aventures dans la belle Andalousie.<\/p>\n","protected":false},"excerpt":{"rendered":"<p>Aimant en forme de panneau, inspir\u00e9 par la beaut\u00e9 de Moj\u00e1car. Cet aimant color\u00e9 affiche le nom \u00ab\u00a0MOJ\u00c1CAR\u00a0\u00bb en lettres vibrantes sur un fond de mosa\u00efque dans les tons gris. Les d\u00e9tails aux couleurs intenses apportent une touche artistique et festive, \u00e9voquant l&rsquo;essence du village andalou. Id\u00e9al pour se souvenir de vos visites ou d\u00e9corer n&rsquo;importe quel espace avec une touche authentique du folklore espagnol.<\/p>\n","protected":false},"featured_media":14085,"template":"","meta":{"_acf_changed":false},"product_brand":[],"product_cat":[697],"product_tag":[],"class_list":{"0":"post-36116","1":"product","2":"type-product","3":"status-publish","4":"has-post-thumbnail","6":"product_cat-aimants","7":"pa_ciudad-mojacar","8":"pa_motivo-panneaux-villes","9":"pa_pais-espana","11":"first","12":"instock","13":"shipping-taxable","14":"product-type-simple"},"acf":[],"_links":{"self":[{"href":"https:\/\/olemosaic.orbitalia.org\/fr\/wp-json\/wp\/v2\/product\/36116","targetHints":{"allow":["GET"]}}],"collection":[{"href":"https:\/\/olemosaic.orbitalia.org\/fr\/wp-json\/wp\/v2\/product"}],"about":[{"href":"https:\/\/olemosaic.orbitalia.org\/fr\/wp-json\/wp\/v2\/types\/product"}],"wp:featuredmedia":[{"embeddable":true,"href":"https:\/\/olemosaic.orbitalia.org\/fr\/wp-json\/wp\/v2\/media\/14085"}],"wp:attachment":[{"href":"https:\/\/olemosaic.orbitalia.org\/fr\/wp-json\/wp\/v2\/media?parent=36116"}],"wp:term":[{"taxonomy":"product_brand","embeddable":true,"href":"https:\/\/olemosaic.orbitalia.org\/fr\/wp-json\/wp\/v2\/product_brand?post=36116"},{"taxonomy":"product_cat","embeddable":true,"href":"https:\/\/olemosaic.orbitalia.org\/fr\/wp-json\/wp\/v2\/product_cat?post=36116"},{"taxonomy":"product_tag","embeddable":true,"href":"https:\/\/olemosaic.orbitalia.org\/fr\/wp-json\/wp\/v2\/product_tag?post=36116"}],"curies":[{"name":"wp","href":"https:\/\/api.w.org\/{rel}","templated":true}]}}