{"id":36115,"date":"2025-02-20T23:38:05","date_gmt":"2025-02-20T22:38:05","guid":{"rendered":"https:\/\/olemosaic.orbitalia.org\/producto\/iman-de-resina-letrero-lanzarote-11-cm\/"},"modified":"2025-07-25T18:46:20","modified_gmt":"2025-07-25T16:46:20","slug":"aimant-resine-panneau-lanzarote-11-cm","status":"publish","type":"product","link":"https:\/\/olemosaic.orbitalia.org\/fr\/produit\/aimant-resine-panneau-lanzarote-11-cm\/","title":{"rendered":"Aimant en r\u00e9sine. Panneau. Lanzarote. 11 cm."},"content":{"rendered":"<p>Cet aimant en r\u00e9sine, en forme de panneau, est un souvenir color\u00e9 de Lanzarote qui capture l&rsquo;essence vibrante de cette pr\u00e9cieuse \u00eele des Canaries. D&rsquo;une dimension de 11 cm, il se distingue par le mot \u00ab\u00a0LANZAROTE\u00a0\u00bb, pr\u00e9sent\u00e9 en grandes lettres frappantes qui \u00e9voquent le style artistique caract\u00e9ristique de la r\u00e9gion. Chaque lettre est d\u00e9cor\u00e9e d&rsquo;un design de mosa\u00efque exquis, rappelant les carreaux color\u00e9s typiques des constructions locales et les traditions culturelles de l&rsquo;\u00eele.<\/p>\n<p>Le fond de l&rsquo;aimant pr\u00e9sente un design abstrait dans une palette de couleurs vives, incluant le rouge, le jaune et le bleu, cr\u00e9ant un contraste visuel impressionnant qui souligne la joie et le dynamisme de Lanzarote. Ce design attrayant est compl\u00e9t\u00e9 par le dessin d&rsquo;un l\u00e9zard typique de la zone, une repr\u00e9sentation embl\u00e9matique de la faune de l&rsquo;\u00eele, ajoutant un d\u00e9tail qui enrichit encore plus le caract\u00e8re autochtone du souvenir.<\/p>\n<p>Cet aimant ne sert pas seulement de bel ornement pour la maison, mais constitue \u00e9galement un souvenir authentique de Lanzarote, id\u00e9al pour les touristes qui cherchent \u00e0 emporter un petit morceau de cette \u00eele unique. Chez Ol\u00e9 Mosaic, nous sommes fiers de proposer des souvenirs de qualit\u00e9, et cet aimant en r\u00e9sine est parfait pour les boutiques de cadeaux touristiques souhaitant proposer des produits c\u00e9l\u00e9brant la culture et l&rsquo;art de Lanzarote.<\/p>\n","protected":false},"excerpt":{"rendered":"<p>Aimant en forme de panneau, se distinguant par son design vibrant repr\u00e9sentant l&rsquo;\u00eele de Lanzarote. Il mesure 11 cm et affiche le mot \u00ab\u00a0LANZAROTE\u00a0\u00bb en grandes lettres color\u00e9es, d\u00e9cor\u00e9es d&rsquo;\u00e9l\u00e9ments de mosa\u00efque \u00e9voquant le style artistique de la r\u00e9gion. Le fond comprend un design abstrait aux couleurs vives comme le rouge, le jaune et le bleu, compl\u00e9t\u00e9 par le dessin d&rsquo;un l\u00e9zard typique de la zone. Id\u00e9al pour se souvenir de vos voyages vers cette magnifique destination canarienne.<\/p>\n","protected":false},"featured_media":14084,"template":"","meta":{"_acf_changed":false},"product_brand":[],"product_cat":[697],"product_tag":[],"class_list":{"0":"post-36115","1":"product","2":"type-product","3":"status-publish","4":"has-post-thumbnail","6":"product_cat-aimants","7":"pa_ciudad-lanzarote","8":"pa_motivo-panneaux-villes","9":"pa_pais-espana","11":"first","12":"instock","13":"shipping-taxable","14":"product-type-simple"},"acf":[],"_links":{"self":[{"href":"https:\/\/olemosaic.orbitalia.org\/fr\/wp-json\/wp\/v2\/product\/36115","targetHints":{"allow":["GET"]}}],"collection":[{"href":"https:\/\/olemosaic.orbitalia.org\/fr\/wp-json\/wp\/v2\/product"}],"about":[{"href":"https:\/\/olemosaic.orbitalia.org\/fr\/wp-json\/wp\/v2\/types\/product"}],"wp:featuredmedia":[{"embeddable":true,"href":"https:\/\/olemosaic.orbitalia.org\/fr\/wp-json\/wp\/v2\/media\/14084"}],"wp:attachment":[{"href":"https:\/\/olemosaic.orbitalia.org\/fr\/wp-json\/wp\/v2\/media?parent=36115"}],"wp:term":[{"taxonomy":"product_brand","embeddable":true,"href":"https:\/\/olemosaic.orbitalia.org\/fr\/wp-json\/wp\/v2\/product_brand?post=36115"},{"taxonomy":"product_cat","embeddable":true,"href":"https:\/\/olemosaic.orbitalia.org\/fr\/wp-json\/wp\/v2\/product_cat?post=36115"},{"taxonomy":"product_tag","embeddable":true,"href":"https:\/\/olemosaic.orbitalia.org\/fr\/wp-json\/wp\/v2\/product_tag?post=36115"}],"curies":[{"name":"wp","href":"https:\/\/api.w.org\/{rel}","templated":true}]}}