{"id":36108,"date":"2025-02-20T23:38:05","date_gmt":"2025-02-20T22:38:05","guid":{"rendered":"https:\/\/olemosaic.orbitalia.org\/producto\/iman-de-resina-letrero-marbella-11-cm\/"},"modified":"2025-07-25T18:49:02","modified_gmt":"2025-07-25T16:49:02","slug":"aimant-resine-enseigne-marbella-11-cm","status":"publish","type":"product","link":"https:\/\/olemosaic.orbitalia.org\/fr\/produit\/aimant-resine-enseigne-marbella-11-cm\/","title":{"rendered":"Aimant en r\u00e9sine. Enseigne. Marbella. 11 cm."},"content":{"rendered":"<p>Cet aimant en r\u00e9sine avec le mot \u00ab\u00a0MARBELLA\u00a0\u00bb est un souvenir authentique qui capture l&rsquo;essence vibrante de cette c\u00e9l\u00e8bre ville c\u00f4ti\u00e8re andalouse. D&rsquo;une dimension de 11 cm, cet aimant color\u00e9 pr\u00e9sente un fond blanc orn\u00e9 d&rsquo;une mosa\u00efque multicolore, \u00e9voquant les c\u00e9ramiques traditionnelles de la r\u00e9gion et l&rsquo;esprit joyeux du littoral espagnol. Les lettres de l&rsquo;enseigne sont con\u00e7ues dans des tons vifs, allant du bleu intense au rouge \u00e9clatant, cr\u00e9ant une esth\u00e9tique fra\u00eeche et exub\u00e9rante qui renforce son attrait visuel. De plus, le design inclut des d\u00e9tails d\u00e9licats simulant un style de c\u00e9ramique typiquement andalou, ce qui ajoute une touche artistique et authentique \u00e0 l&rsquo;aimant.<\/p>\n<p>Parfait pour d\u00e9corer les r\u00e9frig\u00e9rateurs, les tableaux blancs ou toute surface m\u00e9tallique, cet aimant ne sert pas seulement d&rsquo;accessoire pratique, mais agit \u00e9galement comme un rappel constant des plages impressionnantes, de l&rsquo;ambiance vibrante et de la riche culture de Marbella. Chez Ol\u00e9 Mosaic, nous nous consacrons \u00e0 la distribution de souvenirs en gros qui c\u00e9l\u00e8brent la diversit\u00e9 du patrimoine espagnol. Cet aimant de Marbella est une excellente option pour les commerces et les boutiques de cadeaux touristiques cherchant \u00e0 offrir des produits authentiques et repr\u00e9sentatifs de la r\u00e9gion. Il s&rsquo;agit, sans aucun doute, d&rsquo;un souvenir id\u00e9al pour les touristes souhaitant emporter un petit morceau de la Costa del Sol.<\/p>\n","protected":false},"excerpt":{"rendered":"<p>Aimant en forme d&rsquo;enseigne portant l&rsquo;inscription \u00ab\u00a0MARBELLA\u00a0\u00bb en couleurs vibrantes. Ce souvenir attrayant se distingue par son design joyeux et color\u00e9, inspir\u00e9 du c\u00e9l\u00e8bre style de mosa\u00efques qui caract\u00e9rise la c\u00f4te andalouse. Il mesure 11 cm et pr\u00e9sente un fond blanc avec des d\u00e9tails en c\u00e9ramique multicolore, \u00e9voquant l&rsquo;essence de l&rsquo;art andalou. C&rsquo;est le compl\u00e9ment parfait pour d\u00e9corer les r\u00e9frig\u00e9rateurs ou les surfaces m\u00e9talliques, rappelant la beaut\u00e9 de Marbella.<\/p>\n","protected":false},"featured_media":14082,"template":"","meta":{"_acf_changed":false},"product_brand":[],"product_cat":[697],"product_tag":[],"class_list":{"0":"post-36108","1":"product","2":"type-product","3":"status-publish","4":"has-post-thumbnail","6":"product_cat-aimants","7":"pa_ciudad-marbella","8":"pa_motivo-panneaux-villes","9":"pa_pais-espana","11":"first","12":"instock","13":"shipping-taxable","14":"product-type-simple"},"acf":[],"_links":{"self":[{"href":"https:\/\/olemosaic.orbitalia.org\/fr\/wp-json\/wp\/v2\/product\/36108","targetHints":{"allow":["GET"]}}],"collection":[{"href":"https:\/\/olemosaic.orbitalia.org\/fr\/wp-json\/wp\/v2\/product"}],"about":[{"href":"https:\/\/olemosaic.orbitalia.org\/fr\/wp-json\/wp\/v2\/types\/product"}],"wp:featuredmedia":[{"embeddable":true,"href":"https:\/\/olemosaic.orbitalia.org\/fr\/wp-json\/wp\/v2\/media\/14082"}],"wp:attachment":[{"href":"https:\/\/olemosaic.orbitalia.org\/fr\/wp-json\/wp\/v2\/media?parent=36108"}],"wp:term":[{"taxonomy":"product_brand","embeddable":true,"href":"https:\/\/olemosaic.orbitalia.org\/fr\/wp-json\/wp\/v2\/product_brand?post=36108"},{"taxonomy":"product_cat","embeddable":true,"href":"https:\/\/olemosaic.orbitalia.org\/fr\/wp-json\/wp\/v2\/product_cat?post=36108"},{"taxonomy":"product_tag","embeddable":true,"href":"https:\/\/olemosaic.orbitalia.org\/fr\/wp-json\/wp\/v2\/product_tag?post=36108"}],"curies":[{"name":"wp","href":"https:\/\/api.w.org\/{rel}","templated":true}]}}