{"id":36105,"date":"2025-02-20T23:38:04","date_gmt":"2025-02-20T22:38:04","guid":{"rendered":"https:\/\/olemosaic.orbitalia.org\/producto\/iman-de-resina-letrero-tenerife-azul-11-cm\/"},"modified":"2025-07-25T19:29:57","modified_gmt":"2025-07-25T17:29:57","slug":"aimant-resine-enseigne-tenerife-bleu-11-cm","status":"publish","type":"product","link":"https:\/\/olemosaic.orbitalia.org\/fr\/produit\/aimant-resine-enseigne-tenerife-bleu-11-cm\/","title":{"rendered":"Aimant en r\u00e9sine. Enseigne. Tenerife. Bleu. 11 cm."},"content":{"rendered":"<p>Cet aimant en r\u00e9sine en forme d&rsquo;enseigne est un charmant souvenir de Tenerife qui capture l&rsquo;essence vibrante de cette \u00eele des Canaries. D&rsquo;une taille de 11 cm, il pr\u00e9sente le mot \u00ab\u00a0TENERIFE\u00a0\u00bb en lettres color\u00e9es, \u00e9voquant la joie et la diversit\u00e9 culturelle de la r\u00e9gion. Le fond bleu vibrant est con\u00e7u avec des textures rappelant l&rsquo;art traditionnel de la mosa\u00efque canarienne, \u00e9voquant les azulejos iconiques qui ornent de nombreux b\u00e2timents de l&rsquo;\u00eele. \u00c0 l&rsquo;extr\u00e9mit\u00e9 droite, un sympathique l\u00e9zard, symbole de la faune locale, ajoute une touche ludique et authentique \u00e0 la pi\u00e8ce. Cet aimant n&rsquo;est pas seulement un \u00e9l\u00e9ment d\u00e9coratif attrayant, mais aussi un souvenir id\u00e9al pour ceux qui souhaitent ramener un morceau de la beaut\u00e9 des \u00eeles Canaries chez eux. Son esth\u00e9tique, alliant modernit\u00e9 et tradition, en fait un excellent souvenir pour les touristes \u00e0 la recherche de produits repr\u00e9sentatifs de Tenerife. Chez Ol\u00e9 Mosaic, en tant que distributeurs de souvenirs en gros, nous proposons des aimants authentiques qui refl\u00e8tent la culture et le charme de l&rsquo;Espagne. Ce produit est un excellent choix pour les boutiques de cadeaux touristiques souhaitant offrir des articles de qualit\u00e9 avec une signification culturelle.<\/p>\n","protected":false},"excerpt":{"rendered":"<p>Aimant en forme d&rsquo;enseigne mettant en valeur le mot \u00ab\u00a0TENERIFE\u00a0\u00bb en lettres color\u00e9es sur un fond bleu vibrant. Ce produit de 11 cm pr\u00e9sente un design \u00e9voquant l&rsquo;art de la mosa\u00efque traditionnelle, avec des textures rappelant les azulejos canariens. Son esth\u00e9tique est compl\u00e9t\u00e9e par un sympathique l\u00e9zard sur l&rsquo;extr\u00e9mit\u00e9 droite, symbolisant la faune locale. Id\u00e9al pour ramener un morceau de Tenerife \u00e0 la maison et se souvenir de la beaut\u00e9 des \u00eeles Canaries.<\/p>\n","protected":false},"featured_media":14079,"template":"","meta":{"_acf_changed":false},"product_brand":[],"product_cat":[697],"product_tag":[],"class_list":{"0":"post-36105","1":"product","2":"type-product","3":"status-publish","4":"has-post-thumbnail","6":"product_cat-aimants","7":"pa_ciudad-tenerife","8":"pa_motivo-panneaux-villes","9":"pa_pais-espana","11":"first","12":"instock","13":"shipping-taxable","14":"product-type-simple"},"acf":[],"_links":{"self":[{"href":"https:\/\/olemosaic.orbitalia.org\/fr\/wp-json\/wp\/v2\/product\/36105","targetHints":{"allow":["GET"]}}],"collection":[{"href":"https:\/\/olemosaic.orbitalia.org\/fr\/wp-json\/wp\/v2\/product"}],"about":[{"href":"https:\/\/olemosaic.orbitalia.org\/fr\/wp-json\/wp\/v2\/types\/product"}],"wp:featuredmedia":[{"embeddable":true,"href":"https:\/\/olemosaic.orbitalia.org\/fr\/wp-json\/wp\/v2\/media\/14079"}],"wp:attachment":[{"href":"https:\/\/olemosaic.orbitalia.org\/fr\/wp-json\/wp\/v2\/media?parent=36105"}],"wp:term":[{"taxonomy":"product_brand","embeddable":true,"href":"https:\/\/olemosaic.orbitalia.org\/fr\/wp-json\/wp\/v2\/product_brand?post=36105"},{"taxonomy":"product_cat","embeddable":true,"href":"https:\/\/olemosaic.orbitalia.org\/fr\/wp-json\/wp\/v2\/product_cat?post=36105"},{"taxonomy":"product_tag","embeddable":true,"href":"https:\/\/olemosaic.orbitalia.org\/fr\/wp-json\/wp\/v2\/product_tag?post=36105"}],"curies":[{"name":"wp","href":"https:\/\/api.w.org\/{rel}","templated":true}]}}