{"id":36104,"date":"2025-02-20T23:38:04","date_gmt":"2025-02-20T22:38:04","guid":{"rendered":"https:\/\/olemosaic.orbitalia.org\/producto\/iman-de-resina-letrero-barcelona-11-cm-3\/"},"modified":"2025-07-25T18:48:51","modified_gmt":"2025-07-25T16:48:51","slug":"aimant-resine-enseigne-mosaique-barcelone-11-cm","status":"publish","type":"product","link":"https:\/\/olemosaic.orbitalia.org\/fr\/produit\/aimant-resine-enseigne-mosaique-barcelone-11-cm\/","title":{"rendered":"Aimant en r\u00e9sine. Enseigne. Mosa\u00efque. Barcelone. 11 cm."},"content":{"rendered":"<p>Cet aimant en r\u00e9sine en forme d&rsquo;enseigne \u00ab\u00a0Barcelone\u00a0\u00bb est un souvenir vibrant et authentique de la capitale catalane, parfait pour ceux qui souhaitent ramener un morceau de cette ville fascinante chez eux. D&rsquo;une dimension de 11 cm, cet aimant se distingue par son design \u00e9voquant les \u0153uvres d&rsquo;art color\u00e9es en mosa\u00efque de Gaud\u00ed, caract\u00e9ristiques de l&rsquo;architecture moderniste barcelonaise. Le fond, aux nuances grises, contraste magnifiquement avec les lettres de l&rsquo;enseigne, qui brillent de couleurs vives comme le rouge, le jaune, le vert et le bleu, capturant l&rsquo;essence dynamique et joyeuse de la ville.<\/p>\n<p>Chaque lettre du nom \u00ab\u00a0Barcelone\u00a0\u00bb est encadr\u00e9e par un fond imitant les c\u00e9ramiques en mosa\u00efque, un symbole iconique que tout le monde associe au Park G\u00fcell et \u00e0 d&rsquo;autres coins embl\u00e9matiques de la ville. L&rsquo;inclusion d&rsquo;\u00e9l\u00e9ments d\u00e9coratifs rappelant l&rsquo;art de Gaud\u00ed renforce la connexion culturelle de ce souvenir, en faisant un excellent cadeau pour les touristes et les amateurs d&rsquo;architecture.<\/p>\n<p>Parfait pour orner toute surface m\u00e9tallique \u00e0 la maison, cet aimant ne sert pas seulement d&rsquo;objet d\u00e9coratif utile, mais aussi de rappel permanent des moments v\u00e9cus \u00e0 Barcelone. Chez Ol\u00e9 Mosaic, nous sommes sp\u00e9cialis\u00e9s dans la distribution de souvenirs en r\u00e9sine en gros, offrant des produits authentiques qui repr\u00e9sentent le riche h\u00e9ritage culturel de l&rsquo;Espagne. Cet aimant est un choix id\u00e9al pour les commerces \u00e0 la recherche de souvenirs de Barcelone uniques et color\u00e9s.<\/p>\n","protected":false},"excerpt":{"rendered":"<p>Aimant en forme d&rsquo;enseigne mettant en valeur le nom \u00ab\u00a0Barcelone\u00a0\u00bb en couleurs vives, avec un design imitant la mosa\u00efque caract\u00e9ristique de la ville. D&rsquo;une dimension de 11 cm, il pr\u00e9sente un fond gris\u00e2tre et des \u00e9l\u00e9ments d\u00e9coratifs en jaune, rouge et vert \u00e9voquant l&rsquo;art de Gaud\u00ed. Cet aimant est id\u00e9al pour personnaliser toute surface m\u00e9tallique et se souvenir du charme de la capitale catalane.<\/p>\n","protected":false},"featured_media":14078,"template":"","meta":{"_acf_changed":false},"product_brand":[],"product_cat":[697],"product_tag":[],"class_list":{"0":"post-36104","1":"product","2":"type-product","3":"status-publish","4":"has-post-thumbnail","6":"product_cat-aimants","7":"pa_ciudad-barcelona","8":"pa_motivo-panneaux-villes","9":"pa_pais-espana","11":"first","12":"instock","13":"shipping-taxable","14":"product-type-simple"},"acf":[],"_links":{"self":[{"href":"https:\/\/olemosaic.orbitalia.org\/fr\/wp-json\/wp\/v2\/product\/36104","targetHints":{"allow":["GET"]}}],"collection":[{"href":"https:\/\/olemosaic.orbitalia.org\/fr\/wp-json\/wp\/v2\/product"}],"about":[{"href":"https:\/\/olemosaic.orbitalia.org\/fr\/wp-json\/wp\/v2\/types\/product"}],"wp:featuredmedia":[{"embeddable":true,"href":"https:\/\/olemosaic.orbitalia.org\/fr\/wp-json\/wp\/v2\/media\/14078"}],"wp:attachment":[{"href":"https:\/\/olemosaic.orbitalia.org\/fr\/wp-json\/wp\/v2\/media?parent=36104"}],"wp:term":[{"taxonomy":"product_brand","embeddable":true,"href":"https:\/\/olemosaic.orbitalia.org\/fr\/wp-json\/wp\/v2\/product_brand?post=36104"},{"taxonomy":"product_cat","embeddable":true,"href":"https:\/\/olemosaic.orbitalia.org\/fr\/wp-json\/wp\/v2\/product_cat?post=36104"},{"taxonomy":"product_tag","embeddable":true,"href":"https:\/\/olemosaic.orbitalia.org\/fr\/wp-json\/wp\/v2\/product_tag?post=36104"}],"curies":[{"name":"wp","href":"https:\/\/api.w.org\/{rel}","templated":true}]}}