{"id":36097,"date":"2025-02-20T23:38:04","date_gmt":"2025-02-20T22:38:04","guid":{"rendered":"https:\/\/olemosaic.orbitalia.org\/producto\/iman-de-resina-letrero-pamplona-11-cm\/"},"modified":"2025-07-25T19:38:27","modified_gmt":"2025-07-25T17:38:27","slug":"aimant-resine-enseigne-pampelune-11-cm","status":"publish","type":"product","link":"https:\/\/olemosaic.orbitalia.org\/fr\/produit\/aimant-resine-enseigne-pampelune-11-cm\/","title":{"rendered":"Aimant en r\u00e9sine. Enseigne. Pampelune. 11 cm."},"content":{"rendered":"<p>Cet aimant en r\u00e9sine en forme d&rsquo;enseigne \u00ab\u00a0Pamplona\u00a0\u00bb est un souvenir vibrant et attrayant qui capture l&rsquo;essence festive de cette ville embl\u00e9matique de Navarre. Avec des dimensions de 11 cm, cet aimant color\u00e9 pr\u00e9sente un design moderne, o\u00f9 les lettres du mot \u00ab\u00a0Pamplona\u00a0\u00bb sont rehauss\u00e9es de tons vifs de bleu, rouge, vert et jaune, insufflant joie et dynamisme \u00e0 n&rsquo;importe quel espace. Accompagnant ce mot, un sympathique taureau multicolore s&rsquo;int\u00e8gre au design, symbolisant la tradition taurine qui caract\u00e9rise les c\u00e9l\u00e8bres f\u00eates de San Ferm\u00edn, c\u00e9l\u00e9br\u00e9es chaque mois de juillet dans la ville.<\/p>\n<p>Le fond blanc pr\u00e9sente un d\u00e9licat motif de mosa\u00efque qui fait ressortir davantage la vivacit\u00e9 des couleurs et apporte une touche artistique \u00e0 l&rsquo;ensemble. Cet aimant n&rsquo;est pas seulement d\u00e9coratif, il s&rsquo;\u00e9rige \u00e9galement comme un symbole repr\u00e9sentatif de la culture navarraise et des f\u00eates qui \u00e9voquent l&rsquo;esprit festif de Pampelune. Parfait comme souvenir, cet aimant sera un excellent rappel pour ceux qui visitent cette ville historique et cherchent \u00e0 emporter un morceau de son essence. Chez Ol\u00e9 Mosaic, nous nous sp\u00e9cialisons dans la distribution de souvenirs en gros, offrant une grande vari\u00e9t\u00e9 de produits qui mettent en avant l&rsquo;authenticit\u00e9 et la valeur culturelle de chaque r\u00e9gion. Cet aimant de Pampelune est une option id\u00e9ale pour les boutiques de cadeaux touristiques souhaitant proposer des souvenirs frappants et repr\u00e9sentatifs de la riche tradition espagnole.<\/p>\n","protected":false},"excerpt":{"rendered":"<p>Aimant en forme de panneau portant l&rsquo;inscription \u00ab\u00a0Pamplona\u00a0\u00bb, de 11 cm. Cet aimant color\u00e9 pr\u00e9sente un design attrayant et moderne, avec des lettres dans des tons vibrants tels que le bleu, le rouge, le vert et le jaune, et un sympathique taureau multicolore repr\u00e9sentant l&rsquo;essence festive de la ville. Le fond blanc avec des d\u00e9tails de mosa\u00efque fait ressortir les couleurs, en faisant un souvenir id\u00e9al pour \u00e9voquer la tradition de San Ferm\u00edn et le charme de la Navarre.<\/p>\n","protected":false},"featured_media":14076,"template":"","meta":{"_acf_changed":false},"product_brand":[],"product_cat":[697],"product_tag":[530],"class_list":{"0":"post-36097","1":"product","2":"type-product","3":"status-publish","4":"has-post-thumbnail","6":"product_cat-aimants","7":"product_tag-animaux","8":"pa_ciudad-pamplona","9":"pa_motivo-panneaux-villes","10":"pa_pais-espana","12":"first","13":"instock","14":"shipping-taxable","15":"product-type-simple"},"acf":[],"_links":{"self":[{"href":"https:\/\/olemosaic.orbitalia.org\/fr\/wp-json\/wp\/v2\/product\/36097","targetHints":{"allow":["GET"]}}],"collection":[{"href":"https:\/\/olemosaic.orbitalia.org\/fr\/wp-json\/wp\/v2\/product"}],"about":[{"href":"https:\/\/olemosaic.orbitalia.org\/fr\/wp-json\/wp\/v2\/types\/product"}],"wp:featuredmedia":[{"embeddable":true,"href":"https:\/\/olemosaic.orbitalia.org\/fr\/wp-json\/wp\/v2\/media\/14076"}],"wp:attachment":[{"href":"https:\/\/olemosaic.orbitalia.org\/fr\/wp-json\/wp\/v2\/media?parent=36097"}],"wp:term":[{"taxonomy":"product_brand","embeddable":true,"href":"https:\/\/olemosaic.orbitalia.org\/fr\/wp-json\/wp\/v2\/product_brand?post=36097"},{"taxonomy":"product_cat","embeddable":true,"href":"https:\/\/olemosaic.orbitalia.org\/fr\/wp-json\/wp\/v2\/product_cat?post=36097"},{"taxonomy":"product_tag","embeddable":true,"href":"https:\/\/olemosaic.orbitalia.org\/fr\/wp-json\/wp\/v2\/product_tag?post=36097"}],"curies":[{"name":"wp","href":"https:\/\/api.w.org\/{rel}","templated":true}]}}