{"id":36095,"date":"2025-02-20T23:38:03","date_gmt":"2025-02-20T22:38:03","guid":{"rendered":"https:\/\/olemosaic.orbitalia.org\/producto\/iman-de-resina-letrero-madrid-azul\/"},"modified":"2025-07-25T18:52:26","modified_gmt":"2025-07-25T16:52:26","slug":"aimant-resine-enseigne-madrid-bleu","status":"publish","type":"product","link":"https:\/\/olemosaic.orbitalia.org\/fr\/produit\/aimant-resine-enseigne-madrid-bleu\/","title":{"rendered":"Aimant en r\u00e9sine. Enseigne. Madrid. Bleu."},"content":{"rendered":"<p>Cet aimant en r\u00e9sine en forme d&rsquo;enseigne \u00ab\u00a0Madrid\u00a0\u00bb est une pi\u00e8ce vibrante et color\u00e9e qui capture l&rsquo;essence de la capitale espagnole. Con\u00e7u sur un fond bleu \u00e9voquant le style trencad\u00eds, cet aimant est id\u00e9al pour ceux qui souhaitent emporter un souvenir authentique de Madrid partout avec eux. Le mot \u00ab\u00a0Madrid\u00a0\u00bb se d\u00e9tache en lettres larges et dynamiques, avec une palette de couleurs comprenant des jaunes, des verts et des roses, apportant une touche moderne et amusante qui refl\u00e8te l&rsquo;\u00e9nergie de la ville.<\/p>\n<p>En compl\u00e9ment de son design attrayant, l&rsquo;aimant pr\u00e9sente un taureau en c\u00e9ramique comme symbole de la riche culture et des traditions espagnoles. Cet animal embl\u00e9matique, pr\u00e9sent dans des c\u00e9l\u00e9brations telles que les corridas et les f\u00eates populaires, ajoute un \u00e9l\u00e9ment culturel significatif, faisant de cet aimant non seulement un souvenir, mais une petite \u0153uvre d&rsquo;art repr\u00e9sentant l&rsquo;identit\u00e9 espagnole.<\/p>\n<p>En tant que souvenir de Madrid, cet aimant est parfait pour les touristes \u00e0 la recherche de plus qu&rsquo;un simple souvenir. Chez Ol\u00e9 Mosaic, nous nous sp\u00e9cialisons dans la distribution de souvenirs en gros, garantissant l&rsquo;authenticit\u00e9 et la qualit\u00e9 de nos produits. Cet aimant en r\u00e9sine t\u00e9moigne non seulement de l&rsquo;histoire de la capitale, mais fonctionne \u00e9galement comme un charmant d\u00e9tail d\u00e9coratif pour n&rsquo;importe quelle maison.<\/p>\n","protected":false},"excerpt":{"rendered":"<p>Aimant en forme d&rsquo;enseigne avec le nom \u00ab\u00a0Madrid\u00a0\u00bb. Le design, avec un fond bleu vibrant rappelant le style trencad\u00eds, comprend un taureau en c\u00e9ramique color\u00e9, symbole de la culture espagnole, et des lettres frappantes dans des tons jaunes, verts et roses, qui lui donnent une touche amusante et moderne. Un souvenir parfait de la capitale espagnole \u00e0 emporter partout.<\/p>\n","protected":false},"featured_media":14074,"template":"","meta":{"_acf_changed":false},"product_brand":[],"product_cat":[697],"product_tag":[530],"class_list":{"0":"post-36095","1":"product","2":"type-product","3":"status-publish","4":"has-post-thumbnail","6":"product_cat-aimants","7":"product_tag-animaux","8":"pa_ciudad-madrid","9":"pa_motivo-panneaux-villes","10":"pa_pais-espana","12":"first","13":"instock","14":"shipping-taxable","15":"product-type-simple"},"acf":[],"_links":{"self":[{"href":"https:\/\/olemosaic.orbitalia.org\/fr\/wp-json\/wp\/v2\/product\/36095","targetHints":{"allow":["GET"]}}],"collection":[{"href":"https:\/\/olemosaic.orbitalia.org\/fr\/wp-json\/wp\/v2\/product"}],"about":[{"href":"https:\/\/olemosaic.orbitalia.org\/fr\/wp-json\/wp\/v2\/types\/product"}],"wp:featuredmedia":[{"embeddable":true,"href":"https:\/\/olemosaic.orbitalia.org\/fr\/wp-json\/wp\/v2\/media\/14074"}],"wp:attachment":[{"href":"https:\/\/olemosaic.orbitalia.org\/fr\/wp-json\/wp\/v2\/media?parent=36095"}],"wp:term":[{"taxonomy":"product_brand","embeddable":true,"href":"https:\/\/olemosaic.orbitalia.org\/fr\/wp-json\/wp\/v2\/product_brand?post=36095"},{"taxonomy":"product_cat","embeddable":true,"href":"https:\/\/olemosaic.orbitalia.org\/fr\/wp-json\/wp\/v2\/product_cat?post=36095"},{"taxonomy":"product_tag","embeddable":true,"href":"https:\/\/olemosaic.orbitalia.org\/fr\/wp-json\/wp\/v2\/product_tag?post=36095"}],"curies":[{"name":"wp","href":"https:\/\/api.w.org\/{rel}","templated":true}]}}