{"id":36094,"date":"2025-02-20T23:38:03","date_gmt":"2025-02-20T22:38:03","guid":{"rendered":"https:\/\/olemosaic.orbitalia.org\/producto\/iman-de-resina-letrero-barcelona-azul\/"},"modified":"2025-07-25T19:01:16","modified_gmt":"2025-07-25T17:01:16","slug":"aimant-resine-enseigne-barcelone-bleu","status":"publish","type":"product","link":"https:\/\/olemosaic.orbitalia.org\/fr\/produit\/aimant-resine-enseigne-barcelone-bleu\/","title":{"rendered":"Aimant en r\u00e9sine. Enseigne. Barcelone. Bleu."},"content":{"rendered":"<p>Cet aimant en r\u00e9sine, en forme d&rsquo;enseigne, est un souvenir color\u00e9 et vibrant de la ville embl\u00e9matique de Barcelone. Avec le nom \u00ab\u00a0Barcelone\u00a0\u00bb mis en valeur par des lettres frappantes et joyeuses, il \u00e9voque les mosa\u00efques embl\u00e9matiques qui ornent la cit\u00e9 comtale, sur un fond bleu rappelant le c\u00e9l\u00e8bre carreau moderniste. Le design met en avant un charmant l\u00e9zard, symbole du style artistique d&rsquo;Antoni Gaud\u00ed, qui ajoute une touche ludique et authentique \u00e0 la pi\u00e8ce. Les d\u00e9tails des lettres, soigneusement \u00e9labor\u00e9s, pr\u00e9sentent un m\u00e9lange de couleurs qui soulignent la vitalit\u00e9 et la cr\u00e9ativit\u00e9 de la culture barcelonaise.<\/p>\n<p>Cet aimant n&rsquo;est pas seulement un accessoire d\u00e9coratif pour la maison, mais aussi un morceau d&rsquo;histoire et d&rsquo;art qui capture l&rsquo;essence de la Sagrada Familia et du modernisme catalan. C&rsquo;est un souvenir parfait pour ceux qui souhaitent emporter un souvenir authentique de leur visite \u00e0 Barcelone, faisant \u00e9cho \u00e0 la beaut\u00e9 architecturale et au riche patrimoine culturel que la ville offre. Chez Ol\u00e9 Mosaic, nous sommes fiers d&rsquo;\u00eatre des distributeurs de souvenirs en gros, proposant des produits qui ne sont pas seulement attrayants, mais qui ont \u00e9galement une valeur culturelle significative. Cet aimant est une excellente option pour les boutiques de cadeaux touristiques \u00e0 la recherche d&rsquo;articles repr\u00e9sentatifs et de qualit\u00e9 qui raviront leurs clients.<\/p>\n","protected":false},"excerpt":{"rendered":"<p>Aimant en forme d&rsquo;enseigne affichant le nom \u00ab\u00a0Barcelone\u00a0\u00bb en lettres color\u00e9es sur un fond bleu, \u00e9voquant les mosa\u00efques vibrantes de la ville. Cet aimant attrayant pr\u00e9sente un design joyeux et color\u00e9, avec des motifs d\u00e9coratifs d&rsquo;un l\u00e9zard, typiques de l&rsquo;art de Gaud\u00ed. Id\u00e9al pour les collectionneurs et comme souvenir refl\u00e9tant l&rsquo;essence de la Sagrada Familia et du modernisme catalan.<\/p>\n","protected":false},"featured_media":14073,"template":"","meta":{"_acf_changed":false},"product_brand":[],"product_cat":[697],"product_tag":[],"class_list":{"0":"post-36094","1":"product","2":"type-product","3":"status-publish","4":"has-post-thumbnail","6":"product_cat-aimants","7":"pa_ciudad-barcelona","8":"pa_motivo-panneaux-villes","9":"pa_pais-espana","11":"first","12":"instock","13":"shipping-taxable","14":"product-type-simple"},"acf":[],"_links":{"self":[{"href":"https:\/\/olemosaic.orbitalia.org\/fr\/wp-json\/wp\/v2\/product\/36094","targetHints":{"allow":["GET"]}}],"collection":[{"href":"https:\/\/olemosaic.orbitalia.org\/fr\/wp-json\/wp\/v2\/product"}],"about":[{"href":"https:\/\/olemosaic.orbitalia.org\/fr\/wp-json\/wp\/v2\/types\/product"}],"wp:featuredmedia":[{"embeddable":true,"href":"https:\/\/olemosaic.orbitalia.org\/fr\/wp-json\/wp\/v2\/media\/14073"}],"wp:attachment":[{"href":"https:\/\/olemosaic.orbitalia.org\/fr\/wp-json\/wp\/v2\/media?parent=36094"}],"wp:term":[{"taxonomy":"product_brand","embeddable":true,"href":"https:\/\/olemosaic.orbitalia.org\/fr\/wp-json\/wp\/v2\/product_brand?post=36094"},{"taxonomy":"product_cat","embeddable":true,"href":"https:\/\/olemosaic.orbitalia.org\/fr\/wp-json\/wp\/v2\/product_cat?post=36094"},{"taxonomy":"product_tag","embeddable":true,"href":"https:\/\/olemosaic.orbitalia.org\/fr\/wp-json\/wp\/v2\/product_tag?post=36094"}],"curies":[{"name":"wp","href":"https:\/\/api.w.org\/{rel}","templated":true}]}}