{"id":36072,"date":"2025-02-20T23:38:03","date_gmt":"2025-02-20T22:38:03","guid":{"rendered":"https:\/\/olemosaic.orbitalia.org\/producto\/iman-de-resina-gato-barcelona-75-cm\/"},"modified":"2025-07-25T20:18:25","modified_gmt":"2025-07-25T18:18:25","slug":"aimant-en-resine-chat-barcelone-7-5-cm","status":"publish","type":"product","link":"https:\/\/olemosaic.orbitalia.org\/fr\/produit\/aimant-en-resine-chat-barcelone-7-5-cm\/","title":{"rendered":"Aimant en r\u00e9sine. Chat. Barcelone. 7,5 cm."},"content":{"rendered":"<p>Cet aimant en r\u00e9sine en forme de chat est un charmant souvenir de Barcelone qui capture l&rsquo;essence ludique et artistique de la ville. Avec une taille de 7,5 cm, cet aimant attrayant pr\u00e9sente une palette de couleurs vibrantes qui inclut des bleus, des rouges, des jaunes et des verts, \u00e9voquant l&rsquo;\u0153uvre c\u00e9l\u00e8bre de l&rsquo;architecte Antoni Gaud\u00ed, symbole du modernisme catalan. La figure du chat, un animal qui repr\u00e9sente souvent la joie et la nature dans la culture locale, est con\u00e7ue avec un style qui rappelle le c\u00e9l\u00e8bre trencad\u00eds, une mosa\u00efque caract\u00e9ristique de l&rsquo;architecture de Gaud\u00ed, refl\u00e9tant la cr\u00e9ativit\u00e9 et la singularit\u00e9 de Barcelone.<\/p>\n<p>Le fond de l&rsquo;aimant, avec sa finition en trencad\u00eds, compl\u00e8te parfaitement le design du chat, cr\u00e9ant un contraste visuel qui souligne la beaut\u00e9 de chacun des tons. Cet aimant n&rsquo;est pas seulement un ornement fonctionnel, mais aussi un rappel vibrant des ruelles et des places de Barcelone, o\u00f9 l&rsquo;architecture s&rsquo;entrelace avec la vie quotidienne. C&rsquo;est une excellente option pour ceux qui recherchent des souvenirs de la ville, id\u00e9al pour emporter un morceau de Barcelone dans leur foyer.<\/p>\n<p>Chez Ol\u00e9 Mosaic, nous distribuons des souvenirs de qualit\u00e9 en gros qui repr\u00e9sentent la riche culture espagnole. Cet aimant est une option attrayante pour les boutiques de cadeaux touristiques qui souhaitent offrir des produits authentiques c\u00e9l\u00e9brant l&rsquo;h\u00e9ritage culturel de Barcelone. Offrir ou acqu\u00e9rir cet aimant de chat ne signifie pas seulement emporter un souvenir, mais aussi un morceau de l&rsquo;histoire et de l&rsquo;art qui d\u00e9finissent cette ville embl\u00e9matique.<\/p>\n","protected":false},"excerpt":{"rendered":"<p>Aimant en forme de chat, inspir\u00e9 de l&rsquo;art de la mosa\u00efque de Barcelone, de 7,5 cm. Cet aimant attrayant pr\u00e9sente une palette de couleurs vibrantes, avec des bleus, des rouges, des jaunes et des verts, qui capturent l&rsquo;essence ludique de la ville. La figure du chat, symbole de la culture locale, est con\u00e7ue avec un style qui rappelle les \u0153uvres de Gaud\u00ed, se d\u00e9tachant sur un fond de trencad\u00eds qui compl\u00e8te l&rsquo;esth\u00e9tique color\u00e9e. Parfait pour emporter un morceau de Barcelone chez vous.<\/p>\n","protected":false},"featured_media":14071,"template":"","meta":{"_acf_changed":false},"product_brand":[],"product_cat":[697],"product_tag":[530],"class_list":{"0":"post-36072","1":"product","2":"type-product","3":"status-publish","4":"has-post-thumbnail","6":"product_cat-aimants","7":"product_tag-animaux","8":"pa_ciudad-barcelona","9":"pa_motivo-chats","10":"pa_pais-espana","12":"first","13":"instock","14":"shipping-taxable","15":"product-type-simple"},"acf":[],"_links":{"self":[{"href":"https:\/\/olemosaic.orbitalia.org\/fr\/wp-json\/wp\/v2\/product\/36072","targetHints":{"allow":["GET"]}}],"collection":[{"href":"https:\/\/olemosaic.orbitalia.org\/fr\/wp-json\/wp\/v2\/product"}],"about":[{"href":"https:\/\/olemosaic.orbitalia.org\/fr\/wp-json\/wp\/v2\/types\/product"}],"wp:featuredmedia":[{"embeddable":true,"href":"https:\/\/olemosaic.orbitalia.org\/fr\/wp-json\/wp\/v2\/media\/14071"}],"wp:attachment":[{"href":"https:\/\/olemosaic.orbitalia.org\/fr\/wp-json\/wp\/v2\/media?parent=36072"}],"wp:term":[{"taxonomy":"product_brand","embeddable":true,"href":"https:\/\/olemosaic.orbitalia.org\/fr\/wp-json\/wp\/v2\/product_brand?post=36072"},{"taxonomy":"product_cat","embeddable":true,"href":"https:\/\/olemosaic.orbitalia.org\/fr\/wp-json\/wp\/v2\/product_cat?post=36072"},{"taxonomy":"product_tag","embeddable":true,"href":"https:\/\/olemosaic.orbitalia.org\/fr\/wp-json\/wp\/v2\/product_tag?post=36072"}],"curies":[{"name":"wp","href":"https:\/\/api.w.org\/{rel}","templated":true}]}}