{"id":36053,"date":"2025-02-20T23:38:02","date_gmt":"2025-02-20T22:38:02","guid":{"rendered":"https:\/\/olemosaic.orbitalia.org\/producto\/iman-de-resina-letrero-pamplona\/"},"modified":"2025-07-25T20:15:33","modified_gmt":"2025-07-25T18:15:33","slug":"aimant-resine-enseigne-pampelune","status":"publish","type":"product","link":"https:\/\/olemosaic.orbitalia.org\/fr\/produit\/aimant-resine-enseigne-pampelune\/","title":{"rendered":"Aimant en r\u00e9sine. Enseigne. Pampelune."},"content":{"rendered":"<p>Cet aimant d\u00e9coratif en r\u00e9sine, avec l&rsquo;inscription vibrante \u00ab\u00a0Pamplona\u00a0\u00bb, est une pi\u00e8ce exceptionnelle qui capture l&rsquo;essence de cette ville historique espagnole. Avec ses couleurs \u00e9clatantes dans des tons rouges, bleus, verts et jaunes, les lettres se d\u00e9tachent sur un fond simulant une mosa\u00efque de c\u00e9ramique, \u00e9voquant la riche tradition artistique de la r\u00e9gion. Son design, en plus d&rsquo;\u00eatre visuellement attrayant, inclut un taureau distinctif, symbole embl\u00e9matique de la culture de Pampelune et de la c\u00e9l\u00e8bre f\u00eate de San Ferm\u00edn. Cet aimant, id\u00e9al pour orner toute surface magn\u00e9tique, est le souvenir parfait pour ceux qui souhaitent emporter un morceau de l&rsquo;\u00e9nergie vibrante de Pampelune.<\/p>\n<p>L&rsquo;aimant n&rsquo;est pas seulement un article pratique pour la maison, mais repr\u00e9sente \u00e9galement un lien culturel avec les traditions et festivit\u00e9s embl\u00e9matiques de la ville. Les touristes y verront un hommage \u00e0 la joie et \u00e0 l&rsquo;esprit festif de San Ferm\u00edn, offrant un moyen de se rem\u00e9morer les \u00e9motions v\u00e9cues dans ses rues. Chez Ol\u00e9 Mosaic, nous sommes fiers de proposer des souvenirs authentiques et repr\u00e9sentatifs, et cet aimant de Pampelune se distingue parmi les souvenirs recommand\u00e9s, constituant un ajout pr\u00e9cieux au catalogue de toute boutique de cadeaux touristiques. En tant que grossistes de souvenirs, nous garantissons la qualit\u00e9 et l&rsquo;originalit\u00e9 de toutes nos pi\u00e8ces, id\u00e9ales pour ceux qui recherchent un souvenir distinctif et culturel.<\/p>\n","protected":false},"excerpt":{"rendered":"<p>Aimant d\u00e9coratif avec une enseigne vibrante indiquant \u00ab\u00a0Pamplona\u00a0\u00bb. Cet aimant attrayant pr\u00e9sente des lettres color\u00e9es dans des tons rouge, bleu, vert et jaune, sur un fond simulant une mosa\u00efque de c\u00e9ramique. Un taureau distinctif orne \u00e9galement le design, apportant une touche traditionnelle \u00e0 cette pi\u00e8ce. Id\u00e9al pour se souvenir de la c\u00e9l\u00e8bre f\u00eate de San Ferm\u00edn et comme souvenir de la charmante ville de Pampelune.<\/p>\n","protected":false},"featured_media":14067,"template":"","meta":{"_acf_changed":false},"product_brand":[],"product_cat":[697],"product_tag":[530],"class_list":{"0":"post-36053","1":"product","2":"type-product","3":"status-publish","4":"has-post-thumbnail","6":"product_cat-aimants","7":"product_tag-animaux","8":"pa_ciudad-pamplona","9":"pa_motivo-panneaux-villes","10":"pa_pais-espana","12":"first","13":"instock","14":"shipping-taxable","15":"product-type-simple"},"acf":[],"_links":{"self":[{"href":"https:\/\/olemosaic.orbitalia.org\/fr\/wp-json\/wp\/v2\/product\/36053","targetHints":{"allow":["GET"]}}],"collection":[{"href":"https:\/\/olemosaic.orbitalia.org\/fr\/wp-json\/wp\/v2\/product"}],"about":[{"href":"https:\/\/olemosaic.orbitalia.org\/fr\/wp-json\/wp\/v2\/types\/product"}],"wp:featuredmedia":[{"embeddable":true,"href":"https:\/\/olemosaic.orbitalia.org\/fr\/wp-json\/wp\/v2\/media\/14067"}],"wp:attachment":[{"href":"https:\/\/olemosaic.orbitalia.org\/fr\/wp-json\/wp\/v2\/media?parent=36053"}],"wp:term":[{"taxonomy":"product_brand","embeddable":true,"href":"https:\/\/olemosaic.orbitalia.org\/fr\/wp-json\/wp\/v2\/product_brand?post=36053"},{"taxonomy":"product_cat","embeddable":true,"href":"https:\/\/olemosaic.orbitalia.org\/fr\/wp-json\/wp\/v2\/product_cat?post=36053"},{"taxonomy":"product_tag","embeddable":true,"href":"https:\/\/olemosaic.orbitalia.org\/fr\/wp-json\/wp\/v2\/product_tag?post=36053"}],"curies":[{"name":"wp","href":"https:\/\/api.w.org\/{rel}","templated":true}]}}