{"id":36052,"date":"2025-02-20T23:38:02","date_gmt":"2025-02-20T22:38:02","guid":{"rendered":"https:\/\/olemosaic.orbitalia.org\/producto\/iman-de-resina-salamandra-y-flores-tenerife-2\/"},"modified":"2025-07-25T20:10:07","modified_gmt":"2025-07-25T18:10:07","slug":"aimant-resine-salamandre-fleurs-ile-de-tenerife","status":"publish","type":"product","link":"https:\/\/olemosaic.orbitalia.org\/fr\/produit\/aimant-resine-salamandre-fleurs-ile-de-tenerife\/","title":{"rendered":"Aimant en r\u00e9sine. Salamandre et fleurs. \u00cele de Tenerife."},"content":{"rendered":"<p>Aimant en r\u00e9sine d\u00e9cor\u00e9 de salamandres et de fleurs de Tenerife. Cet aimant brillant ne repr\u00e9sente pas seulement la faune locale, mais capture l&rsquo;essence color\u00e9e et vibrante de cette merveilleuse \u00eele des Canaries. Avec un design m\u00e9ticuleusement \u00e9labor\u00e9, les deux salamandres en mosa\u00efque se distinguent par leurs teintes brillantes de bleu, vert et jaune, \u00e9voquant la biodiversit\u00e9 qui caract\u00e9rise l&rsquo;environnement naturel de Tenerife. Ces cr\u00e9atures, en plus de faire partie int\u00e9grante de l&rsquo;\u00e9cosyst\u00e8me, symbolisent la beaut\u00e9 et la singularit\u00e9 de la flore et de la faune canariennes.<\/p>\n<p>Entourant les salamandres, une vari\u00e9t\u00e9 de fleurs aux tons vifs de rouge, rose, jaune et bleu encadre le design, apportant un air frais et artistique qui rehausse la composition. Le mot \u00ab\u00a0Tenerife\u00a0\u00bb appara\u00eet en lettres frappantes, ajoutant une touche texturale et contemporaine qui se connecte \u00e0 l&rsquo;esprit joyeux de l&rsquo;\u00eele.<\/p>\n<p>Cet aimant en r\u00e9sine ne sert pas seulement d&rsquo;objet d\u00e9coratif pratique, mais agit \u00e9galement comme un excellent souvenir qui rappelle la beaut\u00e9 naturelle et culturelle de Tenerife. Chez Ol\u00e9 Mosaic, nous sommes des distributeurs de souvenirs en gros, offrant cette pi\u00e8ce authentique qui ravira les touristes \u00e0 la recherche de souvenirs repr\u00e9sentatifs de leur visite. Un aimant en r\u00e9sine id\u00e9al pour les boutiques de cadeaux touristiques, qui met en avant la riche biodiversit\u00e9 et le patrimoine culturel de Tenerife.<\/p>\n","protected":false},"excerpt":{"rendered":"<p>Aimant d\u00e9cor\u00e9 d&rsquo;une vibrante repr\u00e9sentation de deux salamandres et de fleurs, inspir\u00e9 par la faune de Tenerife. Cet aimant attrayant pr\u00e9sente un design color\u00e9 qui \u00e9voque la beaut\u00e9 naturelle de l&rsquo;\u00eele, avec des d\u00e9tails en mosa\u00efque qui rehaussent la texture des salamandres. Des fleurs de diverses couleurs encadrent le motif, cr\u00e9ant une pi\u00e8ce frappante qui met en valeur le mot \u00ab\u00a0Tenerife\u00a0\u00bb dans des couleurs brillantes, id\u00e9al pour ajouter une touche artistique \u00e0 n&rsquo;importe quel espace.<\/p>\n","protected":false},"featured_media":14066,"template":"","meta":{"_acf_changed":false},"product_brand":[],"product_cat":[697],"product_tag":[530],"class_list":{"0":"post-36052","1":"product","2":"type-product","3":"status-publish","4":"has-post-thumbnail","6":"product_cat-aimants","7":"product_tag-animaux","8":"pa_ciudad-tenerife","9":"pa_motivo-salamandres","10":"pa_pais-espana","12":"first","13":"instock","14":"shipping-taxable","15":"product-type-simple"},"acf":[],"_links":{"self":[{"href":"https:\/\/olemosaic.orbitalia.org\/fr\/wp-json\/wp\/v2\/product\/36052","targetHints":{"allow":["GET"]}}],"collection":[{"href":"https:\/\/olemosaic.orbitalia.org\/fr\/wp-json\/wp\/v2\/product"}],"about":[{"href":"https:\/\/olemosaic.orbitalia.org\/fr\/wp-json\/wp\/v2\/types\/product"}],"wp:featuredmedia":[{"embeddable":true,"href":"https:\/\/olemosaic.orbitalia.org\/fr\/wp-json\/wp\/v2\/media\/14066"}],"wp:attachment":[{"href":"https:\/\/olemosaic.orbitalia.org\/fr\/wp-json\/wp\/v2\/media?parent=36052"}],"wp:term":[{"taxonomy":"product_brand","embeddable":true,"href":"https:\/\/olemosaic.orbitalia.org\/fr\/wp-json\/wp\/v2\/product_brand?post=36052"},{"taxonomy":"product_cat","embeddable":true,"href":"https:\/\/olemosaic.orbitalia.org\/fr\/wp-json\/wp\/v2\/product_cat?post=36052"},{"taxonomy":"product_tag","embeddable":true,"href":"https:\/\/olemosaic.orbitalia.org\/fr\/wp-json\/wp\/v2\/product_tag?post=36052"}],"curies":[{"name":"wp","href":"https:\/\/api.w.org\/{rel}","templated":true}]}}