{"id":36047,"date":"2025-02-20T23:38:01","date_gmt":"2025-02-20T22:38:01","guid":{"rendered":"https:\/\/olemosaic.orbitalia.org\/producto\/iman-de-resina-salamandra-y-flores-lanzarote\/"},"modified":"2025-07-25T19:16:38","modified_gmt":"2025-07-25T17:16:38","slug":"aimant-en-resine-salamandre-et-fleurs-lanzarote","status":"publish","type":"product","link":"https:\/\/olemosaic.orbitalia.org\/fr\/produit\/aimant-en-resine-salamandre-et-fleurs-lanzarote\/","title":{"rendered":"Aimant en r\u00e9sine. Salamandre et fleurs. Lanzarote."},"content":{"rendered":"<p>D\u00e9couvrez notre aimant en r\u00e9sine, d\u00e9cor\u00e9 de deux salamandres : un souvenir color\u00e9 et vibrant de Lanzarote ! Cet aimant attrayant n&rsquo;est pas seulement un bel accessoire pour votre r\u00e9frig\u00e9rateur, mais il capture \u00e9galement l&rsquo;essence naturelle et artistique des \u00eeles Canaries. Avec un design qui met en valeur les salamandres dans des tons doux de vert et de terre cuite, cet aimant \u00e9voque la richesse de l&rsquo;environnement volcanique et la biodiversit\u00e9 de Lanzarote. Les salamandres sont entour\u00e9es de fleurs \u00e9clatantes dans une palette de couleurs telles que le bleu, le rose et le jaune, cr\u00e9ant une composition joyeuse et frappante. Le nom \u00ab\u00a0Lanzarote\u00a0\u00bb appara\u00eet dans un format moderne et attrayant, garantissant que cet aimant soit un rappel marquant de votre visite sur l&rsquo;\u00eele.<\/p>\n<p>Ce souvenir est le reflet du lien culturel de Lanzarote avec son paysage naturel, qui a inspir\u00e9 les artistes et artisans locaux au fil des ans. La technique de la mosa\u00efque utilis\u00e9e dans le design apporte une touche artisanale qui souligne l&rsquo;authenticit\u00e9 de ce produit. Chez Ol\u00e9 Mosaic, nous sommes experts dans la distribution de souvenirs en gros, et cet aimant est un excellent choix pour les boutiques de cadeaux touristiques qui cherchent \u00e0 offrir des produits significatifs et repr\u00e9sentatifs de la culture canarienne. Acqu\u00e9rez nos aimants en r\u00e9sine et permettez \u00e0 vos clients d&#8217;emporter un morceau de Lanzarote.<\/p>\n","protected":false},"excerpt":{"rendered":"<p>Aimant d\u00e9cor\u00e9 de deux salamandres entour\u00e9es de fleurs color\u00e9es, inspir\u00e9 par la beaut\u00e9 naturelle de Lanzarote. Ce souvenir attrayant pr\u00e9sente un design vibrant avec des d\u00e9tails en mosa\u00efque, mettant en valeur les contours doux des salamandres dans les tons vert et terre cuite. Le fond floral combine des couleurs comme le bleu, le rose et le jaune, et le nom \u00ab\u00a0Lanzarote\u00a0\u00bb appara\u00eet dans un format frappant, ce qui en fait un souvenir parfait des \u00eeles Canaries.<\/p>\n","protected":false},"featured_media":14061,"template":"","meta":{"_acf_changed":false},"product_brand":[],"product_cat":[697],"product_tag":[530],"class_list":{"0":"post-36047","1":"product","2":"type-product","3":"status-publish","4":"has-post-thumbnail","6":"product_cat-aimants","7":"product_tag-animaux","8":"pa_ciudad-lanzarote","9":"pa_motivo-salamandres","10":"pa_pais-espana","12":"first","13":"instock","14":"shipping-taxable","15":"product-type-simple"},"acf":[],"_links":{"self":[{"href":"https:\/\/olemosaic.orbitalia.org\/fr\/wp-json\/wp\/v2\/product\/36047","targetHints":{"allow":["GET"]}}],"collection":[{"href":"https:\/\/olemosaic.orbitalia.org\/fr\/wp-json\/wp\/v2\/product"}],"about":[{"href":"https:\/\/olemosaic.orbitalia.org\/fr\/wp-json\/wp\/v2\/types\/product"}],"wp:featuredmedia":[{"embeddable":true,"href":"https:\/\/olemosaic.orbitalia.org\/fr\/wp-json\/wp\/v2\/media\/14061"}],"wp:attachment":[{"href":"https:\/\/olemosaic.orbitalia.org\/fr\/wp-json\/wp\/v2\/media?parent=36047"}],"wp:term":[{"taxonomy":"product_brand","embeddable":true,"href":"https:\/\/olemosaic.orbitalia.org\/fr\/wp-json\/wp\/v2\/product_brand?post=36047"},{"taxonomy":"product_cat","embeddable":true,"href":"https:\/\/olemosaic.orbitalia.org\/fr\/wp-json\/wp\/v2\/product_cat?post=36047"},{"taxonomy":"product_tag","embeddable":true,"href":"https:\/\/olemosaic.orbitalia.org\/fr\/wp-json\/wp\/v2\/product_tag?post=36047"}],"curies":[{"name":"wp","href":"https:\/\/api.w.org\/{rel}","templated":true}]}}