{"id":36046,"date":"2025-02-20T23:38:00","date_gmt":"2025-02-20T22:38:00","guid":{"rendered":"https:\/\/olemosaic.orbitalia.org\/producto\/iman-de-resina-salamandra-y-flores-gran-canaria-2\/"},"modified":"2025-07-25T19:13:27","modified_gmt":"2025-07-25T17:13:27","slug":"aimant-en-resine-salamandre-et-fleurs-gran-canaria-2","status":"publish","type":"product","link":"https:\/\/olemosaic.orbitalia.org\/fr\/produit\/aimant-en-resine-salamandre-et-fleurs-gran-canaria-2\/","title":{"rendered":"Aimant en r\u00e9sine. Mosa\u00efque. Salamandre et fleurs. Gran Canaria."},"content":{"rendered":"<p>Aimant en r\u00e9sine d\u00e9cor\u00e9 de salamandres et de fleurs de Gran Canaria. Cet aimant vibrant pr\u00e9sente un design qui \u00e9voque la couleur et la diversit\u00e9 du paysage canarien, avec deux salamandres frappantes qui lui donnent une touche joyeuse et distinctive. Sur un fond blanc qui rehausse les motifs, l&rsquo;aimant affiche une mosa\u00efque de formes g\u00e9om\u00e9triques dans les tons rouge, vert, bleu et jaune, imitant le style de la c\u00e9l\u00e8bre c\u00e9ramique locale. Autour, des fleurs \u00e9clatantes de diverses couleurs compl\u00e8tent la composition, cr\u00e9ant une pi\u00e8ce attrayante et repr\u00e9sentative de la flore canarienne.<\/p>\n<p>Cet aimant n&rsquo;est pas seulement un accessoire pratique pour la maison, mais aussi un authentique souvenir de Gran Canaria, capturant l&rsquo;essence de sa nature exub\u00e9rante et de ses traditions artistiques. Son design vibrant en fait un excellent choix pour les touristes \u00e0 la recherche de souvenirs authentiques, leur permettant d&#8217;emporter un morceau de la beaut\u00e9 canarienne n&rsquo;importe o\u00f9. Chez Ol\u00e9 Mosaic, nous distribuons des souvenirs de haute qualit\u00e9, garantissant que chaque aimant soit un reflet significatif de la culture locale. Ce produit est id\u00e9al pour les boutiques de cadeaux touristiques souhaitant offrir \u00e0 leurs clients des souvenirs qui soulignent la richesse culturelle de Gran Canaria.<\/p>\n","protected":false},"excerpt":{"rendered":"<p>Aimant d\u00e9cor\u00e9 de deux salamandres frappantes et de fleurs, inspir\u00e9 par le paysage vibrant de Gran Canaria. Cet aimant color\u00e9 pr\u00e9sente un design simulant une mosa\u00efque avec des formes g\u00e9om\u00e9triques dans les tons rouge, vert, bleu et jaune, entour\u00e9 de fleurs \u00e9clatantes sur un fond blanc. Id\u00e9al pour se souvenir de la beaut\u00e9 naturelle de l&rsquo;\u00eele, ce souvenir allie art et culture canarienne dans un accessoire pratique pour la maison.<\/p>\n","protected":false},"featured_media":14060,"template":"","meta":{"_acf_changed":false},"product_brand":[],"product_cat":[697],"product_tag":[530],"class_list":{"0":"post-36046","1":"product","2":"type-product","3":"status-publish","4":"has-post-thumbnail","6":"product_cat-aimants","7":"product_tag-animaux","8":"pa_ciudad-gran-canaria","9":"pa_motivo-salamandres","10":"pa_pais-espana","12":"first","13":"instock","14":"shipping-taxable","15":"product-type-simple"},"acf":[],"_links":{"self":[{"href":"https:\/\/olemosaic.orbitalia.org\/fr\/wp-json\/wp\/v2\/product\/36046","targetHints":{"allow":["GET"]}}],"collection":[{"href":"https:\/\/olemosaic.orbitalia.org\/fr\/wp-json\/wp\/v2\/product"}],"about":[{"href":"https:\/\/olemosaic.orbitalia.org\/fr\/wp-json\/wp\/v2\/types\/product"}],"wp:featuredmedia":[{"embeddable":true,"href":"https:\/\/olemosaic.orbitalia.org\/fr\/wp-json\/wp\/v2\/media\/14060"}],"wp:attachment":[{"href":"https:\/\/olemosaic.orbitalia.org\/fr\/wp-json\/wp\/v2\/media?parent=36046"}],"wp:term":[{"taxonomy":"product_brand","embeddable":true,"href":"https:\/\/olemosaic.orbitalia.org\/fr\/wp-json\/wp\/v2\/product_brand?post=36046"},{"taxonomy":"product_cat","embeddable":true,"href":"https:\/\/olemosaic.orbitalia.org\/fr\/wp-json\/wp\/v2\/product_cat?post=36046"},{"taxonomy":"product_tag","embeddable":true,"href":"https:\/\/olemosaic.orbitalia.org\/fr\/wp-json\/wp\/v2\/product_tag?post=36046"}],"curies":[{"name":"wp","href":"https:\/\/api.w.org\/{rel}","templated":true}]}}