{"id":36045,"date":"2025-02-20T23:38:00","date_gmt":"2025-02-20T22:38:00","guid":{"rendered":"https:\/\/olemosaic.orbitalia.org\/producto\/iman-de-resina-salamandra-y-flores-alicante-75-cm\/"},"modified":"2025-07-25T19:38:07","modified_gmt":"2025-07-25T17:38:07","slug":"aimant-en-resine-salamandre-et-fleurs-alicante-7-5-cm","status":"publish","type":"product","link":"https:\/\/olemosaic.orbitalia.org\/fr\/produit\/aimant-en-resine-salamandre-et-fleurs-alicante-7-5-cm\/","title":{"rendered":"Aimant en r\u00e9sine. Salamandre et fleurs. Alicante. 7,5 cm."},"content":{"rendered":"<p>Cet aimant en r\u00e9sine, d\u00e9cor\u00e9 de deux salamandres color\u00e9es, est un authentique souvenir qui capture l&rsquo;essence vibrante d&rsquo;Alicante. D&rsquo;une taille de 7,5 cm, il se distingue par son design joyeux et plein de vie, pr\u00e9sentant des salamandres dans les tons bleu et rouge, entour\u00e9es d&rsquo;un cadre luxuriant de fleurs jaunes, vertes et violettes. Le fond en mosa\u00efque, dans les tons gris et blanc, ajoute une touche artistique, \u00e9voquant le style m\u00e9diterran\u00e9en caract\u00e9ristique de la r\u00e9gion.<\/p>\n<p>Chaque d\u00e9tail de cet aimant est soigneusement \u00e9labor\u00e9, refl\u00e9tant non seulement la riche flore locale, mais aussi la faune qui habite ses magnifiques paysages. Les salamandres, symboles de bonne fortune dans diverses cultures, s&rsquo;entrelacent dans une danse visuelle, ce qui ajoute un charme particulier \u00e0 ce produit. C&rsquo;est le souvenir parfait pour les touristes qui souhaitent emporter un morceau de la culture d&rsquo;Alicante chez eux, en se rappelant leur visite dans cette belle ville de la M\u00e9diterran\u00e9e.<\/p>\n<p>Chez Ol\u00e9 Mosaic, nous sommes fiers de proposer des souvenirs de qualit\u00e9 en gros qui ne sont pas seulement d\u00e9coratifs, mais qui racontent aussi une histoire culturelle. Cet aimant est un excellent choix pour les boutiques de cadeaux touristiques, car il allie authenticit\u00e9, couleur et signification, garantissant que chaque client reparte avec un souvenir sp\u00e9cial d&rsquo;Alicante. En tant que distributeurs de souvenirs, nous garantissons l&rsquo;authenticit\u00e9 et la valeur ajout\u00e9e que repr\u00e9sentent nos pi\u00e8ces.<\/p>\n","protected":false},"excerpt":{"rendered":"<p>Aimant d\u00e9cor\u00e9 de deux salamandres color\u00e9es et d&rsquo;un cadre de fleurs vibrantes, repr\u00e9sentant le charme d&rsquo;Alicante. D&rsquo;une taille de 7,5 cm, cet aimant pr\u00e9sente un design joyeux et visuellement attrayant, avec des d\u00e9tails en jaune, rouge, vert et bleu qui \u00e9voquent la riche flore locale. Le fond en mosa\u00efque lui donne une touche artistique, en faisant un souvenir id\u00e9al qui capture l&rsquo;essence m\u00e9diterran\u00e9enne de la r\u00e9gion.<\/p>\n","protected":false},"featured_media":14059,"template":"","meta":{"_acf_changed":false},"product_brand":[],"product_cat":[697],"product_tag":[530],"class_list":{"0":"post-36045","1":"product","2":"type-product","3":"status-publish","4":"has-post-thumbnail","6":"product_cat-aimants","7":"product_tag-animaux","8":"pa_ciudad-alicante","9":"pa_motivo-salamandres","10":"pa_pais-espana","12":"first","13":"instock","14":"shipping-taxable","15":"product-type-simple"},"acf":[],"_links":{"self":[{"href":"https:\/\/olemosaic.orbitalia.org\/fr\/wp-json\/wp\/v2\/product\/36045","targetHints":{"allow":["GET"]}}],"collection":[{"href":"https:\/\/olemosaic.orbitalia.org\/fr\/wp-json\/wp\/v2\/product"}],"about":[{"href":"https:\/\/olemosaic.orbitalia.org\/fr\/wp-json\/wp\/v2\/types\/product"}],"wp:featuredmedia":[{"embeddable":true,"href":"https:\/\/olemosaic.orbitalia.org\/fr\/wp-json\/wp\/v2\/media\/14059"}],"wp:attachment":[{"href":"https:\/\/olemosaic.orbitalia.org\/fr\/wp-json\/wp\/v2\/media?parent=36045"}],"wp:term":[{"taxonomy":"product_brand","embeddable":true,"href":"https:\/\/olemosaic.orbitalia.org\/fr\/wp-json\/wp\/v2\/product_brand?post=36045"},{"taxonomy":"product_cat","embeddable":true,"href":"https:\/\/olemosaic.orbitalia.org\/fr\/wp-json\/wp\/v2\/product_cat?post=36045"},{"taxonomy":"product_tag","embeddable":true,"href":"https:\/\/olemosaic.orbitalia.org\/fr\/wp-json\/wp\/v2\/product_tag?post=36045"}],"curies":[{"name":"wp","href":"https:\/\/api.w.org\/{rel}","templated":true}]}}