{"id":36044,"date":"2025-02-20T23:38:00","date_gmt":"2025-02-20T22:38:00","guid":{"rendered":"https:\/\/olemosaic.orbitalia.org\/producto\/iman-de-resina-toros-mojacar\/"},"modified":"2025-07-25T20:23:52","modified_gmt":"2025-07-25T18:23:52","slug":"aimant-en-resine-taureaux-mojacar","status":"publish","type":"product","link":"https:\/\/olemosaic.orbitalia.org\/fr\/produit\/aimant-en-resine-taureaux-mojacar\/","title":{"rendered":"Aimant en r\u00e9sine. Taureaux. Moj\u00e1car."},"content":{"rendered":"<p>Aimant en r\u00e9sine de Moj\u00e1car, un souvenir color\u00e9 qui capture l&rsquo;essence vibrante de ce pittoresque village andalou. Cet aimant attrayant se distingue par son design \u00e9voquant l&rsquo;art de la mosa\u00efque, avec un taureau repr\u00e9sent\u00e9 dans une explosion de couleurs intenses, telles que le rouge, le vert et le bleu, symbolisant la riche culture taurine de l&rsquo;Espagne. Dans la partie sup\u00e9rieure, un soleil stylis\u00e9 irradie \u00e9nergie et joie, tandis que dans la partie inf\u00e9rieure, de magnifiques fleurs soulignent la beaut\u00e9 naturelle de la r\u00e9gion.<\/p>\n<p>Le mot \u00ab\u00a0Moj\u00e1car\u00a0\u00bb est pr\u00e9sent\u00e9 en lettres color\u00e9es, ajoutant un \u00e9l\u00e9ment ludique qui fait de cet aimant non seulement un objet d\u00e9coratif, mais un v\u00e9ritable rappel de l&rsquo;identit\u00e9 culturelle du village. Cette pi\u00e8ce est parfaite pour orner toute surface m\u00e9tallique, que ce soit \u00e0 la maison ou au bureau, apportant une touche de joie et de couleur \u00e0 votre environnement.<\/p>\n<p>Chez Ol\u00e9 Mosaic, nous sommes fiers de proposer des souvenirs authentiques qui refl\u00e8tent la culture et les traditions locales. Cet aimant en r\u00e9sine de Moj\u00e1car est un excellent choix pour les boutiques de cadeaux touristiques \u00e0 la recherche de produits uniques et significatifs. En tant que distributeurs de souvenirs, nous garantissons la qualit\u00e9 et l&rsquo;originalit\u00e9 de chacun de nos produits, faisant de cet aimant un souvenir id\u00e9al pour ceux qui souhaitent emporter un morceau de la magique Andalousie.<\/p>\n","protected":false},"excerpt":{"rendered":"<p>Aimant de Moj\u00e1car, repr\u00e9sentant un taureau color\u00e9 avec des d\u00e9tails vibrants dans les tons rouge, vert et bleu. Ce souvenir attrayant comprend un soleil stylis\u00e9 et des fleurs dans la partie inf\u00e9rieure, le tout avec un design \u00e9voquant l&rsquo;art de la mosa\u00efque. Le mot \u00ab\u00a0Moj\u00e1car\u00a0\u00bb se d\u00e9tache avec des lettres color\u00e9es, faisant de cet aimant une pi\u00e8ce d\u00e9corative id\u00e9ale pour se souvenir de l&rsquo;essence de ce charmant village andalou. Parfait pour orner toute surface m\u00e9tallique.<\/p>\n","protected":false},"featured_media":14058,"template":"","meta":{"_acf_changed":false},"product_brand":[],"product_cat":[697],"product_tag":[530],"class_list":{"0":"post-36044","1":"product","2":"type-product","3":"status-publish","4":"has-post-thumbnail","6":"product_cat-aimants","7":"product_tag-animaux","8":"pa_ciudad-mojacar","9":"pa_motivo-taureaux","10":"pa_pais-espana","12":"first","13":"instock","14":"shipping-taxable","15":"product-type-simple"},"acf":[],"_links":{"self":[{"href":"https:\/\/olemosaic.orbitalia.org\/fr\/wp-json\/wp\/v2\/product\/36044","targetHints":{"allow":["GET"]}}],"collection":[{"href":"https:\/\/olemosaic.orbitalia.org\/fr\/wp-json\/wp\/v2\/product"}],"about":[{"href":"https:\/\/olemosaic.orbitalia.org\/fr\/wp-json\/wp\/v2\/types\/product"}],"wp:featuredmedia":[{"embeddable":true,"href":"https:\/\/olemosaic.orbitalia.org\/fr\/wp-json\/wp\/v2\/media\/14058"}],"wp:attachment":[{"href":"https:\/\/olemosaic.orbitalia.org\/fr\/wp-json\/wp\/v2\/media?parent=36044"}],"wp:term":[{"taxonomy":"product_brand","embeddable":true,"href":"https:\/\/olemosaic.orbitalia.org\/fr\/wp-json\/wp\/v2\/product_brand?post=36044"},{"taxonomy":"product_cat","embeddable":true,"href":"https:\/\/olemosaic.orbitalia.org\/fr\/wp-json\/wp\/v2\/product_cat?post=36044"},{"taxonomy":"product_tag","embeddable":true,"href":"https:\/\/olemosaic.orbitalia.org\/fr\/wp-json\/wp\/v2\/product_tag?post=36044"}],"curies":[{"name":"wp","href":"https:\/\/api.w.org\/{rel}","templated":true}]}}