{"id":36023,"date":"2025-02-20T23:38:00","date_gmt":"2025-02-20T22:38:00","guid":{"rendered":"https:\/\/olemosaic.orbitalia.org\/producto\/iman-de-resina-cordoba\/"},"modified":"2025-07-25T18:56:16","modified_gmt":"2025-07-25T16:56:16","slug":"aimant-en-resine-cordoue","status":"publish","type":"product","link":"https:\/\/olemosaic.orbitalia.org\/fr\/produit\/aimant-en-resine-cordoue\/","title":{"rendered":"Aimant en r\u00e9sine. Cordoue."},"content":{"rendered":"<p>Aimant en r\u00e9sine repr\u00e9sentant la ville embl\u00e9matique de Cordoue. Cet aimant attrayant capture la majest\u00e9 de la Mosqu\u00e9e-Cath\u00e9drale, un monument qui incarne la fusion de l&rsquo;h\u00e9ritage islamique et chr\u00e9tien. L&rsquo;illustration soign\u00e9e montre les arcs embl\u00e9matiques color\u00e9s, avec leurs lignes \u00e9l\u00e9gantes et leurs d\u00e9tails architecturaux qui soulignent la riche histoire de la ville. Entour\u00e9 de palmiers qui \u00e9voquent le soleil \u00e9clatant de l&rsquo;Andalousie, cet aimant inclut un soleil radieux dans le ciel, symbolisant le climat chaud et accueillant de la r\u00e9gion. Le nom \u00ab\u00a0C\u00d3RDOBA\u00a0\u00bb, pr\u00e9sent\u00e9 dans une typographie color\u00e9e et vibrante, souligne la joie et l&rsquo;esprit de cette ville andalouse. Cet aimant n&rsquo;est pas seulement un article pratique d&rsquo;usage quotidien pour d\u00e9corer votre r\u00e9frig\u00e9rateur, mais il sert \u00e9galement de charmant souvenir de la beaut\u00e9 andalouse. Id\u00e9al pour les touristes cherchant \u00e0 emporter un morceau de la riche culture cordouane, ce souvenir se distingue par son authenticit\u00e9 et son attrait visuel. Chez Ol\u00e9 Mosaic, nous proposons cet aimant de Cordoue dans le cadre de notre collection de souvenirs de haute qualit\u00e9, parfaite pour les boutiques de cadeaux touristiques recherchant un produit repr\u00e9sentatif et spectaculaire.<\/p>\n","protected":false},"excerpt":{"rendered":"<p>Aimant de Cordoue, repr\u00e9sentant la majest\u00e9 de la Mosqu\u00e9e-Cath\u00e9drale et son embl\u00e9matique patio andalou. Le design vibrant comprend des arcs dans des tons terre cuite et un soleil radieux qui illumine le fond. Le mot \u00ab\u00a0C\u00d3RDOBA\u00a0\u00bb appara\u00eet dans des couleurs joyeuses, capturant l&rsquo;essence de la ville. Ce souvenir se distingue par ses d\u00e9tails d\u00e9coratifs et sa technique de moulage, parfait pour se souvenir de la beaut\u00e9 du patrimoine culturel cordouan.<\/p>\n","protected":false},"featured_media":14057,"template":"","meta":{"_acf_changed":false},"product_brand":[],"product_cat":[697],"product_tag":[],"class_list":{"0":"post-36023","1":"product","2":"type-product","3":"status-publish","4":"has-post-thumbnail","6":"product_cat-aimants","7":"pa_ciudad-cordoba","8":"pa_pais-espana","10":"first","11":"instock","12":"shipping-taxable","13":"product-type-simple"},"acf":[],"_links":{"self":[{"href":"https:\/\/olemosaic.orbitalia.org\/fr\/wp-json\/wp\/v2\/product\/36023","targetHints":{"allow":["GET"]}}],"collection":[{"href":"https:\/\/olemosaic.orbitalia.org\/fr\/wp-json\/wp\/v2\/product"}],"about":[{"href":"https:\/\/olemosaic.orbitalia.org\/fr\/wp-json\/wp\/v2\/types\/product"}],"wp:featuredmedia":[{"embeddable":true,"href":"https:\/\/olemosaic.orbitalia.org\/fr\/wp-json\/wp\/v2\/media\/14057"}],"wp:attachment":[{"href":"https:\/\/olemosaic.orbitalia.org\/fr\/wp-json\/wp\/v2\/media?parent=36023"}],"wp:term":[{"taxonomy":"product_brand","embeddable":true,"href":"https:\/\/olemosaic.orbitalia.org\/fr\/wp-json\/wp\/v2\/product_brand?post=36023"},{"taxonomy":"product_cat","embeddable":true,"href":"https:\/\/olemosaic.orbitalia.org\/fr\/wp-json\/wp\/v2\/product_cat?post=36023"},{"taxonomy":"product_tag","embeddable":true,"href":"https:\/\/olemosaic.orbitalia.org\/fr\/wp-json\/wp\/v2\/product_tag?post=36023"}],"curies":[{"name":"wp","href":"https:\/\/api.w.org\/{rel}","templated":true}]}}