{"id":36022,"date":"2025-02-20T23:38:00","date_gmt":"2025-02-20T22:38:00","guid":{"rendered":"https:\/\/olemosaic.orbitalia.org\/producto\/iman-de-resina-toro-pamplona-75-cm\/"},"modified":"2025-07-25T19:45:52","modified_gmt":"2025-07-25T17:45:52","slug":"aimant-en-resine-taureau-pampelune-7-5-cm","status":"publish","type":"product","link":"https:\/\/olemosaic.orbitalia.org\/fr\/produit\/aimant-en-resine-taureau-pampelune-7-5-cm\/","title":{"rendered":"Aimant en r\u00e9sine. Taureau. Pampelune. 7,5 cm."},"content":{"rendered":"<p>Cet aimant en r\u00e9sine de 7,5 cm est une charmante repr\u00e9sentation de deux taureaux, symboles embl\u00e9matiques de Pampelune, distinctifs de la culture taurine et des c\u00e9l\u00e8bres f\u00eates de San Ferm\u00edn. Son design, color\u00e9 et moderne, se distingue par une finition simulant une mosa\u00efque vibrante, avec des tons rouges, bleus et verts frappants qui capturent l&rsquo;essence festive de la ville. Au-dessus des taureaux, le nom \u00ab\u00a0Pamplona\u00a0\u00bb appara\u00eet en lettres voyantes, ajoutant une touche joyeuse qui invite \u00e0 se souvenir de l&rsquo;\u00e9nergie et de l&rsquo;ambiance vibrante de ses traditions.<\/p>\n<p>Chaque taureau est pr\u00e9sent\u00e9 avec un air majestueux, capturant la force et la gr\u00e2ce de ces animaux, \u00e9l\u00e9ments centraux de l&rsquo;identit\u00e9 culturelle de la r\u00e9gion. Ce souvenir n&rsquo;est pas seulement un aimant d\u00e9coratif, mais un rappel attrayant du riche h\u00e9ritage de Pampelune et de ses traditions. La combinaison d&rsquo;art moderne et de symbolisme traditionnel fait de cet aimant une excellente option pour les touristes \u00e0 la recherche de souvenirs authentiques repr\u00e9sentant leur visite dans la ville.<\/p>\n<p>Chez Ol\u00e9 Mosaic, nous sommes fiers d&rsquo;offrir une vari\u00e9t\u00e9 de souvenirs qui refl\u00e8tent la diversit\u00e9 culturelle de l&rsquo;Espagne. Cet aimant de taureaux est id\u00e9al pour les boutiques de cadeaux touristiques \u00e0 la recherche d&rsquo;articles uniques et authentiques. En choisissant nos produits, les clients misent sur la qualit\u00e9 et la repr\u00e9sentation culturelle dans chaque d\u00e9tail.<\/p>\n","protected":false},"excerpt":{"rendered":"<p>Aimant de 7,5 cm repr\u00e9sentant deux taureaux, un symbole embl\u00e9matique de Pampelune. Cet aimant se distingue par son design color\u00e9 et moderne, avec une finition simulant une mosa\u00efque vibrante dans des tons rouges, bleus et verts. Au-dessus des taureaux, le nom \u00ab\u00a0Pamplona\u00a0\u00bb ressort avec des lettres voyantes, ajoutant une touche festive. Id\u00e9al pour se souvenir des f\u00eates traditionnelles et de la culture taurine de cette ville espagnole.<\/p>\n","protected":false},"featured_media":14056,"template":"","meta":{"_acf_changed":false},"product_brand":[],"product_cat":[697],"product_tag":[530],"class_list":{"0":"post-36022","1":"product","2":"type-product","3":"status-publish","4":"has-post-thumbnail","6":"product_cat-aimants","7":"product_tag-animaux","8":"pa_ciudad-pamplona","9":"pa_motivo-taureaux","10":"pa_pais-espana","12":"first","13":"instock","14":"shipping-taxable","15":"product-type-simple"},"acf":[],"_links":{"self":[{"href":"https:\/\/olemosaic.orbitalia.org\/fr\/wp-json\/wp\/v2\/product\/36022","targetHints":{"allow":["GET"]}}],"collection":[{"href":"https:\/\/olemosaic.orbitalia.org\/fr\/wp-json\/wp\/v2\/product"}],"about":[{"href":"https:\/\/olemosaic.orbitalia.org\/fr\/wp-json\/wp\/v2\/types\/product"}],"wp:featuredmedia":[{"embeddable":true,"href":"https:\/\/olemosaic.orbitalia.org\/fr\/wp-json\/wp\/v2\/media\/14056"}],"wp:attachment":[{"href":"https:\/\/olemosaic.orbitalia.org\/fr\/wp-json\/wp\/v2\/media?parent=36022"}],"wp:term":[{"taxonomy":"product_brand","embeddable":true,"href":"https:\/\/olemosaic.orbitalia.org\/fr\/wp-json\/wp\/v2\/product_brand?post=36022"},{"taxonomy":"product_cat","embeddable":true,"href":"https:\/\/olemosaic.orbitalia.org\/fr\/wp-json\/wp\/v2\/product_cat?post=36022"},{"taxonomy":"product_tag","embeddable":true,"href":"https:\/\/olemosaic.orbitalia.org\/fr\/wp-json\/wp\/v2\/product_tag?post=36022"}],"curies":[{"name":"wp","href":"https:\/\/api.w.org\/{rel}","templated":true}]}}