{"id":36020,"date":"2025-02-20T23:37:59","date_gmt":"2025-02-20T22:37:59","guid":{"rendered":"https:\/\/olemosaic.orbitalia.org\/producto\/iman-de-resina-salamandra-y-flores-valencia-75-cm\/"},"modified":"2025-07-25T20:06:12","modified_gmt":"2025-07-25T18:06:12","slug":"aimant-en-resine-salamandre-et-fleurs-valence-7-5-cm","status":"publish","type":"product","link":"https:\/\/olemosaic.orbitalia.org\/fr\/produit\/aimant-en-resine-salamandre-et-fleurs-valence-7-5-cm\/","title":{"rendered":"Aimant en r\u00e9sine. Salamandre et fleurs. Valence. 7,5 cm."},"content":{"rendered":"<p>Cet aimant en r\u00e9sine de 7,5 cm est une repr\u00e9sentation vibrante du modernisme et de la culture de Valence. D\u00e9cor\u00e9 de deux magnifiques salamandres dans des tons bleus et rouges, il attire l&rsquo;attention avec un design plein d&rsquo;\u00e9nergie, encadr\u00e9 par des motifs floraux aux couleurs \u00e9clatantes qui \u00e9voquent la riche flore m\u00e9diterran\u00e9enne. La base de l&rsquo;aimant pr\u00e9sente un effet visuel imitant la mosa\u00efque, un clin d&rsquo;\u0153il \u00e0 l&rsquo;\u0153uvre d&rsquo;art embl\u00e9matique de la ville, cr\u00e9ant un contraste captivant qui souligne les couleurs vives des \u00e9l\u00e9ments d\u00e9coratifs. Le mot \u00ab\u00a0Valencia\u00a0\u00bb appara\u00eet en grandes lettres multicolores, faisant de ce souvenir un rappel m\u00e9morable et repr\u00e9sentatif de la ville.<\/p>\n<p>Cet aimant n&rsquo;est pas seulement une pi\u00e8ce d\u00e9corative, mais aussi un excellent rappel de la culture de Valence, parfait pour les collectionneurs et les amateurs d&rsquo;art. La salamandre, symbole de renouveau et de vitalit\u00e9, refl\u00e8te l&rsquo;essence vibrante de Valence, faisant de cet article un cadeau id\u00e9al pour ceux qui souhaitent emporter un petit morceau de l&rsquo;histoire et des traditions de cette belle ville. Chez Ol\u00e9 Mosaic, nous distribuons des souvenirs qui c\u00e9l\u00e8brent l&rsquo;authenticit\u00e9 et l&rsquo;artisanat de la culture espagnole, et cet aimant salamandre est un choix exceptionnel pour les boutiques de cadeaux touristiques recherchant qualit\u00e9 et originalit\u00e9 dans leurs produits.<\/p>\n","protected":false},"excerpt":{"rendered":"<p>Aimant de 7,5 cm montrant un design vibrant de salamandres en bleu et rouge, entour\u00e9es de motifs floraux aux tons \u00e9clatants. Cet aimant, inspir\u00e9 du modernisme de Valence, se distingue par sa base imitant une mosa\u00efque, cr\u00e9ant un effet visuel attrayant et color\u00e9. Le mot \u00ab\u00a0Valencia\u00a0\u00bb appara\u00eet en grandes lettres multicolores, ce qui en fait un souvenir parfait de la ville. Id\u00e9al pour les collectionneurs et les amateurs de culture espagnole.<\/p>\n","protected":false},"featured_media":14054,"template":"","meta":{"_acf_changed":false},"product_brand":[],"product_cat":[697],"product_tag":[530],"class_list":{"0":"post-36020","1":"product","2":"type-product","3":"status-publish","4":"has-post-thumbnail","6":"product_cat-aimants","7":"product_tag-animaux","8":"pa_ciudad-valencia","9":"pa_motivo-salamandres","10":"pa_pais-espana","12":"first","13":"instock","14":"shipping-taxable","15":"product-type-simple"},"acf":[],"_links":{"self":[{"href":"https:\/\/olemosaic.orbitalia.org\/fr\/wp-json\/wp\/v2\/product\/36020","targetHints":{"allow":["GET"]}}],"collection":[{"href":"https:\/\/olemosaic.orbitalia.org\/fr\/wp-json\/wp\/v2\/product"}],"about":[{"href":"https:\/\/olemosaic.orbitalia.org\/fr\/wp-json\/wp\/v2\/types\/product"}],"wp:featuredmedia":[{"embeddable":true,"href":"https:\/\/olemosaic.orbitalia.org\/fr\/wp-json\/wp\/v2\/media\/14054"}],"wp:attachment":[{"href":"https:\/\/olemosaic.orbitalia.org\/fr\/wp-json\/wp\/v2\/media?parent=36020"}],"wp:term":[{"taxonomy":"product_brand","embeddable":true,"href":"https:\/\/olemosaic.orbitalia.org\/fr\/wp-json\/wp\/v2\/product_brand?post=36020"},{"taxonomy":"product_cat","embeddable":true,"href":"https:\/\/olemosaic.orbitalia.org\/fr\/wp-json\/wp\/v2\/product_cat?post=36020"},{"taxonomy":"product_tag","embeddable":true,"href":"https:\/\/olemosaic.orbitalia.org\/fr\/wp-json\/wp\/v2\/product_tag?post=36020"}],"curies":[{"name":"wp","href":"https:\/\/api.w.org\/{rel}","templated":true}]}}