{"id":36010,"date":"2025-02-20T23:37:59","date_gmt":"2025-02-20T22:37:59","guid":{"rendered":"https:\/\/olemosaic.orbitalia.org\/producto\/iman-de-resina-salamandra-y-flores-tenerife-75-cm\/"},"modified":"2025-07-25T20:24:41","modified_gmt":"2025-07-25T18:24:41","slug":"aimant-en-resine-salamandre-et-fleurs-tenerife-7-5-cm","status":"publish","type":"product","link":"https:\/\/olemosaic.orbitalia.org\/fr\/produit\/aimant-en-resine-salamandre-et-fleurs-tenerife-7-5-cm\/","title":{"rendered":"Aimant en r\u00e9sine. Salamandre et fleurs. Tenerife. 7,5 cm."},"content":{"rendered":"<p>Cet aimant en r\u00e9sine de 7,5 cm est un hommage vibrant \u00e0 la faune et \u00e0 la flore de Tenerife, capturant l&rsquo;essence des \u00eeles Canaries dans chaque d\u00e9tail. D\u00e9cor\u00e9 d&rsquo;une repr\u00e9sentation color\u00e9e de deux salamandres dans des tons bleus et rouges, ce design artistique est encadr\u00e9 par une bordure attrayante de fleurs multicolores qui \u00e9voquent la joie et le climat tropical de l&rsquo;\u00eele. Le mot \u00ab\u00a0TENERIFE\u00a0\u00bb ressort en grandes lettres frappantes, faisant de cet aimant un souvenir m\u00e9morable de votre visite dans cette destination idyllique.<\/p>\n<p>L&rsquo;utilisation de la r\u00e9sine dans sa fabrication garantit que ce souvenir soit durable, r\u00e9sistant au passage du temps et conservant sa splendeur. Les salamandres, symboles de transformation et d&rsquo;adaptation dans de nombreuses cultures, refl\u00e8tent la diversit\u00e9 \u00e9cologique de Tenerife, c\u00e9l\u00e8bre pour ses paysages naturels et son climat privil\u00e9gi\u00e9. Cet aimant n&rsquo;est pas seulement un objet d\u00e9coratif, mais aussi une repr\u00e9sentation culturelle qui souligne l&rsquo;authenticit\u00e9 de la vie insulaire.<\/p>\n<p>Chez Ol\u00e9 Mosaic, nous nous sp\u00e9cialisons dans la distribution de souvenirs en gros, et cet aimant de salamandres est une excellente option pour les boutiques de cadeaux touristiques cherchant \u00e0 capter l&rsquo;attention des visiteurs. Parfait comme souvenir, cet aimant est une expression du riche patrimoine culturel et naturel de Tenerife, id\u00e9al pour ceux qui souhaitent emporter un morceau de la magie canarienne chez eux.<\/p>\n","protected":false},"excerpt":{"rendered":"<p>Aimant de 7,5 cm d\u00e9cor\u00e9 d&rsquo;une repr\u00e9sentation color\u00e9e de deux salamandres parmi des fleurs, inspir\u00e9 par la flore et la faune de Tenerife. Le design vibrant montre les salamandres dans des tons bleus et rouges, encadr\u00e9es par des fleurs qui \u00e9voquent l&rsquo;ambiance joyeuse des \u00eeles Canaries. Le mot \u00ab\u00a0TENERIFE\u00a0\u00bb se d\u00e9tache en grandes lettres frappantes, ce qui fait de cet aimant un souvenir parfait de vos moments sur l&rsquo;\u00eele.<\/p>\n","protected":false},"featured_media":14049,"template":"","meta":{"_acf_changed":false},"product_brand":[],"product_cat":[697],"product_tag":[530],"class_list":{"0":"post-36010","1":"product","2":"type-product","3":"status-publish","4":"has-post-thumbnail","6":"product_cat-aimants","7":"product_tag-animaux","8":"pa_ciudad-tenerife","9":"pa_motivo-salamandres","10":"pa_pais-espana","12":"first","13":"instock","14":"shipping-taxable","15":"product-type-simple"},"acf":[],"_links":{"self":[{"href":"https:\/\/olemosaic.orbitalia.org\/fr\/wp-json\/wp\/v2\/product\/36010","targetHints":{"allow":["GET"]}}],"collection":[{"href":"https:\/\/olemosaic.orbitalia.org\/fr\/wp-json\/wp\/v2\/product"}],"about":[{"href":"https:\/\/olemosaic.orbitalia.org\/fr\/wp-json\/wp\/v2\/types\/product"}],"wp:featuredmedia":[{"embeddable":true,"href":"https:\/\/olemosaic.orbitalia.org\/fr\/wp-json\/wp\/v2\/media\/14049"}],"wp:attachment":[{"href":"https:\/\/olemosaic.orbitalia.org\/fr\/wp-json\/wp\/v2\/media?parent=36010"}],"wp:term":[{"taxonomy":"product_brand","embeddable":true,"href":"https:\/\/olemosaic.orbitalia.org\/fr\/wp-json\/wp\/v2\/product_brand?post=36010"},{"taxonomy":"product_cat","embeddable":true,"href":"https:\/\/olemosaic.orbitalia.org\/fr\/wp-json\/wp\/v2\/product_cat?post=36010"},{"taxonomy":"product_tag","embeddable":true,"href":"https:\/\/olemosaic.orbitalia.org\/fr\/wp-json\/wp\/v2\/product_tag?post=36010"}],"curies":[{"name":"wp","href":"https:\/\/api.w.org\/{rel}","templated":true}]}}