{"id":36009,"date":"2025-02-20T23:37:58","date_gmt":"2025-02-20T22:37:58","guid":{"rendered":"https:\/\/olemosaic.orbitalia.org\/producto\/iman-de-resina-toro-sevilla-75-cm\/"},"modified":"2025-07-25T20:30:53","modified_gmt":"2025-07-25T18:30:53","slug":"aimant-en-resine-taureau-seville-7-5-cm","status":"publish","type":"product","link":"https:\/\/olemosaic.orbitalia.org\/fr\/produit\/aimant-en-resine-taureau-seville-7-5-cm\/","title":{"rendered":"Aimant en r\u00e9sine. Taureau. S\u00e9ville. 7,5 cm."},"content":{"rendered":"<p>Cet aimant en r\u00e9sine de 7,5 cm pr\u00e9sente une joyeuse repr\u00e9sentation de deux taureaux, symboles embl\u00e9matiques de la culture espagnole et, en particulier, de la tradition taurine de S\u00e9ville. Le design vibrant, \u00e9labor\u00e9 avec une mosa\u00efque de plusieurs couleurs, souligne la force et la beaut\u00e9 de ces animaux majestueux, capturant l&rsquo;esprit festif de la ville. Les taureaux sont stylis\u00e9s avec une finition m\u00ealant des tons bleus, rouges, verts et jaunes, cr\u00e9ant un effet visuel dynamique et attrayant. En compl\u00e9ment de l&rsquo;illustration, on trouve le mot \u00ab\u00a0Sevilla\u00a0\u00bb en lettres color\u00e9es, ce qui renforce le lien du souvenir avec cette ville embl\u00e9matique.<\/p>\n<p>Cet aimant n&rsquo;est pas seulement un accessoire d\u00e9coratif parfait pour ajouter une touche festive \u00e0 n&rsquo;importe quelle surface magn\u00e9tique, mais c&rsquo;est aussi un souvenir authentique des traditions culturelles de S\u00e9ville, comme les corridas et le folklore local. Chaque fois que vous le verrez, il vous rappellera l&rsquo;\u00e9nergie et les couleurs de cette ville si vibrante.<\/p>\n<p>Chez Ol\u00e9 Mosaic, nous sommes des distributeurs de souvenirs en gros et cet aimant de taureaux repr\u00e9sente une option id\u00e9ale pour les boutiques de cadeaux touristiques \u00e0 la recherche d&rsquo;articles repr\u00e9sentatifs. C&rsquo;est un souvenir qui allie authenticit\u00e9 et art, \u00e9tant le cadeau parfait pour ceux qui souhaitent emporter un morceau de S\u00e9ville chez eux.<\/p>\n","protected":false},"excerpt":{"rendered":"<p>Aimant de 7,5 cm avec une joyeuse repr\u00e9sentation de deux taureaux, symbole embl\u00e9matique de la culture espagnole, particuli\u00e8rement de S\u00e9ville. Cet aimant pr\u00e9sente un design vibrant en mosa\u00efque avec des couleurs qui soulignent la force et la beaut\u00e9 des taureaux, compl\u00e9t\u00e9 par le mot \u00ab\u00a0Sevilla\u00a0\u00bb en lettres color\u00e9es. Id\u00e9al pour ajouter une touche festive \u00e0 n&rsquo;importe quel espace, ce souvenir est parfait pour comm\u00e9morer la tradition taurine et le folklore s\u00e9villan.<\/p>\n","protected":false},"featured_media":14048,"template":"","meta":{"_acf_changed":false},"product_brand":[],"product_cat":[697],"product_tag":[530],"class_list":{"0":"post-36009","1":"product","2":"type-product","3":"status-publish","4":"has-post-thumbnail","6":"product_cat-aimants","7":"product_tag-animaux","8":"pa_ciudad-sevilla","9":"pa_motivo-taureaux","10":"pa_pais-espana","12":"first","13":"instock","14":"shipping-taxable","15":"product-type-simple"},"acf":[],"_links":{"self":[{"href":"https:\/\/olemosaic.orbitalia.org\/fr\/wp-json\/wp\/v2\/product\/36009","targetHints":{"allow":["GET"]}}],"collection":[{"href":"https:\/\/olemosaic.orbitalia.org\/fr\/wp-json\/wp\/v2\/product"}],"about":[{"href":"https:\/\/olemosaic.orbitalia.org\/fr\/wp-json\/wp\/v2\/types\/product"}],"wp:featuredmedia":[{"embeddable":true,"href":"https:\/\/olemosaic.orbitalia.org\/fr\/wp-json\/wp\/v2\/media\/14048"}],"wp:attachment":[{"href":"https:\/\/olemosaic.orbitalia.org\/fr\/wp-json\/wp\/v2\/media?parent=36009"}],"wp:term":[{"taxonomy":"product_brand","embeddable":true,"href":"https:\/\/olemosaic.orbitalia.org\/fr\/wp-json\/wp\/v2\/product_brand?post=36009"},{"taxonomy":"product_cat","embeddable":true,"href":"https:\/\/olemosaic.orbitalia.org\/fr\/wp-json\/wp\/v2\/product_cat?post=36009"},{"taxonomy":"product_tag","embeddable":true,"href":"https:\/\/olemosaic.orbitalia.org\/fr\/wp-json\/wp\/v2\/product_tag?post=36009"}],"curies":[{"name":"wp","href":"https:\/\/api.w.org\/{rel}","templated":true}]}}