{"id":35983,"date":"2025-02-20T23:37:57","date_gmt":"2025-02-20T22:37:57","guid":{"rendered":"https:\/\/olemosaic.orbitalia.org\/producto\/iman-de-resina-panoramica-valencia\/"},"modified":"2025-07-25T20:39:32","modified_gmt":"2025-07-25T18:39:32","slug":"aimant-resine-panoramique-valence","status":"publish","type":"product","link":"https:\/\/olemosaic.orbitalia.org\/fr\/produit\/aimant-resine-panoramique-valence\/","title":{"rendered":"Aimant en r\u00e9sine. Panoramique. Valence."},"content":{"rendered":"<p>Cet aimant en r\u00e9sine, avec sa vue panoramique color\u00e9e de Valence, est un v\u00e9ritable tr\u00e9sor qui capture l&rsquo;essence de cette ville m\u00e9diterran\u00e9enne vibrante. Con\u00e7u pour \u00eatre un souvenir inoubliable, il pr\u00e9sente une repr\u00e9sentation artistique qui met en valeur deux des b\u00e2timents les plus embl\u00e9matiques de Valence : la majestueuse Loge de la Soie (Lonja de la Seda), avec ses gargouilles et ses tours complexes, et la futuriste Cit\u00e9 des Arts et des Sciences, mondialement reconnue pour son architecture unique et contemporaine. Le soleil brillant qui illumine la sc\u00e8ne symbolise le climat chaud de la r\u00e9gion, tandis que l&rsquo;orange juteuse, autre ic\u00f4ne valencienne, souligne la richesse agricole de cette terre.<\/p>\n<p>Avec des couleurs vibrantes et une finition m\u00e9ticuleusement d\u00e9taill\u00e9e, cet aimant n&rsquo;est pas seulement un objet d\u00e9coratif, mais un v\u00e9ritable repr\u00e9sentant culturel qui rappelle au visiteur les moments v\u00e9cus dans l&rsquo;une des plus belles destinations d&rsquo;Espagne. Son design panoramique permet de profiter de la beaut\u00e9 de Valence n&rsquo;importe o\u00f9, en faisant un souvenir id\u00e9al pour ceux qui souhaitent emporter un morceau de la culture locale. Chez Ol\u00e9 Mosaic, en tant que distributeurs de souvenirs en gros, nous proposons cet aimant en r\u00e9sine comme une excellente option pour les boutiques de cadeaux touristiques \u00e0 la recherche d&rsquo;articles authentiques et repr\u00e9sentatifs de Valence. Parfait pour ceux qui recherchent des souvenirs de qualit\u00e9 racontant une histoire culturelle.<\/p>\n","protected":false},"excerpt":{"rendered":"<p>Aimant avec une vue panoramique color\u00e9e de Valence mettant en valeur les b\u00e2timents les plus embl\u00e9matiques de la ville. Ce design pr\u00e9sente une repr\u00e9sentation artistique de la Loge de la Soie et de la Cit\u00e9 des Arts et des Sciences, compl\u00e9t\u00e9e par un soleil radieux et une orange, symboles de la richesse culturelle et paysag\u00e8re de la r\u00e9gion. Avec des couleurs vibrantes et une finition d\u00e9taill\u00e9e, c&rsquo;est le souvenir parfait pour se souvenir de votre visite.<\/p>\n","protected":false},"featured_media":14042,"template":"","meta":{"_acf_changed":false},"product_brand":[],"product_cat":[697],"product_tag":[],"class_list":{"0":"post-35983","1":"product","2":"type-product","3":"status-publish","4":"has-post-thumbnail","6":"product_cat-aimants","7":"pa_ciudad-valencia","8":"pa_motivo-panoramas","9":"pa_pais-espana","11":"first","12":"instock","13":"shipping-taxable","14":"product-type-simple"},"acf":[],"_links":{"self":[{"href":"https:\/\/olemosaic.orbitalia.org\/fr\/wp-json\/wp\/v2\/product\/35983","targetHints":{"allow":["GET"]}}],"collection":[{"href":"https:\/\/olemosaic.orbitalia.org\/fr\/wp-json\/wp\/v2\/product"}],"about":[{"href":"https:\/\/olemosaic.orbitalia.org\/fr\/wp-json\/wp\/v2\/types\/product"}],"wp:featuredmedia":[{"embeddable":true,"href":"https:\/\/olemosaic.orbitalia.org\/fr\/wp-json\/wp\/v2\/media\/14042"}],"wp:attachment":[{"href":"https:\/\/olemosaic.orbitalia.org\/fr\/wp-json\/wp\/v2\/media?parent=35983"}],"wp:term":[{"taxonomy":"product_brand","embeddable":true,"href":"https:\/\/olemosaic.orbitalia.org\/fr\/wp-json\/wp\/v2\/product_brand?post=35983"},{"taxonomy":"product_cat","embeddable":true,"href":"https:\/\/olemosaic.orbitalia.org\/fr\/wp-json\/wp\/v2\/product_cat?post=35983"},{"taxonomy":"product_tag","embeddable":true,"href":"https:\/\/olemosaic.orbitalia.org\/fr\/wp-json\/wp\/v2\/product_tag?post=35983"}],"curies":[{"name":"wp","href":"https:\/\/api.w.org\/{rel}","templated":true}]}}