{"id":35982,"date":"2025-02-20T23:37:57","date_gmt":"2025-02-20T22:37:57","guid":{"rendered":"https:\/\/olemosaic.orbitalia.org\/producto\/iman-de-resina-panoramica-sevilla\/"},"modified":"2025-07-25T20:15:10","modified_gmt":"2025-07-25T18:15:10","slug":"aimant-resine-panoramique-seville","status":"publish","type":"product","link":"https:\/\/olemosaic.orbitalia.org\/fr\/produit\/aimant-resine-panoramique-seville\/","title":{"rendered":"Aimant en r\u00e9sine. Panoramique. S\u00e9ville."},"content":{"rendered":"<p>Cet aimant en r\u00e9sine de S\u00e9ville est une repr\u00e9sentation vibrante et color\u00e9e de l&rsquo;essence de cette majestueuse ville espagnole. Avec une vue panoramique d\u00e9taill\u00e9e qui capture ses monuments les plus embl\u00e9matiques, il met en avant la Giralda et l&rsquo;Alc\u00e1zar, des constructions embl\u00e9matiques qui refl\u00e8tent le riche h\u00e9ritage culturel de S\u00e9ville. Les \u00e9l\u00e9ments d\u00e9coratifs, tels que le soleil brillant et les palmiers qui encadrent la sc\u00e8ne, \u00e9voquent le climat m\u00e9diterran\u00e9en caract\u00e9ristique de la r\u00e9gion, ajoutant une touche chaleureuse et attrayante.<\/p>\n<p>Le design inclut le mot \u00ab\u00a0SEVILLA\u00a0\u00bb en lettres multicolores, ce qui ajoute un aspect joyeux et festif qui attire l&rsquo;attention de tout amateur de souvenirs. Cette pi\u00e8ce n&rsquo;est pas seulement une d\u00e9coration fonctionnelle pour la maison, mais aussi un rappel tangible de la beaut\u00e9 et du charme de S\u00e9ville, id\u00e9al pour ceux qui souhaitent emporter un petit morceau de cette ville historique.<\/p>\n<p>Chez Ol\u00e9 Mosaic, nous sommes leaders dans la distribution de souvenirs en gros, et cet aimant repr\u00e9sente l&rsquo;authenticit\u00e9 et la valeur culturelle que nous cherchons \u00e0 offrir. C&rsquo;est un souvenir parfait pour les boutiques de cadeaux touristiques qui souhaitent offrir \u00e0 leurs clients un souvenir authentique de S\u00e9ville, alliant art, \u00e9motion et tradition en un seul objet.<\/p>\n","protected":false},"excerpt":{"rendered":"<p>Aimant avec une vue panoramique color\u00e9e de S\u00e9ville qui met en valeur ses monuments embl\u00e9matiques et la beaut\u00e9 de sa culture. Le design inclut des \u00e9l\u00e9ments iconiques tels que la Giralda et l&rsquo;Alc\u00e1zar, compl\u00e9t\u00e9s par un soleil vibrant et des palmiers, symboles du climat andalou. Le mot \u00ab\u00a0SEVILLA\u00a0\u00bb en lettres multicolores ajoute une touche joyeuse et attrayante. Cet aimant est le souvenir parfait pour les amoureux de cette ville espagnole historique.<\/p>\n","protected":false},"featured_media":14041,"template":"","meta":{"_acf_changed":false},"product_brand":[],"product_cat":[697],"product_tag":[],"class_list":{"0":"post-35982","1":"product","2":"type-product","3":"status-publish","4":"has-post-thumbnail","6":"product_cat-aimants","7":"pa_ciudad-sevilla","8":"pa_motivo-panoramas","9":"pa_pais-espana","11":"first","12":"instock","13":"shipping-taxable","14":"product-type-simple"},"acf":[],"_links":{"self":[{"href":"https:\/\/olemosaic.orbitalia.org\/fr\/wp-json\/wp\/v2\/product\/35982","targetHints":{"allow":["GET"]}}],"collection":[{"href":"https:\/\/olemosaic.orbitalia.org\/fr\/wp-json\/wp\/v2\/product"}],"about":[{"href":"https:\/\/olemosaic.orbitalia.org\/fr\/wp-json\/wp\/v2\/types\/product"}],"wp:featuredmedia":[{"embeddable":true,"href":"https:\/\/olemosaic.orbitalia.org\/fr\/wp-json\/wp\/v2\/media\/14041"}],"wp:attachment":[{"href":"https:\/\/olemosaic.orbitalia.org\/fr\/wp-json\/wp\/v2\/media?parent=35982"}],"wp:term":[{"taxonomy":"product_brand","embeddable":true,"href":"https:\/\/olemosaic.orbitalia.org\/fr\/wp-json\/wp\/v2\/product_brand?post=35982"},{"taxonomy":"product_cat","embeddable":true,"href":"https:\/\/olemosaic.orbitalia.org\/fr\/wp-json\/wp\/v2\/product_cat?post=35982"},{"taxonomy":"product_tag","embeddable":true,"href":"https:\/\/olemosaic.orbitalia.org\/fr\/wp-json\/wp\/v2\/product_tag?post=35982"}],"curies":[{"name":"wp","href":"https:\/\/api.w.org\/{rel}","templated":true}]}}