{"id":35971,"date":"2025-02-20T23:37:56","date_gmt":"2025-02-20T22:37:56","guid":{"rendered":"https:\/\/olemosaic.orbitalia.org\/producto\/iman-de-resina-panoramica-malaga\/"},"modified":"2025-07-25T20:05:54","modified_gmt":"2025-07-25T18:05:54","slug":"aimant-resine-panoramique-malaga","status":"publish","type":"product","link":"https:\/\/olemosaic.orbitalia.org\/fr\/produit\/aimant-resine-panoramique-malaga\/","title":{"rendered":"Aimant en r\u00e9sine. Panoramique. Malaga."},"content":{"rendered":"<p>Aimant panoramique en r\u00e9sine de Malaga. Cet aimant captivant pr\u00e9sente une repr\u00e9sentation vibrante de la belle ville andalouse, mettant en avant ses monuments les plus embl\u00e9matiques. Avec une illustration riche en couleurs, il capture l&rsquo;essence de Malaga \u00e0 travers l&rsquo;iconique Palais de la Douane et le moderne Centre Pompidou, tous deux mis en valeur dans une fusion visuelle qui souligne l&rsquo;histoire et la contemporan\u00e9it\u00e9 de la r\u00e9gion. L&rsquo;arri\u00e8re-plan montre des collines verdoyantes sous un ciel bleu mosa\u00efque, \u00e9voquant la lumi\u00e8re et la chaleur du soleil de Malaga, partie int\u00e9grante du charme de cette ville c\u00f4ti\u00e8re.<\/p>\n<p>L&rsquo;inscription \u00ab\u00a0MALAGA\u00a0\u00bb, en lettres multicolores, ajoute une touche festive et attrayante, transformant cet aimant non seulement en un souvenir, mais en une v\u00e9ritable pi\u00e8ce d&rsquo;art qui refl\u00e8te la joie et la vitalit\u00e9 de sa culture. C&rsquo;est un cadeau parfait pour ceux qui cherchent \u00e0 emporter un petit morceau de Malaga, car il encapsule la beaut\u00e9 et le patrimoine culturel de la r\u00e9gion. Chez Ol\u00e9 Mosaic, nous sommes fiers de distribuer des souvenirs de Malaga et d&rsquo;autres produits repr\u00e9sentatifs de la tradition espagnole. Cet aimant est une excellente option pour les boutiques de cadeaux touristiques souhaitant proposer des articles authentiques et significatifs, garantissant un souvenir unique et captivant de la visite de cette merveilleuse ville.<\/p>\n","protected":false},"excerpt":{"rendered":"<p>Aimant avec une vue panoramique captivante de Malaga, mettant en valeur ses monuments embl\u00e9matiques et son soleil vibrant. Cet aimant pr\u00e9sente une illustration color\u00e9e de l&rsquo;iconique Palais de la Douane et du moderne Centre Pompidou, avec un fond de collines et un ciel bleu mosa\u00efque. L&rsquo;inscription \u00ab\u00a0MALAGA\u00a0\u00bb en lettres multicolores apporte une touche festive, en faisant un souvenir attrayant et repr\u00e9sentatif de cette belle ville andalouse.<\/p>\n","protected":false},"featured_media":14035,"template":"","meta":{"_acf_changed":false},"product_brand":[],"product_cat":[697],"product_tag":[],"class_list":{"0":"post-35971","1":"product","2":"type-product","3":"status-publish","4":"has-post-thumbnail","6":"product_cat-aimants","7":"pa_ciudad-malaga","8":"pa_motivo-panoramas","9":"pa_pais-espana","11":"first","12":"instock","13":"shipping-taxable","14":"product-type-simple"},"acf":[],"_links":{"self":[{"href":"https:\/\/olemosaic.orbitalia.org\/fr\/wp-json\/wp\/v2\/product\/35971","targetHints":{"allow":["GET"]}}],"collection":[{"href":"https:\/\/olemosaic.orbitalia.org\/fr\/wp-json\/wp\/v2\/product"}],"about":[{"href":"https:\/\/olemosaic.orbitalia.org\/fr\/wp-json\/wp\/v2\/types\/product"}],"wp:featuredmedia":[{"embeddable":true,"href":"https:\/\/olemosaic.orbitalia.org\/fr\/wp-json\/wp\/v2\/media\/14035"}],"wp:attachment":[{"href":"https:\/\/olemosaic.orbitalia.org\/fr\/wp-json\/wp\/v2\/media?parent=35971"}],"wp:term":[{"taxonomy":"product_brand","embeddable":true,"href":"https:\/\/olemosaic.orbitalia.org\/fr\/wp-json\/wp\/v2\/product_brand?post=35971"},{"taxonomy":"product_cat","embeddable":true,"href":"https:\/\/olemosaic.orbitalia.org\/fr\/wp-json\/wp\/v2\/product_cat?post=35971"},{"taxonomy":"product_tag","embeddable":true,"href":"https:\/\/olemosaic.orbitalia.org\/fr\/wp-json\/wp\/v2\/product_tag?post=35971"}],"curies":[{"name":"wp","href":"https:\/\/api.w.org\/{rel}","templated":true}]}}