{"id":35969,"date":"2025-02-20T23:37:56","date_gmt":"2025-02-20T22:37:56","guid":{"rendered":"https:\/\/olemosaic.orbitalia.org\/producto\/iman-de-resina-panoramica-madrid\/"},"modified":"2025-07-25T19:04:58","modified_gmt":"2025-07-25T17:04:58","slug":"aimant-resine-panoramique-madrid","status":"publish","type":"product","link":"https:\/\/olemosaic.orbitalia.org\/fr\/produit\/aimant-resine-panoramique-madrid\/","title":{"rendered":"Aimant en r\u00e9sine. Panoramique. Madrid."},"content":{"rendered":"<p>Aimant en r\u00e9sine panoramique de Madrid. Cet exquis aimant capture l&rsquo;essence vibrante de la capitale espagnole \u00e0 travers une repr\u00e9sentation color\u00e9e de ses monuments les plus embl\u00e9matiques. Le design met en avant la majestueuse Puerta de Alcal\u00e1 et la c\u00e9l\u00e8bre Plaza Mayor, baign\u00e9es par un soleil radieux qui symbolise la chaleur et l&rsquo;\u00e9nergie de la ville. Avec des couleurs vives qui brillent et s&rsquo;entrelacent, cet aimant attire l&rsquo;attention par son style joyeux, tandis que le mot \u00ab\u00a0MADRID\u00a0\u00bb ressort en bas, offrant une touche contemporaine et fra\u00eeche.<\/p>\n<p>Fabriqu\u00e9 en r\u00e9sine de haute qualit\u00e9, cet aimant n&rsquo;est pas seulement un souvenir qui orne le r\u00e9frig\u00e9rateur ou toute surface m\u00e9tallique, mais aussi une pi\u00e8ce qui \u00e9voque les moments v\u00e9cus dans la capitale espagnole. Chaque d\u00e9tail, des textures des structures aux nuances de couleurs, refl\u00e8te l&rsquo;authenticit\u00e9 et la richesse culturelle de Madrid, en faisant un souvenir incontournable pour les touristes.<\/p>\n<p>Chez Ol\u00e9 Mosaic, nous sommes fiers d&rsquo;\u00eatre des distributeurs de souvenirs de qualit\u00e9 en gros, offrant des produits authentiques qui c\u00e9l\u00e8brent le patrimoine culturel. Cet aimant de Madrid est une id\u00e9e brillante pour les boutiques de cadeaux touristiques qui cherchent \u00e0 proposer des souvenirs significatifs et repr\u00e9sentatifs de la ville, alliant art et culture dans un objet pratique et esth\u00e9tique.<\/p>\n","protected":false},"excerpt":{"rendered":"<p>Aimant avec une vue panoramique attrayante de Madrid, capturant l&rsquo;essence de la ville. Cet aimant pr\u00e9sente des couleurs \u00e9clatantes et des d\u00e9tails de structures iconiques comme la Puerta de Alcal\u00e1 et l&#8217;embl\u00e9matique Plaza Mayor, encadr\u00e9es par un soleil radieux. Le mot \u00ab\u00a0MADRID\u00a0\u00bb se distingue en bas, avec un design joyeux et color\u00e9 qui refl\u00e8te l&rsquo;esprit vibrant de la capitale espagnole. Id\u00e9al pour emporter un souvenir de la ville.<\/p>\n","protected":false},"featured_media":14033,"template":"","meta":{"_acf_changed":false},"product_brand":[],"product_cat":[697],"product_tag":[],"class_list":{"0":"post-35969","1":"product","2":"type-product","3":"status-publish","4":"has-post-thumbnail","6":"product_cat-aimants","7":"pa_ciudad-madrid","8":"pa_motivo-panoramas","9":"pa_pais-espana","11":"first","12":"instock","13":"shipping-taxable","14":"product-type-simple"},"acf":[],"_links":{"self":[{"href":"https:\/\/olemosaic.orbitalia.org\/fr\/wp-json\/wp\/v2\/product\/35969","targetHints":{"allow":["GET"]}}],"collection":[{"href":"https:\/\/olemosaic.orbitalia.org\/fr\/wp-json\/wp\/v2\/product"}],"about":[{"href":"https:\/\/olemosaic.orbitalia.org\/fr\/wp-json\/wp\/v2\/types\/product"}],"wp:featuredmedia":[{"embeddable":true,"href":"https:\/\/olemosaic.orbitalia.org\/fr\/wp-json\/wp\/v2\/media\/14033"}],"wp:attachment":[{"href":"https:\/\/olemosaic.orbitalia.org\/fr\/wp-json\/wp\/v2\/media?parent=35969"}],"wp:term":[{"taxonomy":"product_brand","embeddable":true,"href":"https:\/\/olemosaic.orbitalia.org\/fr\/wp-json\/wp\/v2\/product_brand?post=35969"},{"taxonomy":"product_cat","embeddable":true,"href":"https:\/\/olemosaic.orbitalia.org\/fr\/wp-json\/wp\/v2\/product_cat?post=35969"},{"taxonomy":"product_tag","embeddable":true,"href":"https:\/\/olemosaic.orbitalia.org\/fr\/wp-json\/wp\/v2\/product_tag?post=35969"}],"curies":[{"name":"wp","href":"https:\/\/api.w.org\/{rel}","templated":true}]}}