{"id":35947,"date":"2025-02-20T23:37:55","date_gmt":"2025-02-20T22:37:55","guid":{"rendered":"https:\/\/olemosaic.orbitalia.org\/producto\/iman-de-resina-letrero-marbella-azul\/"},"modified":"2025-07-25T18:37:28","modified_gmt":"2025-07-25T16:37:28","slug":"aimant-resine-enseigne-marbella-bleu","status":"publish","type":"product","link":"https:\/\/olemosaic.orbitalia.org\/fr\/produit\/aimant-resine-enseigne-marbella-bleu\/","title":{"rendered":"Aimant en r\u00e9sine. Enseigne. Marbella. Bleu."},"content":{"rendered":"<p>Cet aimant en r\u00e9sine avec l&rsquo;enseigne vibrante \u00ab\u00a0MARBELLA\u00a0\u00bb est une repr\u00e9sentation color\u00e9e et authentique de la ville embl\u00e9matique de la Costa del Sol. Avec des lettres qui brillent dans des tons frappants comme le jaune, le rouge, le vert et le bleu, le design se distingue par son fond bleu mosa\u00efque, qui \u00e9voque la tradition artisanale andalouse pr\u00e9sente dans chaque recoin de Marbella. Les lettres, chacune avec un design unique, apportent un dynamisme visuel, tandis qu&rsquo;un flamant rose rouge ajoute une touche de folklore local, symbolisant la riche culture espagnole.<\/p>\n<p>Cet aimant n&rsquo;est pas seulement un moyen de se souvenir de la beaut\u00e9 et de la chaleur de Marbella, mais aussi un souvenir id\u00e9al pour les touristes qui souhaitent emporter un petit morceau de la c\u00f4te andalouse chez eux. Sa finition en r\u00e9sine assure la durabilit\u00e9, en faisant un accessoire parfait pour tout r\u00e9frig\u00e9rateur ou surface m\u00e9tallique, capable de r\u00e9sister au passage du temps.<\/p>\n<p>Chez Ol\u00e9 Mosaic, nous nous sp\u00e9cialisons dans la distribution de souvenirs repr\u00e9sentatifs et authentiques. Cet aimant de Marbella est une excellente option pour les boutiques de cadeaux touristiques, car il offre une connexion \u00e9motionnelle \u00e0 travers l&rsquo;art et la culture, id\u00e9al pour ceux qui souhaitent se souvenir de leur visite dans cette ville charmante. En tant que grossistes en souvenirs de Marbella, nous garantissons des designs qui capturent l&rsquo;essence de la r\u00e9gion, assurant la satisfaction \u00e0 chaque achat.<\/p>\n","protected":false},"excerpt":{"rendered":"<p>Aimant avec une enseigne vibrante qui met en valeur le mot \u00ab\u00a0MARBELLA\u00a0\u00bb dans des couleurs vives comme le jaune, le rouge, le vert et le bleu. Le design, inspir\u00e9 de l&rsquo;artisanat andalou, pr\u00e9sente un fond bleu mosa\u00efque qui compl\u00e8te le texte, cr\u00e9ant un effet visuel attrayant. De plus, il inclut un d\u00e9tail d\u00e9coratif d&rsquo;un flamant rose rouge brillant, qui apporte une touche de folklore local. Id\u00e9al pour se souvenir de cette charmante ville de la Costa del Sol.<\/p>\n","protected":false},"featured_media":14031,"template":"","meta":{"_acf_changed":false},"product_brand":[],"product_cat":[697],"product_tag":[],"class_list":{"0":"post-35947","1":"product","2":"type-product","3":"status-publish","4":"has-post-thumbnail","6":"product_cat-aimants","7":"pa_ciudad-marbella","8":"pa_motivo-panneaux-villes","9":"pa_pais-espana","11":"first","12":"instock","13":"shipping-taxable","14":"product-type-simple"},"acf":[],"_links":{"self":[{"href":"https:\/\/olemosaic.orbitalia.org\/fr\/wp-json\/wp\/v2\/product\/35947","targetHints":{"allow":["GET"]}}],"collection":[{"href":"https:\/\/olemosaic.orbitalia.org\/fr\/wp-json\/wp\/v2\/product"}],"about":[{"href":"https:\/\/olemosaic.orbitalia.org\/fr\/wp-json\/wp\/v2\/types\/product"}],"wp:featuredmedia":[{"embeddable":true,"href":"https:\/\/olemosaic.orbitalia.org\/fr\/wp-json\/wp\/v2\/media\/14031"}],"wp:attachment":[{"href":"https:\/\/olemosaic.orbitalia.org\/fr\/wp-json\/wp\/v2\/media?parent=35947"}],"wp:term":[{"taxonomy":"product_brand","embeddable":true,"href":"https:\/\/olemosaic.orbitalia.org\/fr\/wp-json\/wp\/v2\/product_brand?post=35947"},{"taxonomy":"product_cat","embeddable":true,"href":"https:\/\/olemosaic.orbitalia.org\/fr\/wp-json\/wp\/v2\/product_cat?post=35947"},{"taxonomy":"product_tag","embeddable":true,"href":"https:\/\/olemosaic.orbitalia.org\/fr\/wp-json\/wp\/v2\/product_tag?post=35947"}],"curies":[{"name":"wp","href":"https:\/\/api.w.org\/{rel}","templated":true}]}}