{"id":35941,"date":"2025-02-20T23:37:54","date_gmt":"2025-02-20T22:37:54","guid":{"rendered":"https:\/\/olemosaic.orbitalia.org\/producto\/iman-de-resina-letrero-marbella\/"},"modified":"2025-07-25T18:42:02","modified_gmt":"2025-07-25T16:42:02","slug":"aimant-resine-enseigne-marbella","status":"publish","type":"product","link":"https:\/\/olemosaic.orbitalia.org\/fr\/produit\/aimant-resine-enseigne-marbella\/","title":{"rendered":"Aimant en r\u00e9sine. Enseigne. Marbella."},"content":{"rendered":"<p>Cet aimant en r\u00e9sine avec l&rsquo;enseigne vibrante \u00ab\u00a0MARBELLA\u00a0\u00bb est un v\u00e9ritable hommage \u00e0 la ville embl\u00e9matique de la Costa del Sol, un souvenir id\u00e9al pour ceux qui souhaitent emporter un morceau de son charme chez eux. Avec un design color\u00e9 et frappant, les lettres formant \u00ab\u00a0MARBELLA\u00a0\u00bb sont \u00e9labor\u00e9es dans des tons intenses de rouge, bleu et jaune, capturant la vivacit\u00e9 et l&rsquo;esprit festif de la r\u00e9gion. Le fond, qui simule une mosa\u00efque typiquement andalouse, ajoute une touche artistique qui rehausse l&rsquo;authenticit\u00e9 du produit, \u00e9voquant la riche tradition culturelle de Marbella.<\/p>\n<p>Orn\u00e9 d&rsquo;un motif attrayant de crabe, cet aimant n&rsquo;est pas seulement une pi\u00e8ce d\u00e9corative, mais aussi un embl\u00e8me du style de vie c\u00f4tier et de la gastronomie locale, c\u00e9l\u00e9brant la fra\u00eecheur de la mer M\u00e9diterran\u00e9e. La r\u00e9sine utilis\u00e9e garantit la durabilit\u00e9 et une finition brillante, rendant cet aimant parfait aussi bien pour le r\u00e9frig\u00e9rateur que pour toute surface m\u00e9tallique.<\/p>\n<p>Chez Ol\u00e9 Mosaic, nous nous sp\u00e9cialisons dans la distribution de souvenirs de qualit\u00e9 qui refl\u00e8tent l&rsquo;h\u00e9ritage culturel de l&rsquo;Espagne. Cet aimant de Marbella est une excellente option pour les boutiques de cadeaux touristiques \u00e0 la recherche de produits authentiques et attrayants. Avec son caract\u00e8re distinctif et sa connexion culturelle pertinente, c&rsquo;est le cadeau parfait pour ceux qui veulent se souvenir de leurs exp\u00e9riences dans cette ville merveilleuse.<\/p>\n","protected":false},"excerpt":{"rendered":"<p>Aimant avec une enseigne soulignant le mot \u00ab\u00a0MARBELLA\u00a0\u00bb dans des couleurs vibrantes. Le design, avec des typographies aux tons intenses comme le rouge, le bleu et le jaune, s&rsquo;\u00e9l\u00e8ve sur un fond simulant la mosa\u00efque andalouse. Orn\u00e9 d&rsquo;un crabe attrayant, cet aimant capture l&rsquo;essence de Marbella, constituant un souvenir parfait du folklore vibrant et de la culture de cette charmante ville de la Costa del Sol.<\/p>\n","protected":false},"featured_media":14025,"template":"","meta":{"_acf_changed":false},"product_brand":[],"product_cat":[697],"product_tag":[],"class_list":{"0":"post-35941","1":"product","2":"type-product","3":"status-publish","4":"has-post-thumbnail","6":"product_cat-aimants","7":"pa_ciudad-marbella","8":"pa_motivo-panneaux-villes","9":"pa_pais-espana","11":"first","12":"instock","13":"shipping-taxable","14":"product-type-simple"},"acf":[],"_links":{"self":[{"href":"https:\/\/olemosaic.orbitalia.org\/fr\/wp-json\/wp\/v2\/product\/35941","targetHints":{"allow":["GET"]}}],"collection":[{"href":"https:\/\/olemosaic.orbitalia.org\/fr\/wp-json\/wp\/v2\/product"}],"about":[{"href":"https:\/\/olemosaic.orbitalia.org\/fr\/wp-json\/wp\/v2\/types\/product"}],"wp:featuredmedia":[{"embeddable":true,"href":"https:\/\/olemosaic.orbitalia.org\/fr\/wp-json\/wp\/v2\/media\/14025"}],"wp:attachment":[{"href":"https:\/\/olemosaic.orbitalia.org\/fr\/wp-json\/wp\/v2\/media?parent=35941"}],"wp:term":[{"taxonomy":"product_brand","embeddable":true,"href":"https:\/\/olemosaic.orbitalia.org\/fr\/wp-json\/wp\/v2\/product_brand?post=35941"},{"taxonomy":"product_cat","embeddable":true,"href":"https:\/\/olemosaic.orbitalia.org\/fr\/wp-json\/wp\/v2\/product_cat?post=35941"},{"taxonomy":"product_tag","embeddable":true,"href":"https:\/\/olemosaic.orbitalia.org\/fr\/wp-json\/wp\/v2\/product_tag?post=35941"}],"curies":[{"name":"wp","href":"https:\/\/api.w.org\/{rel}","templated":true}]}}