{"id":35940,"date":"2025-02-20T23:37:54","date_gmt":"2025-02-20T22:37:54","guid":{"rendered":"https:\/\/olemosaic.orbitalia.org\/producto\/iman-de-resina-letrero-sevilla-azul\/"},"modified":"2025-07-25T18:57:11","modified_gmt":"2025-07-25T16:57:11","slug":"aimant-resine-enseigne-seville-bleu","status":"publish","type":"product","link":"https:\/\/olemosaic.orbitalia.org\/fr\/produit\/aimant-resine-enseigne-seville-bleu\/","title":{"rendered":"Aimant en r\u00e9sine. Enseigne. S\u00e9ville. Bleu."},"content":{"rendered":"<p>Cet aimant en r\u00e9sine portant le nom \u00ab\u00a0Sevilla\u00a0\u00bb est le souvenir parfait pour capturer l&rsquo;essence vibrante de la capitale andalouse. Avec un design contemporain et des couleurs vives, cet aimant se distingue par ses grandes lettres multicolores qui \u00e9voquent la joie et le dynamisme des traditions s\u00e9villanes. Le mot \u00ab\u00a0Sevilla\u00a0\u00bb appara\u00eet dans un format artistique, o\u00f9 chaque lettre pr\u00e9sente un motif diff\u00e9rent, encadr\u00e9 par des danseuses de flamenco d&rsquo;un rouge intense et chaud, symbolisant l&rsquo;art du flamenco, partie int\u00e9grante de la culture locale.<\/p>\n<p>Sur un fond bleu simulant une mosa\u00efque, cet aimant ne d\u00e9core pas seulement n&rsquo;importe quelle surface avec sa fra\u00eecheur, mais il connecte \u00e9galement visuellement avec le riche h\u00e9ritage artistique de S\u00e9ville. Ce design apporte une touche festive \u00e0 votre int\u00e9rieur et agit comme un rappel constant des belles rues, de l&rsquo;architecture historique et de la vie culturelle vibrante de cette ville \u00e9blouissante.<\/p>\n<p>Chez Ol\u00e9 Mosaic, nous sommes fiers de proposer des souvenirs authentiques et repr\u00e9sentatifs qui racontent des histoires. Cet aimant est un excellent choix pour les boutiques de cadeaux touristiques, id\u00e9al pour ceux qui recherchent un souvenir significatif de S\u00e9ville. En tant que distributeurs de souvenirs en gros, nous garantissons la qualit\u00e9 et la singularit\u00e9 de chaque produit.<\/p>\n","protected":false},"excerpt":{"rendered":"<p>Aimant avec une enseigne vibrante mettant en avant la ville de S\u00e9ville dans des couleurs \u00e9clatantes. Cet article pr\u00e9sente un design contemporain avec de grandes lettres multicolores, entour\u00e9es d&rsquo;\u00e9l\u00e9ments d\u00e9coratifs tels que des danseuses de flamenco en rouge, le tout sur un fond bleu simulant une mosa\u00efque. Id\u00e9al comme souvenir des traditions s\u00e9villanes, cet aimant ajoute une touche festive \u00e0 n&rsquo;importe quelle surface, \u00e9voquant l&rsquo;essence culturelle de l&rsquo;Andalousie.<\/p>\n","protected":false},"featured_media":14024,"template":"","meta":{"_acf_changed":false},"product_brand":[],"product_cat":[697],"product_tag":[],"class_list":{"0":"post-35940","1":"product","2":"type-product","3":"status-publish","4":"has-post-thumbnail","6":"product_cat-aimants","7":"pa_ciudad-sevilla","8":"pa_motivo-panneaux-villes","9":"pa_pais-espana","11":"first","12":"instock","13":"shipping-taxable","14":"product-type-simple"},"acf":[],"_links":{"self":[{"href":"https:\/\/olemosaic.orbitalia.org\/fr\/wp-json\/wp\/v2\/product\/35940","targetHints":{"allow":["GET"]}}],"collection":[{"href":"https:\/\/olemosaic.orbitalia.org\/fr\/wp-json\/wp\/v2\/product"}],"about":[{"href":"https:\/\/olemosaic.orbitalia.org\/fr\/wp-json\/wp\/v2\/types\/product"}],"wp:featuredmedia":[{"embeddable":true,"href":"https:\/\/olemosaic.orbitalia.org\/fr\/wp-json\/wp\/v2\/media\/14024"}],"wp:attachment":[{"href":"https:\/\/olemosaic.orbitalia.org\/fr\/wp-json\/wp\/v2\/media?parent=35940"}],"wp:term":[{"taxonomy":"product_brand","embeddable":true,"href":"https:\/\/olemosaic.orbitalia.org\/fr\/wp-json\/wp\/v2\/product_brand?post=35940"},{"taxonomy":"product_cat","embeddable":true,"href":"https:\/\/olemosaic.orbitalia.org\/fr\/wp-json\/wp\/v2\/product_cat?post=35940"},{"taxonomy":"product_tag","embeddable":true,"href":"https:\/\/olemosaic.orbitalia.org\/fr\/wp-json\/wp\/v2\/product_tag?post=35940"}],"curies":[{"name":"wp","href":"https:\/\/api.w.org\/{rel}","templated":true}]}}