{"id":35939,"date":"2025-02-20T23:37:53","date_gmt":"2025-02-20T22:37:53","guid":{"rendered":"https:\/\/olemosaic.orbitalia.org\/producto\/iman-de-resina-letrero-malaga\/"},"modified":"2025-07-25T19:41:20","modified_gmt":"2025-07-25T17:41:20","slug":"aimant-resine-enseigne-malaga","status":"publish","type":"product","link":"https:\/\/olemosaic.orbitalia.org\/fr\/produit\/aimant-resine-enseigne-malaga\/","title":{"rendered":"Aimant en r\u00e9sine. Enseigne. Malaga."},"content":{"rendered":"<p>Cet aimant en r\u00e9sine portant le nom de Malaga est un souvenir color\u00e9 et vibrant qui capture l&rsquo;essence de cette belle ville andalouse. Avec un design attrayant et amusant, l&rsquo;aimant pr\u00e9sente le mot \u00ab\u00a0MALAGA\u00a0\u00bb en grandes lettres frappantes, avec une palette de couleurs vives en rouge, bleu, jaune et vert. Ces lettres sont dispos\u00e9es sur un fond qui simule le style du trencad\u00eds, une technique de mosa\u00efque caract\u00e9ristique de l&rsquo;art andalou, qui ajoute une touche d&rsquo;authenticit\u00e9 et de saveur locale.<\/p>\n<p>L&rsquo;aimant comprend un dessin d\u00e9taill\u00e9 d&rsquo;une danseuse de flamenco dans une \u00e9l\u00e9gante robe rouge, symbolisant la riche tradition culturelle de la r\u00e9gion et l&rsquo;esprit festif qui la caract\u00e9rise. Cette repr\u00e9sentation du flamenco, art d\u00e9clar\u00e9 Patrimoine Immat\u00e9riel de l&rsquo;Humanit\u00e9 par l&rsquo;UNESCO, fait de cet aimant une excellente option pour ceux qui souhaitent ramener chez eux un morceau de la culture de Malaga.<\/p>\n<p>Chez Ol\u00e9 Mosaic, nous nous consacrons \u00e0 offrir des souvenirs authentiques et de qualit\u00e9 en gros, comme cet aimant en r\u00e9sine qui se distingue par son design et son symbolisme culturel. Id\u00e9al pour les boutiques de cadeaux touristiques, cet aimant est un excellent souvenir de Malaga, parfait pour ceux qui recherchent une pi\u00e8ce capturant la beaut\u00e9 et le folklore de la r\u00e9gion.<\/p>\n","protected":false},"excerpt":{"rendered":"<p>Aimant avec une enseigne vibrante c\u00e9l\u00e9brant Malaga. Cet aimant color\u00e9 se distingue par ses lettres brillantes en rouge, bleu, jaune et vert, dispos\u00e9es sur un fond simulant le style trencad\u00eds, caract\u00e9ristique de l&rsquo;art andalou. Le d\u00e9tail d\u00e9coratif d&rsquo;une danseuse de flamenco en robe rouge rehausse l&rsquo;essence culturelle de la r\u00e9gion, faisant de cet aimant un souvenir parfait et joyeux de la beaut\u00e9 de Malaga.<\/p>\n","protected":false},"featured_media":14023,"template":"","meta":{"_acf_changed":false},"product_brand":[],"product_cat":[697],"product_tag":[],"class_list":{"0":"post-35939","1":"product","2":"type-product","3":"status-publish","4":"has-post-thumbnail","6":"product_cat-aimants","7":"pa_ciudad-malaga","8":"pa_motivo-panneaux-villes","9":"pa_pais-espana","11":"first","12":"instock","13":"shipping-taxable","14":"product-type-simple"},"acf":[],"_links":{"self":[{"href":"https:\/\/olemosaic.orbitalia.org\/fr\/wp-json\/wp\/v2\/product\/35939","targetHints":{"allow":["GET"]}}],"collection":[{"href":"https:\/\/olemosaic.orbitalia.org\/fr\/wp-json\/wp\/v2\/product"}],"about":[{"href":"https:\/\/olemosaic.orbitalia.org\/fr\/wp-json\/wp\/v2\/types\/product"}],"wp:featuredmedia":[{"embeddable":true,"href":"https:\/\/olemosaic.orbitalia.org\/fr\/wp-json\/wp\/v2\/media\/14023"}],"wp:attachment":[{"href":"https:\/\/olemosaic.orbitalia.org\/fr\/wp-json\/wp\/v2\/media?parent=35939"}],"wp:term":[{"taxonomy":"product_brand","embeddable":true,"href":"https:\/\/olemosaic.orbitalia.org\/fr\/wp-json\/wp\/v2\/product_brand?post=35939"},{"taxonomy":"product_cat","embeddable":true,"href":"https:\/\/olemosaic.orbitalia.org\/fr\/wp-json\/wp\/v2\/product_cat?post=35939"},{"taxonomy":"product_tag","embeddable":true,"href":"https:\/\/olemosaic.orbitalia.org\/fr\/wp-json\/wp\/v2\/product_tag?post=35939"}],"curies":[{"name":"wp","href":"https:\/\/api.w.org\/{rel}","templated":true}]}}