{"id":35912,"date":"2025-02-20T23:37:53","date_gmt":"2025-02-20T22:37:53","guid":{"rendered":"https:\/\/olemosaic.orbitalia.org\/producto\/iman-de-resina-toros-barcelona\/"},"modified":"2025-07-25T18:50:19","modified_gmt":"2025-07-25T16:50:19","slug":"aimant-resine-taureaux-barcelone","status":"publish","type":"product","link":"https:\/\/olemosaic.orbitalia.org\/fr\/produit\/aimant-resine-taureaux-barcelone\/","title":{"rendered":"Aimant en r\u00e9sine. Taureaux. Barcelone."},"content":{"rendered":"<p>Cet aimant en r\u00e9sine capture l&rsquo;essence vibrante de Barcelone \u00e0 travers un design captivant pr\u00e9sentant un taureau dynamique dans un environnement \u00e9voquant la riche tradition taurine de l&rsquo;Espagne. Avec une finition en mosa\u00efque, ce produit se distingue par sa palette de couleurs \u00e9clatantes, avec des tons rouges, verts, bleus et jaunes qui cr\u00e9ent une repr\u00e9sentation visuelle \u00e9nergique et joyeuse. Le fond en mosa\u00efque comprend un soleil radieux brillant dans un ciel bleu, orn\u00e9 de fleurs rouges qui ajoutent une touche de fra\u00eecheur et de vitalit\u00e9 \u00e0 l&rsquo;ensemble. Le mot \u00ab\u00a0Barcelone\u00a0\u00bb, en lettres color\u00e9es \u00e0 la base de l&rsquo;aimant, souligne le lien culturel avec cette ville embl\u00e9matique, en faisant un cadeau parfait pour se souvenir de moments sp\u00e9ciaux.<\/p>\n<p>Ce souvenir n&rsquo;est pas seulement un bel objet d\u00e9coratif, mais aussi un symbole de l&rsquo;identit\u00e9 culturelle catalane, id\u00e9al pour ceux qui souhaitent emporter un morceau de cette ville vibrante. Chez Ol\u00e9 Mosaic, nous nous sp\u00e9cialisons dans la distribution de souvenirs en gros, offrant des produits authentiques qui refl\u00e8tent la richesse du patrimoine espagnol. Cet aimant de taureau est une excellente option pour les commerces cherchant \u00e0 ajouter \u00e0 leur collection des souvenirs repr\u00e9sentatifs de Barcelone, garantissant un souvenir qui durera dans la m\u00e9moire de leurs clients. En tant que grossistes d&rsquo;aimants, nous proposons des quantit\u00e9s adapt\u00e9es pour satisfaire la demande des touristes avides de souvenirs significatifs.<\/p>\n","protected":false},"excerpt":{"rendered":"<p>Aimant avec un design vibrant inspir\u00e9 de la culture espagnole, repr\u00e9sentant un taureau \u00e9nergique dans un environnement color\u00e9 et embl\u00e9matique de Barcelone. Ce produit se distingue par sa technique de mosa\u00efque, qui utilise une riche palette de couleurs combinant rouges, verts, bleus et jaunes. Il comprend \u00e9galement un soleil radieux et des fleurs au premier plan, ainsi que le mot \u00ab Barcelone \u00bb, cr\u00e9ant une pi\u00e8ce attrayante et repr\u00e9sentative de la tradition taurine, parfaite pour \u00e9voquer l&rsquo;essence catalane.<\/p>\n","protected":false},"featured_media":14021,"template":"","meta":{"_acf_changed":false},"product_brand":[],"product_cat":[697],"product_tag":[530],"class_list":{"0":"post-35912","1":"product","2":"type-product","3":"status-publish","4":"has-post-thumbnail","6":"product_cat-aimants","7":"product_tag-animaux","8":"pa_ciudad-barcelona","9":"pa_motivo-taureaux","10":"pa_pais-espana","12":"first","13":"instock","14":"shipping-taxable","15":"product-type-simple"},"acf":[],"_links":{"self":[{"href":"https:\/\/olemosaic.orbitalia.org\/fr\/wp-json\/wp\/v2\/product\/35912","targetHints":{"allow":["GET"]}}],"collection":[{"href":"https:\/\/olemosaic.orbitalia.org\/fr\/wp-json\/wp\/v2\/product"}],"about":[{"href":"https:\/\/olemosaic.orbitalia.org\/fr\/wp-json\/wp\/v2\/types\/product"}],"wp:featuredmedia":[{"embeddable":true,"href":"https:\/\/olemosaic.orbitalia.org\/fr\/wp-json\/wp\/v2\/media\/14021"}],"wp:attachment":[{"href":"https:\/\/olemosaic.orbitalia.org\/fr\/wp-json\/wp\/v2\/media?parent=35912"}],"wp:term":[{"taxonomy":"product_brand","embeddable":true,"href":"https:\/\/olemosaic.orbitalia.org\/fr\/wp-json\/wp\/v2\/product_brand?post=35912"},{"taxonomy":"product_cat","embeddable":true,"href":"https:\/\/olemosaic.orbitalia.org\/fr\/wp-json\/wp\/v2\/product_cat?post=35912"},{"taxonomy":"product_tag","embeddable":true,"href":"https:\/\/olemosaic.orbitalia.org\/fr\/wp-json\/wp\/v2\/product_tag?post=35912"}],"curies":[{"name":"wp","href":"https:\/\/api.w.org\/{rel}","templated":true}]}}