{"id":35881,"date":"2025-02-20T23:37:51","date_gmt":"2025-02-20T22:37:51","guid":{"rendered":"https:\/\/olemosaic.orbitalia.org\/producto\/iman-de-resina-letrero-valencia\/"},"modified":"2025-07-25T18:59:00","modified_gmt":"2025-07-25T16:59:00","slug":"aimant-resine-enseigne-valence","status":"publish","type":"product","link":"https:\/\/olemosaic.orbitalia.org\/fr\/produit\/aimant-resine-enseigne-valence\/","title":{"rendered":"Aimant en r\u00e9sine. Enseigne. Valence."},"content":{"rendered":"<p>Cet aimant en r\u00e9sine avec des lettres color\u00e9es est un souvenir charmant qui c\u00e9l\u00e8bre la ville vibrante de Valence. Con\u00e7u avec des lettres dans une explosion de tons vibrants, l&rsquo;aimant forme le mot \u00ab\u00a0VALENCIA\u00a0\u00bb, capturant l&rsquo;essence de cette belle ville espagnole. Chaque lettre est pr\u00e9sent\u00e9e sur un fond imitant les mosa\u00efques embl\u00e9matiques de Valence, connues pour leurs pi\u00e8ces complexes et color\u00e9es qui ornent de nombreux coins de la ville. Comme touche distinctive, la repr\u00e9sentation stylis\u00e9e de la Tour du Miguelete se d\u00e9tache, un symbole embl\u00e9matique de Valence qui s&rsquo;\u00e9l\u00e8ve majestueusement au-dessus de la ville, un point de rep\u00e8re incontournable pour les visiteurs.<\/p>\n<p>Cet aimant n&rsquo;est pas seulement un accessoire pratique pour le r\u00e9frig\u00e9rateur, mais aussi une fen\u00eatre sur la riche culture et tradition de Valence. C&rsquo;est le souvenir parfait pour les touristes qui souhaitent emporter un morceau de la chaleur et de la joie de cette ville, id\u00e9al pour se souvenir de leur voyage et le partager avec leurs amis et leur famille. Chez Ol\u00e9 Mosaic, nous nous sp\u00e9cialisons dans la distribution de souvenirs en r\u00e9sine en gros, garantissant que nos clients ont acc\u00e8s \u00e0 des souvenirs authentiques qui mettent en valeur l&rsquo;identit\u00e9 culturelle de leurs destinations. Cet aimant est une excellente option pour les boutiques de cadeaux touristiques qui cherchent \u00e0 offrir des produits distinctifs et pleins de sens culturel.<\/p>\n","protected":false},"excerpt":{"rendered":"<p>Aimant avec une enseigne color\u00e9e c\u00e9l\u00e9brant la ville de Valence. Con\u00e7u avec des lettres vibrantes formant le mot \u00ab\u00a0VALENCIA\u00a0\u00bb, sur un fond imitant les c\u00e9l\u00e8bres mosa\u00efques de la ville. La repr\u00e9sentation stylis\u00e9e de la tour du Miguelete, un monument embl\u00e9matique de Valence, est mise en avant. Cet aimant est le souvenir parfait pour emporter un morceau de la culture color\u00e9e de Valence chez soi. Id\u00e9al pour ceux qui souhaitent se souvenir de leur visite dans cette magnifique ville.<\/p>\n","protected":false},"featured_media":14010,"template":"","meta":{"_acf_changed":false},"product_brand":[],"product_cat":[697],"product_tag":[],"class_list":{"0":"post-35881","1":"product","2":"type-product","3":"status-publish","4":"has-post-thumbnail","6":"product_cat-aimants","7":"pa_ciudad-valencia","8":"pa_motivo-panneaux-villes","9":"pa_pais-espana","11":"first","12":"instock","13":"shipping-taxable","14":"product-type-simple"},"acf":[],"_links":{"self":[{"href":"https:\/\/olemosaic.orbitalia.org\/fr\/wp-json\/wp\/v2\/product\/35881","targetHints":{"allow":["GET"]}}],"collection":[{"href":"https:\/\/olemosaic.orbitalia.org\/fr\/wp-json\/wp\/v2\/product"}],"about":[{"href":"https:\/\/olemosaic.orbitalia.org\/fr\/wp-json\/wp\/v2\/types\/product"}],"wp:featuredmedia":[{"embeddable":true,"href":"https:\/\/olemosaic.orbitalia.org\/fr\/wp-json\/wp\/v2\/media\/14010"}],"wp:attachment":[{"href":"https:\/\/olemosaic.orbitalia.org\/fr\/wp-json\/wp\/v2\/media?parent=35881"}],"wp:term":[{"taxonomy":"product_brand","embeddable":true,"href":"https:\/\/olemosaic.orbitalia.org\/fr\/wp-json\/wp\/v2\/product_brand?post=35881"},{"taxonomy":"product_cat","embeddable":true,"href":"https:\/\/olemosaic.orbitalia.org\/fr\/wp-json\/wp\/v2\/product_cat?post=35881"},{"taxonomy":"product_tag","embeddable":true,"href":"https:\/\/olemosaic.orbitalia.org\/fr\/wp-json\/wp\/v2\/product_tag?post=35881"}],"curies":[{"name":"wp","href":"https:\/\/api.w.org\/{rel}","templated":true}]}}