{"id":35880,"date":"2025-02-20T23:37:51","date_gmt":"2025-02-20T22:37:51","guid":{"rendered":"https:\/\/olemosaic.orbitalia.org\/producto\/iman-de-resina-letrero-pamplona-azul-11-cm\/"},"modified":"2025-07-25T20:34:06","modified_gmt":"2025-07-25T18:34:06","slug":"aimant-resine-enseigne-pampelune-bleu-11-cm","status":"publish","type":"product","link":"https:\/\/olemosaic.orbitalia.org\/fr\/produit\/aimant-resine-enseigne-pampelune-bleu-11-cm\/","title":{"rendered":"Aimant en r\u00e9sine. Enseigne. Pampelune. Bleu. 11 cm."},"content":{"rendered":"<p>Cet aimant en r\u00e9sine, avec son enseigne, repr\u00e9sente la ville vibrante de Pampelune sur un fond bleu \u00e9voquant l&rsquo;\u00e9nergie de ses f\u00eates. Avec des dimensions de 11 cm, le design met en avant le mot \u00ab\u00a0PAMPLONA\u00a0\u00bb avec des lettres color\u00e9es, chacune orn\u00e9e d&rsquo;un style mosa\u00efque qui capture l&rsquo;essence de l&rsquo;art local et la riche tradition culturelle de la r\u00e9gion. \u00c0 droite du mot, un charmant d\u00e9tail d\u00e9coratif d&rsquo;un taureau, symbole embl\u00e9matique des c\u00e9l\u00e8bres f\u00eates de San Ferm\u00edn, renforce le lien avec l&rsquo;une des c\u00e9l\u00e9brations les plus repr\u00e9sentatives d&rsquo;Espagne, attirant aussi bien les touristes que les amateurs de culture.<\/p>\n<p>Cet aimant n&rsquo;est pas seulement un produit visuellement attrayant, mais il agit \u00e9galement comme un souvenir authentique et significatif qui permet aux visiteurs d&#8217;emporter un morceau de Pampelune chez eux. Son design convivial et color\u00e9 en fait un excellent cadeau ou souvenir pour ceux qui cherchent \u00e0 capturer l&rsquo;essence de cette ville historique de Navarre. Chez Ol\u00e9 Mosaic, nous sommes experts dans la distribution de souvenirs en gros, et cet aimant en r\u00e9sine est un choix id\u00e9al pour les boutiques de cadeaux touristiques souhaitant offrir \u00e0 leurs clients un produit repr\u00e9sentatif et culturellement riche. Avec cet aimant, l&rsquo;esprit festif de Pampelune est toujours pr\u00e9sent, pr\u00eat \u00e0 orner n&rsquo;importe quel r\u00e9frig\u00e9rateur ou espace, rappelant des moments inoubliables.<\/p>\n","protected":false},"excerpt":{"rendered":"<p>Aimant avec une enseigne repr\u00e9sentant la ville de Pampelune. Sur un fond bleu vibrant, le design affiche le mot \u00ab\u00a0PAMPLONA\u00a0\u00bb en lettres color\u00e9es avec un style mosa\u00efque. \u00c0 droite, un taureau, symbole embl\u00e9matique des f\u00eates de San Ferm\u00edn, orne l&rsquo;aimant et souligne la richesse culturelle de la r\u00e9gion. Cet aimant de 11 cm est un excellent souvenir pour emporter un petit morceau de Pampelune chez soi.<\/p>\n","protected":false},"featured_media":14009,"template":"","meta":{"_acf_changed":false},"product_brand":[],"product_cat":[697],"product_tag":[530],"class_list":{"0":"post-35880","1":"product","2":"type-product","3":"status-publish","4":"has-post-thumbnail","6":"product_cat-aimants","7":"product_tag-animaux","8":"pa_ciudad-pamplona","9":"pa_motivo-panneaux-villes","10":"pa_pais-espana","12":"first","13":"instock","14":"shipping-taxable","15":"product-type-simple"},"acf":[],"_links":{"self":[{"href":"https:\/\/olemosaic.orbitalia.org\/fr\/wp-json\/wp\/v2\/product\/35880","targetHints":{"allow":["GET"]}}],"collection":[{"href":"https:\/\/olemosaic.orbitalia.org\/fr\/wp-json\/wp\/v2\/product"}],"about":[{"href":"https:\/\/olemosaic.orbitalia.org\/fr\/wp-json\/wp\/v2\/types\/product"}],"wp:featuredmedia":[{"embeddable":true,"href":"https:\/\/olemosaic.orbitalia.org\/fr\/wp-json\/wp\/v2\/media\/14009"}],"wp:attachment":[{"href":"https:\/\/olemosaic.orbitalia.org\/fr\/wp-json\/wp\/v2\/media?parent=35880"}],"wp:term":[{"taxonomy":"product_brand","embeddable":true,"href":"https:\/\/olemosaic.orbitalia.org\/fr\/wp-json\/wp\/v2\/product_brand?post=35880"},{"taxonomy":"product_cat","embeddable":true,"href":"https:\/\/olemosaic.orbitalia.org\/fr\/wp-json\/wp\/v2\/product_cat?post=35880"},{"taxonomy":"product_tag","embeddable":true,"href":"https:\/\/olemosaic.orbitalia.org\/fr\/wp-json\/wp\/v2\/product_tag?post=35880"}],"curies":[{"name":"wp","href":"https:\/\/api.w.org\/{rel}","templated":true}]}}