{"id":35871,"date":"2025-02-20T23:37:50","date_gmt":"2025-02-20T22:37:50","guid":{"rendered":"https:\/\/olemosaic.orbitalia.org\/producto\/iman-de-resina-letrero-valencia-11-cm\/"},"modified":"2025-07-26T00:04:04","modified_gmt":"2025-07-25T22:04:04","slug":"aimant-resine-enseigne-valence-11-cm","status":"publish","type":"product","link":"https:\/\/olemosaic.orbitalia.org\/fr\/produit\/aimant-resine-enseigne-valence-11-cm\/","title":{"rendered":"Aimant en r\u00e9sine. Enseigne. Valence. 11 cm."},"content":{"rendered":"<p>Cet aimant en r\u00e9sine avec l&rsquo;enseigne \u00ab\u00a0VALENCE\u00a0\u00bb est un souvenir vibrant et color\u00e9 qui capture l&rsquo;essence de cette charmante ville espagnole. Avec une taille de 11 cm, cet aimant attrayant se distingue parmi les souvenirs de Valence gr\u00e2ce \u00e0 ses lettres aux couleurs vives comme le rouge, le bleu, le jaune et le vert, qui \u00e9voquent la joie et le dynamisme de la vie valencienne. Le fond de l&rsquo;aimant pr\u00e9sente un design de type mosa\u00efque qui rend hommage au riche h\u00e9ritage culturel et architectural de la r\u00e9gion, rappelant aux touristes la singularit\u00e9 des constructions modernes et traditionnelles qui ornent la ville.<\/p>\n<p>Pour ajouter une touche sp\u00e9ciale, l&rsquo;enseigne inclut une illustration de l&#8217;embl\u00e9matique tour du Miguelete, un symbole incontestable de Valence et un rappel de son histoire. Cet aimant n&rsquo;est pas seulement une fa\u00e7on charmante de d\u00e9corer la maison, mais aussi un excellent cadeau touristique, id\u00e9al pour ceux qui recherchent des souvenirs authentiques refl\u00e9tant la culture locale.<\/p>\n<p>Chez Ol\u00e9 Mosaic, en tant que grossistes de souvenirs, nous proposons des produits qui allient qualit\u00e9 et design, permettant aux boutiques de cadeaux touristiques de pr\u00e9senter des articles repr\u00e9sentatifs de chaque destination. Cet aimant de Valence est une option parfaite pour ceux qui souhaitent ramener un petit morceau de la riche culture valencienne \u00e0 la maison.<\/p>\n","protected":false},"excerpt":{"rendered":"<p>Aimant avec le mot \u00ab\u00a0VALENCE\u00a0\u00bb, mesurant 11 cm. Cet aimant attrayant pr\u00e9sente des lettres aux couleurs vives comme le rouge, le bleu et le jaune, mettant en valeur le nom de la ville. Le fond est d\u00e9cor\u00e9 d&rsquo;un design de type mosa\u00efque qui \u00e9voque la riche culture et l&rsquo;architecture de la r\u00e9gion. De plus, il inclut une illustration de l&#8217;embl\u00e9matique tour du Miguelete, ce qui fait de ce souvenir le rappel parfait de l&rsquo;essence valencienne.<\/p>\n","protected":false},"featured_media":14005,"template":"","meta":{"_acf_changed":false},"product_brand":[],"product_cat":[697],"product_tag":[],"class_list":{"0":"post-35871","1":"product","2":"type-product","3":"status-publish","4":"has-post-thumbnail","6":"product_cat-aimants","7":"pa_ciudad-valencia","8":"pa_motivo-panneaux-villes","9":"pa_pais-espana","11":"first","12":"instock","13":"shipping-taxable","14":"product-type-simple"},"acf":[],"_links":{"self":[{"href":"https:\/\/olemosaic.orbitalia.org\/fr\/wp-json\/wp\/v2\/product\/35871","targetHints":{"allow":["GET"]}}],"collection":[{"href":"https:\/\/olemosaic.orbitalia.org\/fr\/wp-json\/wp\/v2\/product"}],"about":[{"href":"https:\/\/olemosaic.orbitalia.org\/fr\/wp-json\/wp\/v2\/types\/product"}],"wp:featuredmedia":[{"embeddable":true,"href":"https:\/\/olemosaic.orbitalia.org\/fr\/wp-json\/wp\/v2\/media\/14005"}],"wp:attachment":[{"href":"https:\/\/olemosaic.orbitalia.org\/fr\/wp-json\/wp\/v2\/media?parent=35871"}],"wp:term":[{"taxonomy":"product_brand","embeddable":true,"href":"https:\/\/olemosaic.orbitalia.org\/fr\/wp-json\/wp\/v2\/product_brand?post=35871"},{"taxonomy":"product_cat","embeddable":true,"href":"https:\/\/olemosaic.orbitalia.org\/fr\/wp-json\/wp\/v2\/product_cat?post=35871"},{"taxonomy":"product_tag","embeddable":true,"href":"https:\/\/olemosaic.orbitalia.org\/fr\/wp-json\/wp\/v2\/product_tag?post=35871"}],"curies":[{"name":"wp","href":"https:\/\/api.w.org\/{rel}","templated":true}]}}