{"id":35852,"date":"2025-02-20T23:37:50","date_gmt":"2025-02-20T22:37:50","guid":{"rendered":"https:\/\/olemosaic.orbitalia.org\/producto\/iman-de-resina-letrero-sevilla-11-cm\/"},"modified":"2025-07-25T19:05:17","modified_gmt":"2025-07-25T17:05:17","slug":"aimant-resine-enseigne-seville-11-cm","status":"publish","type":"product","link":"https:\/\/olemosaic.orbitalia.org\/fr\/produit\/aimant-resine-enseigne-seville-11-cm\/","title":{"rendered":"Aimant en r\u00e9sine. Enseigne. S\u00e9ville. 11 cm."},"content":{"rendered":"<p>Cet aimant en r\u00e9sine en forme d&rsquo;enseigne est un souvenir color\u00e9 de la vibrante S\u00e9ville. D&rsquo;une taille de 11 cm, il met en avant le mot \u00ab\u00a0SEVILLA\u00a0\u00bb en grandes lettres pleines de vie, chacune avec un ton vibrant qui \u00e9voque la joie de la culture andalouse. La base de l&rsquo;aimant simule une mosa\u00efque pleine de d\u00e9tails, refl\u00e9tant la riche histoire artistique de la ville, tandis qu&rsquo;un dessin joyeux d&rsquo;une danseuse de flamenco, avec une robe rouge, capture l&rsquo;essence de l&rsquo;art flamenco, symbole de l&rsquo;identit\u00e9 s\u00e9villane.<\/p>\n<p>Cet aimant n&rsquo;est pas seulement un accessoire d\u00e9coratif, mais aussi un excellent souvenir pour les touristes cherchant \u00e0 emporter un petit morceau de la magie de S\u00e9ville chez eux. Son design attrayant le rend parfait pour orner toute surface m\u00e9tallique, des r\u00e9frig\u00e9rateurs aux tableaux magn\u00e9tiques, apportant une touche artistique et culturelle \u00e0 n&rsquo;importe quel espace. Chez Ol\u00e9 Mosaic, sp\u00e9cialis\u00e9s dans la distribution de souvenirs en gros, nous savons que cet aimant est id\u00e9al pour les boutiques de cadeaux touristiques souhaitant offrir \u00e0 leurs clients quelque chose d&rsquo;authentique et de significatif, repr\u00e9sentant le caract\u00e8re unique de S\u00e9ville et son tr\u00e8s riche h\u00e9ritage culturel.<\/p>\n","protected":false},"excerpt":{"rendered":"<p>Aimant en forme d&rsquo;enseigne mettant en valeur le nom \u00ab\u00a0SEVILLA\u00a0\u00bb en lettres vibrantes et color\u00e9es. D&rsquo;une taille de 11 cm, cet aimant \u00e9voque l&rsquo;essence de la ville andalouse gr\u00e2ce \u00e0 son design simulant une mosa\u00efque, compl\u00e9t\u00e9 par un dessin gracieux d&rsquo;une danseuse de flamenco dans des tons rouges. Id\u00e9al pour orner toute surface m\u00e9tallique et se rappeler la beaut\u00e9 et la culture de S\u00e9ville \u00e0 chaque regard.<\/p>\n","protected":false},"featured_media":14001,"template":"","meta":{"_acf_changed":false},"product_brand":[],"product_cat":[697],"product_tag":[],"class_list":{"0":"post-35852","1":"product","2":"type-product","3":"status-publish","4":"has-post-thumbnail","6":"product_cat-aimants","7":"pa_ciudad-sevilla","8":"pa_motivo-panneaux-villes","9":"pa_pais-espana","11":"first","12":"instock","13":"shipping-taxable","14":"product-type-simple"},"acf":[],"_links":{"self":[{"href":"https:\/\/olemosaic.orbitalia.org\/fr\/wp-json\/wp\/v2\/product\/35852","targetHints":{"allow":["GET"]}}],"collection":[{"href":"https:\/\/olemosaic.orbitalia.org\/fr\/wp-json\/wp\/v2\/product"}],"about":[{"href":"https:\/\/olemosaic.orbitalia.org\/fr\/wp-json\/wp\/v2\/types\/product"}],"wp:featuredmedia":[{"embeddable":true,"href":"https:\/\/olemosaic.orbitalia.org\/fr\/wp-json\/wp\/v2\/media\/14001"}],"wp:attachment":[{"href":"https:\/\/olemosaic.orbitalia.org\/fr\/wp-json\/wp\/v2\/media?parent=35852"}],"wp:term":[{"taxonomy":"product_brand","embeddable":true,"href":"https:\/\/olemosaic.orbitalia.org\/fr\/wp-json\/wp\/v2\/product_brand?post=35852"},{"taxonomy":"product_cat","embeddable":true,"href":"https:\/\/olemosaic.orbitalia.org\/fr\/wp-json\/wp\/v2\/product_cat?post=35852"},{"taxonomy":"product_tag","embeddable":true,"href":"https:\/\/olemosaic.orbitalia.org\/fr\/wp-json\/wp\/v2\/product_tag?post=35852"}],"curies":[{"name":"wp","href":"https:\/\/api.w.org\/{rel}","templated":true}]}}