{"id":35842,"date":"2025-02-20T23:37:48","date_gmt":"2025-02-20T22:37:48","guid":{"rendered":"https:\/\/olemosaic.orbitalia.org\/producto\/iman-de-resina-letrero-fuerteventura-azul-11-cm\/"},"modified":"2025-07-25T20:28:05","modified_gmt":"2025-07-25T18:28:05","slug":"aimant-resine-enseigne-fuerteventura-bleu-11-cm","status":"publish","type":"product","link":"https:\/\/olemosaic.orbitalia.org\/fr\/produit\/aimant-resine-enseigne-fuerteventura-bleu-11-cm\/","title":{"rendered":"Aimant en r\u00e9sine. Enseigne. Fuerteventura. Bleu. 11 cm."},"content":{"rendered":"<p>Aimant en r\u00e9sine \u00ab\u00a0Fuerteventura\u00a0\u00bb<\/p>\n<p>Cet aimant en r\u00e9sine vibrant, pr\u00e9sentant le mot \u00ab\u00a0Fuerteventura\u00a0\u00bb avec un design color\u00e9 et artistique, est le souvenir id\u00e9al pour ceux qui souhaitent emporter avec eux l&rsquo;essence de cette belle \u00eele des Canaries. D&rsquo;une longueur de 11 cm, il affiche des lettres grandes et voyantes orn\u00e9es d&rsquo;une mosa\u00efque qui se d\u00e9tache avec des tons bleu profond, jaune \u00e9clatant et rouge vif, \u00e9voquant les paysages ensoleill\u00e9s et les eaux cristallines qui caract\u00e9risent Fuerteventura. La base bleue symbolise l&rsquo;oc\u00e9an qui entoure l&rsquo;\u00eele, tandis que les couleurs des lettres refl\u00e8tent la richesse culturelle et naturelle qu&rsquo;offre cette destination touristique.<\/p>\n<p>Le design inclut un d\u00e9tail d\u00e9coratif sur la partie droite, repr\u00e9sentant un l\u00e9zard, symbole de la faune locale, qui ajoute une touche authentique et amusante. Cet aimant n&rsquo;est pas seulement un article d\u00e9coratif, mais une magnifique repr\u00e9sentation de la culture canarienne, id\u00e9ale \u00e0 collectionner ou \u00e0 offrir en souvenir. Chez Ol\u00e9 Mosaic, nous savons que les touristes appr\u00e9cient les souvenirs qui capturent leur exp\u00e9rience, et cet aimant de Fuerteventura est parfait pour ceux qui recherchent une touche de la magie des Canaries. En tant que distributeurs de souvenirs en gros, nous proposons des produits authentiques qui soulignent la beaut\u00e9 et la singularit\u00e9 de l&rsquo;Espagne, faisant de cet aimant un article incontournable pour les boutiques de cadeaux touristiques.<\/p>\n","protected":false},"excerpt":{"rendered":"<p>Aimant avec l&rsquo;enseigne \u00ab\u00a0Fuerteventura\u00a0\u00bb, c\u00e9l\u00e9brant la beaut\u00e9 de cette \u00eele des Canaries. Avec un design vibrant et color\u00e9, il pr\u00e9sente le mot \u00ab\u00a0Fuerteventura\u00a0\u00bb en lettres grandes et voyantes, orn\u00e9es d&rsquo;une mosa\u00efque combinant des tons bleus, jaunes et rouges. Cet article d\u00e9coratif, de 11 cm de long, est un charmant souvenir des magnifiques paysages de l&rsquo;\u00eele, id\u00e9al \u00e0 collectionner ou \u00e0 offrir en cadeau.<\/p>\n","protected":false},"featured_media":13996,"template":"","meta":{"_acf_changed":false},"product_brand":[],"product_cat":[697],"product_tag":[],"class_list":{"0":"post-35842","1":"product","2":"type-product","3":"status-publish","4":"has-post-thumbnail","6":"product_cat-aimants","7":"pa_ciudad-fuerteventura","8":"pa_motivo-panneaux-villes","9":"pa_pais-espana","11":"first","12":"instock","13":"shipping-taxable","14":"product-type-simple"},"acf":[],"_links":{"self":[{"href":"https:\/\/olemosaic.orbitalia.org\/fr\/wp-json\/wp\/v2\/product\/35842","targetHints":{"allow":["GET"]}}],"collection":[{"href":"https:\/\/olemosaic.orbitalia.org\/fr\/wp-json\/wp\/v2\/product"}],"about":[{"href":"https:\/\/olemosaic.orbitalia.org\/fr\/wp-json\/wp\/v2\/types\/product"}],"wp:featuredmedia":[{"embeddable":true,"href":"https:\/\/olemosaic.orbitalia.org\/fr\/wp-json\/wp\/v2\/media\/13996"}],"wp:attachment":[{"href":"https:\/\/olemosaic.orbitalia.org\/fr\/wp-json\/wp\/v2\/media?parent=35842"}],"wp:term":[{"taxonomy":"product_brand","embeddable":true,"href":"https:\/\/olemosaic.orbitalia.org\/fr\/wp-json\/wp\/v2\/product_brand?post=35842"},{"taxonomy":"product_cat","embeddable":true,"href":"https:\/\/olemosaic.orbitalia.org\/fr\/wp-json\/wp\/v2\/product_cat?post=35842"},{"taxonomy":"product_tag","embeddable":true,"href":"https:\/\/olemosaic.orbitalia.org\/fr\/wp-json\/wp\/v2\/product_tag?post=35842"}],"curies":[{"name":"wp","href":"https:\/\/api.w.org\/{rel}","templated":true}]}}