{"id":35840,"date":"2025-02-20T23:37:48","date_gmt":"2025-02-20T22:37:48","guid":{"rendered":"https:\/\/olemosaic.orbitalia.org\/producto\/iman-de-resina-mariposa-mallorca-75-cm\/"},"modified":"2025-07-25T19:14:47","modified_gmt":"2025-07-25T17:14:47","slug":"aimant-resine-papillon-majorque-7-5-cm","status":"publish","type":"product","link":"https:\/\/olemosaic.orbitalia.org\/fr\/produit\/aimant-resine-papillon-majorque-7-5-cm\/","title":{"rendered":"Aimant en r\u00e9sine. Papillon. Majorque. 7,5 cm."},"content":{"rendered":"<p>Cet aimant en r\u00e9sine au design de papillons est un souvenir d\u00e9coratif qui \u00e9voque la beaut\u00e9 vibrante de Majorque. D&rsquo;une taille de 7,5 cm, il pr\u00e9sente trois papillons distincts dans des tons fascinants de bleu, violet et rouge, entour\u00e9s de fleurs d\u00e9licates qui enrichissent le design. Chaque papillon est m\u00e9ticuleusement d\u00e9taill\u00e9, capturant l&rsquo;essence tropicale de l&rsquo;\u00eele, tandis que le fond en mosa\u00efque \u00e9voque l&rsquo;art local qui caract\u00e9rise cette magnifique r\u00e9gion de la M\u00e9diterran\u00e9e.<\/p>\n<p>La finition brillante de l&rsquo;aimant rehausse non seulement les couleurs vives des papillons, mais offre \u00e9galement un aspect attrayant et accrocheur qui illumine toute surface m\u00e9tallique. Cet aimant n&rsquo;est pas seulement un accessoire d\u00e9coratif, il symbolise la joie et la splendeur de Majorque, devenant un souvenir parfait pour ceux qui souhaitent ramener un morceau de l&rsquo;\u00eele chez eux.<\/p>\n<p>Ol\u00e9 Mosaic se sp\u00e9cialise dans la distribution de souvenirs en gros, proposant des produits qui c\u00e9l\u00e8brent l&rsquo;authenticit\u00e9 de chaque r\u00e9gion. Cet aimant de papillons est une excellente option pour les boutiques de cadeaux touristiques qui cherchent \u00e0 offrir des souvenirs uniques et repr\u00e9sentatifs de Majorque. Avec ce bel aimant, v\u00e9ritable souvenir majorquin, transformez chaque r\u00e9frig\u00e9rateur ou tableau m\u00e9tallique en un hommage \u00e0 la vitalit\u00e9 de l&rsquo;\u00eele.<\/p>\n","protected":false},"excerpt":{"rendered":"<p>Aimant au design vibrant de papillons, inspir\u00e9 par la beaut\u00e9 de Majorque. D&rsquo;une taille de 7,5 cm, il pr\u00e9sente trois papillons color\u00e9s dans les tons bleu, violet et rouge, entour\u00e9s de fleurs, le tout sur un fond de mosa\u00efque \u00e9voquant l&rsquo;art local. Ce souvenir attrayant se distingue par sa finition brillante et d\u00e9taill\u00e9e, capturant l&rsquo;essence tropicale et joyeuse de l&rsquo;\u00eele. Id\u00e9al pour orner toute surface m\u00e9tallique et ramener un petit morceau de Majorque \u00e0 la maison.<\/p>\n","protected":false},"featured_media":13994,"template":"","meta":{"_acf_changed":false},"product_brand":[],"product_cat":[697],"product_tag":[530],"class_list":{"0":"post-35840","1":"product","2":"type-product","3":"status-publish","4":"has-post-thumbnail","6":"product_cat-aimants","7":"product_tag-animaux","8":"pa_ciudad-mallorca","9":"pa_motivo-papillons","10":"pa_pais-espana","12":"first","13":"instock","14":"shipping-taxable","15":"product-type-simple"},"acf":[],"_links":{"self":[{"href":"https:\/\/olemosaic.orbitalia.org\/fr\/wp-json\/wp\/v2\/product\/35840","targetHints":{"allow":["GET"]}}],"collection":[{"href":"https:\/\/olemosaic.orbitalia.org\/fr\/wp-json\/wp\/v2\/product"}],"about":[{"href":"https:\/\/olemosaic.orbitalia.org\/fr\/wp-json\/wp\/v2\/types\/product"}],"wp:featuredmedia":[{"embeddable":true,"href":"https:\/\/olemosaic.orbitalia.org\/fr\/wp-json\/wp\/v2\/media\/13994"}],"wp:attachment":[{"href":"https:\/\/olemosaic.orbitalia.org\/fr\/wp-json\/wp\/v2\/media?parent=35840"}],"wp:term":[{"taxonomy":"product_brand","embeddable":true,"href":"https:\/\/olemosaic.orbitalia.org\/fr\/wp-json\/wp\/v2\/product_brand?post=35840"},{"taxonomy":"product_cat","embeddable":true,"href":"https:\/\/olemosaic.orbitalia.org\/fr\/wp-json\/wp\/v2\/product_cat?post=35840"},{"taxonomy":"product_tag","embeddable":true,"href":"https:\/\/olemosaic.orbitalia.org\/fr\/wp-json\/wp\/v2\/product_tag?post=35840"}],"curies":[{"name":"wp","href":"https:\/\/api.w.org\/{rel}","templated":true}]}}