{"id":35839,"date":"2025-02-20T23:37:48","date_gmt":"2025-02-20T22:37:48","guid":{"rendered":"https:\/\/olemosaic.orbitalia.org\/producto\/iman-de-resina-salamandra-y-flores-malaga-75-cm\/"},"modified":"2025-07-25T19:02:52","modified_gmt":"2025-07-25T17:02:52","slug":"aimant-resine-salamandre-fleurs-malaga-7-5-cm","status":"publish","type":"product","link":"https:\/\/olemosaic.orbitalia.org\/fr\/produit\/aimant-resine-salamandre-fleurs-malaga-7-5-cm\/","title":{"rendered":"Aimant en r\u00e9sine. Salamandre et fleurs. Malaga. 7,5 cm."},"content":{"rendered":"<p>Cet aimant en r\u00e9sine au design de salamandres est un charmant souvenir de Malaga qui capture l&rsquo;essence vibrante de cette ville andalouse ensoleill\u00e9e. D&rsquo;une taille de 7,5 cm, l&rsquo;aimant pr\u00e9sente une repr\u00e9sentation color\u00e9e de deux salamandres entour\u00e9es de fleurs, \u00e9voquant la richesse naturelle de la r\u00e9gion. Chaque salamandre, \u00e9labor\u00e9e avec soin, se distingue par des tons bleus et rouges, tandis que les fleurs encadrent la composition avec de joyeux tons jaunes, verts et d&rsquo;autres nuances \u00e9clatantes, cr\u00e9ant un contraste visuel attrayant avec le fond blanc qui simule la mosa\u00efque artistique typique de Malaga.<\/p>\n<p>Le nom \u00ab\u00a0MALAGA\u00a0\u00bb, en lettres voyantes et color\u00e9es, se situe dans la partie inf\u00e9rieure, ajoutant une touche distinctive qui rehausse son attrait en tant que pi\u00e8ce d\u00e9corative. Cet aimant n&rsquo;est pas seulement un accessoire utilitaire, mais un v\u00e9ritable symbole culturel qui repr\u00e9sente la joie et la chaleur de Malaga, parfait pour se souvenir des moments v\u00e9cus dans cette belle ville.<\/p>\n<p>Chez Ol\u00e9 Mosaic, nous nous sp\u00e9cialisons dans la distribution de souvenirs en gros qui refl\u00e8tent l&rsquo;authenticit\u00e9 de chaque r\u00e9gion. Cet aimant de salamandres est une excellente option pour les boutiques de cadeaux touristiques qui cherchent \u00e0 proposer des produits repr\u00e9sentatifs et uniques de Malaga. Avec nous, les grossistes de souvenirs garantissent la qualit\u00e9 et un design traditionnel dans chaque pi\u00e8ce, id\u00e9al pour attirer les touristes \u00e0 la recherche de souvenirs authentiques de leur visite dans cette c\u00e9l\u00e8bre r\u00e9gion espagnole.<\/p>\n","protected":false},"excerpt":{"rendered":"<p>Aimant avec le design de deux salamandres color\u00e9es entour\u00e9es de fleurs, repr\u00e9sentant l&rsquo;essence vibrante de Malaga. Cet aimant de 7,5 cm pr\u00e9sente une finition brillante et des d\u00e9tails complexes dans les tons bleus, rouges, verts et jaunes, \u00e9voquant la mosa\u00efque artistique typique de la r\u00e9gion. Le fond blanc contraste avec la d\u00e9coration color\u00e9e et le nom \u00ab\u00a0MALAGA\u00a0\u00bb, en lettres voyantes, ajoute une touche distinctive et attrayante \u00e0 cette pi\u00e8ce d\u00e9corative.<\/p>\n","protected":false},"featured_media":13993,"template":"","meta":{"_acf_changed":false},"product_brand":[],"product_cat":[697],"product_tag":[530],"class_list":{"0":"post-35839","1":"product","2":"type-product","3":"status-publish","4":"has-post-thumbnail","6":"product_cat-aimants","7":"product_tag-animaux","8":"pa_ciudad-malaga","9":"pa_motivo-salamandres","10":"pa_pais-espana","12":"first","13":"instock","14":"shipping-taxable","15":"product-type-simple"},"acf":[],"_links":{"self":[{"href":"https:\/\/olemosaic.orbitalia.org\/fr\/wp-json\/wp\/v2\/product\/35839","targetHints":{"allow":["GET"]}}],"collection":[{"href":"https:\/\/olemosaic.orbitalia.org\/fr\/wp-json\/wp\/v2\/product"}],"about":[{"href":"https:\/\/olemosaic.orbitalia.org\/fr\/wp-json\/wp\/v2\/types\/product"}],"wp:featuredmedia":[{"embeddable":true,"href":"https:\/\/olemosaic.orbitalia.org\/fr\/wp-json\/wp\/v2\/media\/13993"}],"wp:attachment":[{"href":"https:\/\/olemosaic.orbitalia.org\/fr\/wp-json\/wp\/v2\/media?parent=35839"}],"wp:term":[{"taxonomy":"product_brand","embeddable":true,"href":"https:\/\/olemosaic.orbitalia.org\/fr\/wp-json\/wp\/v2\/product_brand?post=35839"},{"taxonomy":"product_cat","embeddable":true,"href":"https:\/\/olemosaic.orbitalia.org\/fr\/wp-json\/wp\/v2\/product_cat?post=35839"},{"taxonomy":"product_tag","embeddable":true,"href":"https:\/\/olemosaic.orbitalia.org\/fr\/wp-json\/wp\/v2\/product_tag?post=35839"}],"curies":[{"name":"wp","href":"https:\/\/api.w.org\/{rel}","templated":true}]}}