{"id":35838,"date":"2025-02-20T23:37:48","date_gmt":"2025-02-20T22:37:48","guid":{"rendered":"https:\/\/olemosaic.orbitalia.org\/producto\/iman-de-resina-toros-pamplona\/"},"modified":"2025-07-25T18:47:49","modified_gmt":"2025-07-25T16:47:49","slug":"aimant-resine-taureaux-pampelune","status":"publish","type":"product","link":"https:\/\/olemosaic.orbitalia.org\/fr\/produit\/aimant-resine-taureaux-pampelune\/","title":{"rendered":"Aimant en r\u00e9sine. Taureaux. Pampelune."},"content":{"rendered":"<p>Aimant en r\u00e9sine de taureau de Pampelune<\/p>\n<p>Cet aimant en r\u00e9sine vibrant capture l&rsquo;essence de Pampelune, ville c\u00e9l\u00e8bre pour sa riche histoire et ses f\u00eates passionnantes. Con\u00e7u dans un style de mosa\u00efque color\u00e9e, il pr\u00e9sente un taureau majestueux, symbole embl\u00e9matique de la culture locale, qui se distingue par sa palette de teintes brillantes telles que le rouge, le bleu, le vert et le jaune. Le taureau, dans une position puissante et dynamique, est encadr\u00e9 par un soleil radieux qui irradie de l&rsquo;\u00e9nergie, compl\u00e9t\u00e9 par des fleurs rouges qui ajoutent une touche de fra\u00eecheur et de joie.<\/p>\n<p>Sous ces \u00e9l\u00e9ments artistiques, le mot \u00ab\u00a0Pampelune\u00a0\u00bb appara\u00eet en lettres frappantes, renfor\u00e7ant le lien avec l&rsquo;identit\u00e9 de cette ville vibrante. Cette pi\u00e8ce n&rsquo;est pas seulement un souvenir attrayant, elle repr\u00e9sente \u00e9galement la tradition taurine qui caract\u00e9rise Pampelune, particuli\u00e8rement pendant les f\u00eates de San Ferm\u00edn, o\u00f9 les taureaux sont une partie fondamentale de la c\u00e9l\u00e9bration.<\/p>\n<p>Chez Ol\u00e9 Mosaic, nous nous sp\u00e9cialisons dans la distribution de souvenirs en gros, offrant des articles authentiques et de qualit\u00e9 qui se connectent aux cultures locales. Cet aimant en r\u00e9sine est une excellente option pour les boutiques de cadeaux touristiques \u00e0 la recherche d&rsquo;articles qui mettent en valeur la richesse culturelle de l&rsquo;Espagne et captent l&rsquo;attention des visiteurs. Parfait comme souvenir de Pampelune, il devient un objet id\u00e9al pour ceux qui souhaitent emporter une partie de cette tradition vibrante.<\/p>\n","protected":false},"excerpt":{"rendered":"<p>Aimant avec un design vibrant repr\u00e9sentant un taureau, embl\u00e8me de Pampelune. Ce souvenir attrayant pr\u00e9sente un style de mosa\u00efque color\u00e9e, fusionnant des tons brillants de rouge, bleu, vert et jaune, qui \u00e9voquent la joie des f\u00eates locales. De plus, il comprend un soleil radieux et des fleurs rouges, le tout sous le texte \u00ab\u00a0Pampelune\u00a0\u00bb, faisant de cet aimant une pi\u00e8ce parfaite pour se souvenir de la tradition taurine et de la culture de la ville.<\/p>\n","protected":false},"featured_media":13992,"template":"","meta":{"_acf_changed":false},"product_brand":[],"product_cat":[697],"product_tag":[530],"class_list":{"0":"post-35838","1":"product","2":"type-product","3":"status-publish","4":"has-post-thumbnail","6":"product_cat-aimants","7":"product_tag-animaux","8":"pa_ciudad-pamplona","9":"pa_motivo-taureaux","10":"pa_pais-espana","12":"first","13":"instock","14":"shipping-taxable","15":"product-type-simple"},"acf":[],"_links":{"self":[{"href":"https:\/\/olemosaic.orbitalia.org\/fr\/wp-json\/wp\/v2\/product\/35838","targetHints":{"allow":["GET"]}}],"collection":[{"href":"https:\/\/olemosaic.orbitalia.org\/fr\/wp-json\/wp\/v2\/product"}],"about":[{"href":"https:\/\/olemosaic.orbitalia.org\/fr\/wp-json\/wp\/v2\/types\/product"}],"wp:featuredmedia":[{"embeddable":true,"href":"https:\/\/olemosaic.orbitalia.org\/fr\/wp-json\/wp\/v2\/media\/13992"}],"wp:attachment":[{"href":"https:\/\/olemosaic.orbitalia.org\/fr\/wp-json\/wp\/v2\/media?parent=35838"}],"wp:term":[{"taxonomy":"product_brand","embeddable":true,"href":"https:\/\/olemosaic.orbitalia.org\/fr\/wp-json\/wp\/v2\/product_brand?post=35838"},{"taxonomy":"product_cat","embeddable":true,"href":"https:\/\/olemosaic.orbitalia.org\/fr\/wp-json\/wp\/v2\/product_cat?post=35838"},{"taxonomy":"product_tag","embeddable":true,"href":"https:\/\/olemosaic.orbitalia.org\/fr\/wp-json\/wp\/v2\/product_tag?post=35838"}],"curies":[{"name":"wp","href":"https:\/\/api.w.org\/{rel}","templated":true}]}}