{"id":35837,"date":"2025-02-20T23:37:47","date_gmt":"2025-02-20T22:37:47","guid":{"rendered":"https:\/\/olemosaic.orbitalia.org\/producto\/iman-de-resina-salamandra-y-flores-valencia\/"},"modified":"2025-07-25T19:05:48","modified_gmt":"2025-07-25T17:05:48","slug":"aimant-resine-salamandre-fleurs-valence","status":"publish","type":"product","link":"https:\/\/olemosaic.orbitalia.org\/fr\/produit\/aimant-resine-salamandre-fleurs-valence\/","title":{"rendered":"Aimant en r\u00e9sine. Salamandre et fleurs. Valence."},"content":{"rendered":"<p>Aimant d\u00e9coratif en r\u00e9sine avec un design vibrant de salamandres et de fleurs, id\u00e9al pour se souvenir de la beaut\u00e9 de Valence. Cet aimant color\u00e9 pr\u00e9sente une finition brillante et d\u00e9taill\u00e9e, qui imite la technique du trencad\u00eds, si repr\u00e9sentative de la tradition artistique valencienne. Les deux salamandres, repr\u00e9sent\u00e9es avec un style vibrant, sont entour\u00e9es d&rsquo;un environnement floral luxuriant dans des tons rouges, verts et bleus, \u00e9voquant la riche biodiversit\u00e9 de la r\u00e9gion. L&rsquo;inscription \u00ab Valence \u00bb appara\u00eet dans une typographie joyeuse qui souligne l&rsquo;essence de la ville, faisant de cet aimant un souvenir attrayant et repr\u00e9sentatif.<\/p>\n<p>Chaque d\u00e9tail du design refl\u00e8te la libert\u00e9 cr\u00e9ative et la luminosit\u00e9 de l&rsquo;art valencien, faisant de cet aimant un excellent souvenir de l&rsquo;exp\u00e9rience v\u00e9cue dans cette belle ville. Parfait pour orner toute surface m\u00e9tallique, sa qualit\u00e9 et son authenticit\u00e9 garantissent que les touristes emporteront avec eux un morceau de la culture locale. Chez Ol\u00e9 Mosaic, nous proposons cet aimant dans le cadre de notre s\u00e9lection de souvenirs de haute qualit\u00e9, id\u00e9aux pour les boutiques de cadeaux touristiques cherchant \u00e0 offrir des produits authentiques. Cet aimant de salamandres est, sans aucun doute, un article incontournable pour tout visiteur souhaitant capturer un souvenir unique de Valence.<\/p>\n","protected":false},"excerpt":{"rendered":"<p>Aimant avec un design vibrant repr\u00e9sentant deux salamandres dans un environnement floral, parfait pour se souvenir de la beaut\u00e9 de Valence. Cet aimant color\u00e9 pr\u00e9sente une finition brillante et d\u00e9taill\u00e9e, imitant la technique du trencad\u00eds, avec des fleurs de diverses couleurs entourant les salamandres dans des tons rouges, verts et bleus. L&rsquo;inscription \u00ab\u00a0Valence\u00a0\u00bb, dans une typographie joyeuse, souligne l&rsquo;essence de la ville, en faisant un souvenir attrayant et repr\u00e9sentatif.<\/p>\n","protected":false},"featured_media":13991,"template":"","meta":{"_acf_changed":false},"product_brand":[],"product_cat":[697],"product_tag":[530],"class_list":{"0":"post-35837","1":"product","2":"type-product","3":"status-publish","4":"has-post-thumbnail","6":"product_cat-aimants","7":"product_tag-animaux","8":"pa_ciudad-valencia","9":"pa_motivo-salamandres","10":"pa_pais-espana","12":"first","13":"instock","14":"shipping-taxable","15":"product-type-simple"},"acf":[],"_links":{"self":[{"href":"https:\/\/olemosaic.orbitalia.org\/fr\/wp-json\/wp\/v2\/product\/35837","targetHints":{"allow":["GET"]}}],"collection":[{"href":"https:\/\/olemosaic.orbitalia.org\/fr\/wp-json\/wp\/v2\/product"}],"about":[{"href":"https:\/\/olemosaic.orbitalia.org\/fr\/wp-json\/wp\/v2\/types\/product"}],"wp:featuredmedia":[{"embeddable":true,"href":"https:\/\/olemosaic.orbitalia.org\/fr\/wp-json\/wp\/v2\/media\/13991"}],"wp:attachment":[{"href":"https:\/\/olemosaic.orbitalia.org\/fr\/wp-json\/wp\/v2\/media?parent=35837"}],"wp:term":[{"taxonomy":"product_brand","embeddable":true,"href":"https:\/\/olemosaic.orbitalia.org\/fr\/wp-json\/wp\/v2\/product_brand?post=35837"},{"taxonomy":"product_cat","embeddable":true,"href":"https:\/\/olemosaic.orbitalia.org\/fr\/wp-json\/wp\/v2\/product_cat?post=35837"},{"taxonomy":"product_tag","embeddable":true,"href":"https:\/\/olemosaic.orbitalia.org\/fr\/wp-json\/wp\/v2\/product_tag?post=35837"}],"curies":[{"name":"wp","href":"https:\/\/api.w.org\/{rel}","templated":true}]}}