{"id":35802,"date":"2025-02-20T23:37:47","date_gmt":"2025-02-20T22:37:47","guid":{"rendered":"https:\/\/olemosaic.orbitalia.org\/producto\/iman-de-resina-salamandra-malaga-75-cm\/"},"modified":"2025-07-25T20:14:55","modified_gmt":"2025-07-25T18:14:55","slug":"aimant-en-resine-salamandre-malaga-7-5-cm","status":"publish","type":"product","link":"https:\/\/olemosaic.orbitalia.org\/fr\/produit\/aimant-en-resine-salamandre-malaga-7-5-cm\/","title":{"rendered":"Aimant en r\u00e9sine. Salamandre. Malaga. 7,5 cm."},"content":{"rendered":"<p>Cet aimant en r\u00e9sine avec un design de salamandres color\u00e9es est un souvenir embl\u00e9matique qui capture l&rsquo;essence de Malaga. D&rsquo;une taille de 7,5 cm, cet aimant attrayant pr\u00e9sente des salamandres exub\u00e9rantes dans des tons vibrants de bleu, vert et rouge, orn\u00e9es de d\u00e9tails floraux qui apportent une touche de joie et de couleur. Chaque salamandre est m\u00e9ticuleusement \u00e9labor\u00e9e, affichant un design en mosa\u00efque qui rend hommage au riche h\u00e9ritage culturel de cette belle ville andalouse, connue pour ses c\u00e9ramiques et ses couleurs vibrantes.<\/p>\n<p>La base de l&rsquo;aimant \u00e9voque la c\u00e9l\u00e8bre tradition des mosa\u00efques andalouses, soulignant l&rsquo;esprit artistique qui d\u00e9finit Malaga. Cet aimant n&rsquo;est pas seulement un article d\u00e9coratif, mais il symbolise \u00e9galement le lien du visiteur avec la culture locale, devenant un souvenir significatif de l&rsquo;exp\u00e9rience v\u00e9cue dans la r\u00e9gion. Il est id\u00e9al pour ceux qui cherchent \u00e0 ramener un morceau d&rsquo;Andalousie chez eux ou comme cadeau parfait pour les amis et la famille qui appr\u00e9cient l&rsquo;art local.<\/p>\n<p>Chez Ol\u00e9 Mosaic, nous sommes experts dans la distribution de souvenirs en gros, et nous proposons cet aimant de salamandres comme une magnifique option pour les boutiques de cadeaux touristiques \u00e0 la recherche de produits authentiques et de qualit\u00e9. Cet aimant en r\u00e9sine est un excellent choix pour ceux qui souhaitent emporter un morceau de Malaga, apportant une touche de couleur et de culture \u00e0 n&rsquo;importe quel espace.<\/p>\n","protected":false},"excerpt":{"rendered":"<p>Aimant avec un design de salamandres color\u00e9es, \u00e9voquant l&rsquo;essence de Malaga. Cet aimant attrayant de 7,5 cm pr\u00e9sente des salamandres aux designs vibrants en bleu, vert et rouge, orn\u00e9es de d\u00e9tails floraux aux couleurs contrast\u00e9es. La base de l&rsquo;aimant montre une mosa\u00efque qui \u00e9voque la riche histoire culturelle de la ville. Id\u00e9al pour emporter un souvenir embl\u00e9matique de l&rsquo;Andalousie chez soi ou pour offrir \u00e0 ceux qui appr\u00e9cient l&rsquo;art local.<\/p>\n","protected":false},"featured_media":13986,"template":"","meta":{"_acf_changed":false},"product_brand":[],"product_cat":[697],"product_tag":[530],"class_list":{"0":"post-35802","1":"product","2":"type-product","3":"status-publish","4":"has-post-thumbnail","6":"product_cat-aimants","7":"product_tag-animaux","8":"pa_ciudad-malaga","9":"pa_motivo-salamandres","10":"pa_pais-espana","12":"first","13":"instock","14":"shipping-taxable","15":"product-type-simple"},"acf":[],"_links":{"self":[{"href":"https:\/\/olemosaic.orbitalia.org\/fr\/wp-json\/wp\/v2\/product\/35802","targetHints":{"allow":["GET"]}}],"collection":[{"href":"https:\/\/olemosaic.orbitalia.org\/fr\/wp-json\/wp\/v2\/product"}],"about":[{"href":"https:\/\/olemosaic.orbitalia.org\/fr\/wp-json\/wp\/v2\/types\/product"}],"wp:featuredmedia":[{"embeddable":true,"href":"https:\/\/olemosaic.orbitalia.org\/fr\/wp-json\/wp\/v2\/media\/13986"}],"wp:attachment":[{"href":"https:\/\/olemosaic.orbitalia.org\/fr\/wp-json\/wp\/v2\/media?parent=35802"}],"wp:term":[{"taxonomy":"product_brand","embeddable":true,"href":"https:\/\/olemosaic.orbitalia.org\/fr\/wp-json\/wp\/v2\/product_brand?post=35802"},{"taxonomy":"product_cat","embeddable":true,"href":"https:\/\/olemosaic.orbitalia.org\/fr\/wp-json\/wp\/v2\/product_cat?post=35802"},{"taxonomy":"product_tag","embeddable":true,"href":"https:\/\/olemosaic.orbitalia.org\/fr\/wp-json\/wp\/v2\/product_tag?post=35802"}],"curies":[{"name":"wp","href":"https:\/\/api.w.org\/{rel}","templated":true}]}}