{"id":35800,"date":"2025-02-20T23:37:46","date_gmt":"2025-02-20T22:37:46","guid":{"rendered":"https:\/\/olemosaic.orbitalia.org\/producto\/iman-de-resina-letrero-malaga-azul-11-cm\/"},"modified":"2025-07-25T20:08:37","modified_gmt":"2025-07-25T18:08:37","slug":"aimant-en-resine-enseigne-malaga-bleu-11-cm","status":"publish","type":"product","link":"https:\/\/olemosaic.orbitalia.org\/fr\/produit\/aimant-en-resine-enseigne-malaga-bleu-11-cm\/","title":{"rendered":"Aimant en r\u00e9sine. Enseigne. Malaga. Bleu. 11 cm."},"content":{"rendered":"<p>Aimant en r\u00e9sine avec un design d&rsquo;enseigne repr\u00e9sentant la ville de Malaga. Cet aimant attrayant est un souvenir color\u00e9 et festif, id\u00e9al pour ceux qui souhaitent ramener chez eux un morceau de l&rsquo;essence de Malaga. Avec un fond bleu vibrant \u00e9voquant le ciel andalou, le texte \u00ab\u00a0M\u00c1LAGA\u00a0\u00bb se d\u00e9tache dans des couleurs vari\u00e9es et joyeuses, chaque lettre \u00e9tant m\u00e9ticuleusement con\u00e7ue avec des motifs rappelant l&rsquo;art de la mosa\u00efque traditionnelle qui caract\u00e9rise la r\u00e9gion. De plus, le design inclut un charmant \u00e9l\u00e9ment d\u00e9coratif en forme de flamant rose, symbolisant la riche culture locale de la Costa del Sol.<\/p>\n<p>Avec des dimensions de 11 cm, cet aimant est parfait pour orner toute surface m\u00e9tallique, comme les r\u00e9frig\u00e9rateurs ou les tableaux blancs, ajoutant une touche de saveur andalouse aux foyers. Son mat\u00e9riau en r\u00e9sine garantit la durabilit\u00e9, assurant que ce souvenir se conserve en parfaites conditions pendant des ann\u00e9es. En tant que souvenir repr\u00e9sentatif de Malaga, cet aimant capture non seulement la beaut\u00e9 de la ville, mais c\u00e9l\u00e8bre \u00e9galement son patrimoine culturel. Chez Ol\u00e9 Mosaic, nous nous sp\u00e9cialisons dans la distribution de souvenirs en gros, et cet aimant est une excellente option pour les boutiques de cadeaux touristiques \u00e0 la recherche de produits authentiques et vibrants refl\u00e9tant l&rsquo;exp\u00e9rience de Malaga.<\/p>\n","protected":false},"excerpt":{"rendered":"<p>Aimant avec un design d&rsquo;enseigne repr\u00e9sentant la ville de Malaga. Sur un fond bleu vibrant, le mot \u00ab\u00a0M\u00c1LAGA\u00a0\u00bb se d\u00e9tache dans des couleurs joyeuses et vari\u00e9es, avec des motifs \u00e9voquant l&rsquo;art de la mosa\u00efque andalouse. Le design inclut un flamant rose comme \u00e9l\u00e9ment d\u00e9coratif, symbole de la culture locale. Avec des dimensions de 11 cm, cet aimant est le souvenir parfait pour ajouter une touche festive \u00e0 n&rsquo;importe quel espace.<\/p>\n","protected":false},"featured_media":13984,"template":"","meta":{"_acf_changed":false},"product_brand":[],"product_cat":[697],"product_tag":[],"class_list":{"0":"post-35800","1":"product","2":"type-product","3":"status-publish","4":"has-post-thumbnail","6":"product_cat-aimants","7":"pa_ciudad-malaga","8":"pa_motivo-panneaux-villes","9":"pa_pais-espana","11":"first","12":"instock","13":"shipping-taxable","14":"product-type-simple"},"acf":[],"_links":{"self":[{"href":"https:\/\/olemosaic.orbitalia.org\/fr\/wp-json\/wp\/v2\/product\/35800","targetHints":{"allow":["GET"]}}],"collection":[{"href":"https:\/\/olemosaic.orbitalia.org\/fr\/wp-json\/wp\/v2\/product"}],"about":[{"href":"https:\/\/olemosaic.orbitalia.org\/fr\/wp-json\/wp\/v2\/types\/product"}],"wp:featuredmedia":[{"embeddable":true,"href":"https:\/\/olemosaic.orbitalia.org\/fr\/wp-json\/wp\/v2\/media\/13984"}],"wp:attachment":[{"href":"https:\/\/olemosaic.orbitalia.org\/fr\/wp-json\/wp\/v2\/media?parent=35800"}],"wp:term":[{"taxonomy":"product_brand","embeddable":true,"href":"https:\/\/olemosaic.orbitalia.org\/fr\/wp-json\/wp\/v2\/product_brand?post=35800"},{"taxonomy":"product_cat","embeddable":true,"href":"https:\/\/olemosaic.orbitalia.org\/fr\/wp-json\/wp\/v2\/product_cat?post=35800"},{"taxonomy":"product_tag","embeddable":true,"href":"https:\/\/olemosaic.orbitalia.org\/fr\/wp-json\/wp\/v2\/product_tag?post=35800"}],"curies":[{"name":"wp","href":"https:\/\/api.w.org\/{rel}","templated":true}]}}