{"id":35791,"date":"2025-02-20T23:37:46","date_gmt":"2025-02-20T22:37:46","guid":{"rendered":"https:\/\/olemosaic.orbitalia.org\/producto\/iman-de-resina-letrero-alicante-azul\/"},"modified":"2025-07-25T18:46:49","modified_gmt":"2025-07-25T16:46:49","slug":"aimant-en-resine-enseigne-alicante-bleu","status":"publish","type":"product","link":"https:\/\/olemosaic.orbitalia.org\/fr\/produit\/aimant-en-resine-enseigne-alicante-bleu\/","title":{"rendered":"Aimant en r\u00e9sine. Enseigne. Alicante. Bleu."},"content":{"rendered":"<p>Aimant en r\u00e9sine \u00ab\u00a0ALICANTE\u00a0\u00bb<\/p>\n<p>Cet aimant en r\u00e9sine capture l&rsquo;essence vibrante d&rsquo;Alicante, une destination c\u00e9l\u00e8bre pour sa beaut\u00e9 et son charme m\u00e9diterran\u00e9en. Avec un design color\u00e9 qui met en avant le nom \u00ab\u00a0ALICANTE\u00a0\u00bb en grandes lettres brillantes, ce souvenir se pr\u00e9sente sur un fond bleu imitant le style de la mosa\u00efque, \u00e9voquant la chaleur et la joie qui caract\u00e9risent cette ville c\u00f4ti\u00e8re. Les lettres, dans une vari\u00e9t\u00e9 de tons vifs, ajoutent une touche joyeuse et festive, faisant de cet aimant un article d\u00e9coratif irr\u00e9sistible.<\/p>\n<p>Un petit l\u00e9zard ornant l&rsquo;aimant refl\u00e8te la faune locale, symbolisant le lien avec la nature et l&rsquo;ambiance ensoleill\u00e9e de la r\u00e9gion. Ce souvenir attrayant n&rsquo;est pas seulement fonctionnel \u2014 parfait pour personnaliser les r\u00e9frig\u00e9rateurs ou toute surface m\u00e9tallique \u2014, mais il sert \u00e9galement de souvenir tangible des exp\u00e9riences v\u00e9cues \u00e0 Alicante.<\/p>\n<p>Chez Ol\u00e9 Mosaic, nous comprenons l&rsquo;importance de proposer des souvenirs authentiques et repr\u00e9sentatifs. Cet aimant en r\u00e9sine n&rsquo;est pas seulement un projet d&rsquo;artisanat local, mais aussi une excellente option pour les boutiques de cadeaux touristiques \u00e0 la recherche de produits mettant en valeur la culture et l&rsquo;identit\u00e9 de leurs destinations. Gr\u00e2ce \u00e0 notre exp\u00e9rience en tant que distributeurs de souvenirs en gros, nous garantissons la qualit\u00e9 et la pertinence culturelle de chaque produit, aidant \u00e0 capturer l&rsquo;essence de chaque voyage.<\/p>\n","protected":false},"excerpt":{"rendered":"<p>Aimant au design color\u00e9 mettant en avant le nom \u00ab\u00a0ALICANTE\u00a0\u00bb sur un fond bleu imitant le style d&rsquo;une mosa\u00efque. Ce souvenir attrayant pr\u00e9sente des lettres aux couleurs vives et un petit l\u00e9zard d\u00e9coratif, faisant allusion \u00e0 la faune locale. Parfait pour se souvenir de la beaut\u00e9 et du charme d&rsquo;Alicante, cet aimant est fonctionnel et d\u00e9coratif, id\u00e9al pour personnaliser toute surface m\u00e9tallique.<\/p>\n","protected":false},"featured_media":13980,"template":"","meta":{"_acf_changed":false},"product_brand":[],"product_cat":[697],"product_tag":[],"class_list":{"0":"post-35791","1":"product","2":"type-product","3":"status-publish","4":"has-post-thumbnail","6":"product_cat-aimants","7":"pa_ciudad-alicante","8":"pa_motivo-panneaux-villes","9":"pa_pais-espana","11":"first","12":"instock","13":"shipping-taxable","14":"product-type-simple"},"acf":[],"_links":{"self":[{"href":"https:\/\/olemosaic.orbitalia.org\/fr\/wp-json\/wp\/v2\/product\/35791","targetHints":{"allow":["GET"]}}],"collection":[{"href":"https:\/\/olemosaic.orbitalia.org\/fr\/wp-json\/wp\/v2\/product"}],"about":[{"href":"https:\/\/olemosaic.orbitalia.org\/fr\/wp-json\/wp\/v2\/types\/product"}],"wp:featuredmedia":[{"embeddable":true,"href":"https:\/\/olemosaic.orbitalia.org\/fr\/wp-json\/wp\/v2\/media\/13980"}],"wp:attachment":[{"href":"https:\/\/olemosaic.orbitalia.org\/fr\/wp-json\/wp\/v2\/media?parent=35791"}],"wp:term":[{"taxonomy":"product_brand","embeddable":true,"href":"https:\/\/olemosaic.orbitalia.org\/fr\/wp-json\/wp\/v2\/product_brand?post=35791"},{"taxonomy":"product_cat","embeddable":true,"href":"https:\/\/olemosaic.orbitalia.org\/fr\/wp-json\/wp\/v2\/product_cat?post=35791"},{"taxonomy":"product_tag","embeddable":true,"href":"https:\/\/olemosaic.orbitalia.org\/fr\/wp-json\/wp\/v2\/product_tag?post=35791"}],"curies":[{"name":"wp","href":"https:\/\/api.w.org\/{rel}","templated":true}]}}