{"id":35789,"date":"2025-02-20T23:37:45","date_gmt":"2025-02-20T22:37:45","guid":{"rendered":"https:\/\/olemosaic.orbitalia.org\/producto\/iman-de-resina-salamandra-y-flores-marbella\/"},"modified":"2025-07-25T18:37:32","modified_gmt":"2025-07-25T16:37:32","slug":"aimant-en-resine-salamandre-et-fleurs-marbella","status":"publish","type":"product","link":"https:\/\/olemosaic.orbitalia.org\/fr\/produit\/aimant-en-resine-salamandre-et-fleurs-marbella\/","title":{"rendered":"Aimant en r\u00e9sine. Salamandre et fleurs. Marbella."},"content":{"rendered":"<p>Cet aimant en r\u00e9sine avec une d\u00e9coration de salamandres et de fleurs est un souvenir color\u00e9 et irr\u00e9sistible de Marbella, id\u00e9al pour ceux qui souhaitent emporter un morceau de la beaut\u00e9 de la Costa del Sol. Avec son design vibrant en mosa\u00efque, l&rsquo;aimant pr\u00e9sente deux salamandres aux teintes frappantes, symbolisant la biodiversit\u00e9 unique de la r\u00e9gion. Entour\u00e9es d&rsquo;un cadre floral, ces cr\u00e9atures affichent des couleurs \u00e9clatantes qui \u00e9voquent la joie et le climat ensoleill\u00e9 de Marbella. Le mot \u00ab\u00a0MARBELLA\u00a0\u00bb appara\u00eet imprim\u00e9 en lettres voyantes, ce qui fait de cet aimant un article distinctif qui attire instantan\u00e9ment l&rsquo;attention.<\/p>\n<p>La finition en r\u00e9sine assure durabilit\u00e9 et r\u00e9sistance, en faisant un souvenir parfait pour d\u00e9corer toute surface m\u00e9tallique. Cet aimant n&rsquo;est pas seulement attrayant, il a aussi une signification culturelle, car les salamandres sont un symbole de l&rsquo;art traditionnel des mosa\u00efques andalouses, une forme d&rsquo;expression qui met en valeur l&rsquo;histoire et le patrimoine r\u00e9gional. Chez Ol\u00e9 Mosaic, nous proposons cet aimant et d&rsquo;autres souvenirs de Marbella en gros, offrant aux boutiques de cadeaux touristiques l&rsquo;opportunit\u00e9 de proposer des produits authentiques qui soulignent la richesse culturelle de l&rsquo;Espagne. Cet aimant en r\u00e9sine est une excellente option pour les touristes \u00e0 la recherche d&rsquo;un souvenir exclusif et significatif de leur visite dans la charmante Marbella.<\/p>\n","protected":false},"excerpt":{"rendered":"<p>Aimant d\u00e9cor\u00e9 de salamandres et de fleurs, inspir\u00e9 par la beaut\u00e9 de Marbella. Cet aimant attrayant pr\u00e9sente un design color\u00e9 en mosa\u00efque repr\u00e9sentant deux salamandres aux tons vibrants entour\u00e9es de fleurs. Le mot \u00ab\u00a0MARBELLA\u00a0\u00bb est imprim\u00e9 en lettres voyantes, lui donnant une touche distinctive. Sa finition en r\u00e9sine lui conf\u00e8re de la durabilit\u00e9, en faisant un souvenir parfait qui capture l&rsquo;essence de l&rsquo;art andalou. Id\u00e9al pour se souvenir de vos moments sur la Costa del Sol.<\/p>\n","protected":false},"featured_media":13978,"template":"","meta":{"_acf_changed":false},"product_brand":[],"product_cat":[697],"product_tag":[530],"class_list":{"0":"post-35789","1":"product","2":"type-product","3":"status-publish","4":"has-post-thumbnail","6":"product_cat-aimants","7":"product_tag-animaux","8":"pa_ciudad-marbella","9":"pa_motivo-salamandres","10":"pa_pais-espana","12":"first","13":"instock","14":"shipping-taxable","15":"product-type-simple"},"acf":[],"_links":{"self":[{"href":"https:\/\/olemosaic.orbitalia.org\/fr\/wp-json\/wp\/v2\/product\/35789","targetHints":{"allow":["GET"]}}],"collection":[{"href":"https:\/\/olemosaic.orbitalia.org\/fr\/wp-json\/wp\/v2\/product"}],"about":[{"href":"https:\/\/olemosaic.orbitalia.org\/fr\/wp-json\/wp\/v2\/types\/product"}],"wp:featuredmedia":[{"embeddable":true,"href":"https:\/\/olemosaic.orbitalia.org\/fr\/wp-json\/wp\/v2\/media\/13978"}],"wp:attachment":[{"href":"https:\/\/olemosaic.orbitalia.org\/fr\/wp-json\/wp\/v2\/media?parent=35789"}],"wp:term":[{"taxonomy":"product_brand","embeddable":true,"href":"https:\/\/olemosaic.orbitalia.org\/fr\/wp-json\/wp\/v2\/product_brand?post=35789"},{"taxonomy":"product_cat","embeddable":true,"href":"https:\/\/olemosaic.orbitalia.org\/fr\/wp-json\/wp\/v2\/product_cat?post=35789"},{"taxonomy":"product_tag","embeddable":true,"href":"https:\/\/olemosaic.orbitalia.org\/fr\/wp-json\/wp\/v2\/product_tag?post=35789"}],"curies":[{"name":"wp","href":"https:\/\/api.w.org\/{rel}","templated":true}]}}