{"id":35781,"date":"2025-02-20T23:37:45","date_gmt":"2025-02-20T22:37:45","guid":{"rendered":"https:\/\/olemosaic.orbitalia.org\/producto\/iman-de-resina-toro-y-bailaora-marbella\/"},"modified":"2025-07-25T18:39:34","modified_gmt":"2025-07-25T16:39:34","slug":"aimant-en-resine-taureau-et-danseuse-marbella","status":"publish","type":"product","link":"https:\/\/olemosaic.orbitalia.org\/fr\/produit\/aimant-en-resine-taureau-et-danseuse-marbella\/","title":{"rendered":"Aimant en r\u00e9sine. Taureau et danseuse. Marbella."},"content":{"rendered":"<p>Cet aimant color\u00e9 en r\u00e9sine, repr\u00e9sentant un taureau et une danseuse, est un souvenir embl\u00e9matique de Marbella, con\u00e7u pour capturer l&rsquo;essence vibrante de la culture andalouse. Son design stylis\u00e9 m\u00e9lange une palette de tons rouges, jaunes et bleus, \u00e9voquant la beaut\u00e9 de la c\u00e9ramique traditionnelle de la r\u00e9gion. La danseuse, avec une robe \u00e0 volants multicouches, irradie gr\u00e2ce et mouvement dans une pose dynamique, compl\u00e9tant l&rsquo;image puissante du taureau, qui se pr\u00e9sente avec sa silhouette imposante et ses cornes caract\u00e9ristiques. Ce souvenir attrayant n&rsquo;est pas seulement un aimant fonctionnel, mais agit \u00e9galement comme une \u0153uvre d&rsquo;art c\u00e9l\u00e9brant la passion du flamenco et la tradition taurine de l&rsquo;Andalousie.<\/p>\n<p>Avec le nom \u00ab\u00a0Marbella\u00a0\u00bb en lettres color\u00e9es juste \u00e0 la base, cet aimant devient un souvenir parfait pour ceux qui cherchent \u00e0 emporter un morceau de la culture locale. C&rsquo;est un excellent cadeau pour les touristes qui souhaitent se souvenir de leur visite dans cette ville embl\u00e9matique du sud de l&rsquo;Espagne. Chez Ol\u00e9 Mosaic, nous nous sp\u00e9cialisons dans la distribution de souvenirs en gros, et cet aimant de Marbella est un choix id\u00e9al pour les boutiques de cadeaux touristiques souhaitant proposer des produits authentiques et repr\u00e9sentatifs de la culture andalouse. Emporter cet aimant de taureau et de danseuse signifie conserver une tradition pleine d&rsquo;histoire et d&rsquo;\u00e9motion.<\/p>\n","protected":false},"excerpt":{"rendered":"<p>Aimant color\u00e9 repr\u00e9sentant un taureau et une danseuse, inspir\u00e9 par la culture de Marbella. Ce souvenir attrayant capture l&rsquo;essence andalouse avec son design vibrant et stylis\u00e9, m\u00e9langeant des tons rouges, jaunes et bleus dans une finition \u00e9voquant la c\u00e9ramique traditionnelle. La danseuse, avec sa robe \u00e0 volants, montre sa gr\u00e2ce dans une pose dynamique, tandis que le taureau l&rsquo;accompagne de sa pr\u00e9sence imposante, le tout compl\u00e9t\u00e9 par le nom \u00ab\u00a0Marbella\u00a0\u00bb \u00e0 la base.<\/p>\n","protected":false},"featured_media":13975,"template":"","meta":{"_acf_changed":false},"product_brand":[],"product_cat":[697],"product_tag":[530],"class_list":{"0":"post-35781","1":"product","2":"type-product","3":"status-publish","4":"has-post-thumbnail","6":"product_cat-aimants","7":"product_tag-animaux","8":"pa_ciudad-marbella","9":"pa_motivo-taureaux","10":"pa_pais-espana","12":"first","13":"instock","14":"shipping-taxable","15":"product-type-simple"},"acf":[],"_links":{"self":[{"href":"https:\/\/olemosaic.orbitalia.org\/fr\/wp-json\/wp\/v2\/product\/35781","targetHints":{"allow":["GET"]}}],"collection":[{"href":"https:\/\/olemosaic.orbitalia.org\/fr\/wp-json\/wp\/v2\/product"}],"about":[{"href":"https:\/\/olemosaic.orbitalia.org\/fr\/wp-json\/wp\/v2\/types\/product"}],"wp:featuredmedia":[{"embeddable":true,"href":"https:\/\/olemosaic.orbitalia.org\/fr\/wp-json\/wp\/v2\/media\/13975"}],"wp:attachment":[{"href":"https:\/\/olemosaic.orbitalia.org\/fr\/wp-json\/wp\/v2\/media?parent=35781"}],"wp:term":[{"taxonomy":"product_brand","embeddable":true,"href":"https:\/\/olemosaic.orbitalia.org\/fr\/wp-json\/wp\/v2\/product_brand?post=35781"},{"taxonomy":"product_cat","embeddable":true,"href":"https:\/\/olemosaic.orbitalia.org\/fr\/wp-json\/wp\/v2\/product_cat?post=35781"},{"taxonomy":"product_tag","embeddable":true,"href":"https:\/\/olemosaic.orbitalia.org\/fr\/wp-json\/wp\/v2\/product_tag?post=35781"}],"curies":[{"name":"wp","href":"https:\/\/api.w.org\/{rel}","templated":true}]}}