{"id":35780,"date":"2025-02-20T23:37:45","date_gmt":"2025-02-20T22:37:45","guid":{"rendered":"https:\/\/olemosaic.orbitalia.org\/producto\/iman-de-resina-toro-y-bailaora-malaga\/"},"modified":"2025-07-25T20:36:32","modified_gmt":"2025-07-25T18:36:32","slug":"aimant-en-resine-taureau-et-danseuse-malaga","status":"publish","type":"product","link":"https:\/\/olemosaic.orbitalia.org\/fr\/produit\/aimant-en-resine-taureau-et-danseuse-malaga\/","title":{"rendered":"Aimant en r\u00e9sine. Taureau et danseuse. Malaga."},"content":{"rendered":"<p>Aimant color\u00e9 en r\u00e9sine de Malaga, avec un design captivant qui fusionne la figure embl\u00e9matique d&rsquo;un taureau et d&rsquo;une danseuse de flamenco, symboles du riche folklore andalou. Cet aimant n&rsquo;est pas seulement un accessoire d\u00e9coratif, mais une repr\u00e9sentation vibrante de la culture de Malaga, id\u00e9ale pour les amateurs de souvenirs authentiques. La figure du taureau se distingue par ses couleurs \u00e9clatantes bleu, jaune et vert, attirant la lumi\u00e8re et l&rsquo;attention, tandis que la danseuse resplendit dans une \u00e9l\u00e9gante robe rouge orn\u00e9e de d\u00e9tails qui refl\u00e8tent sa passion et l&rsquo;art du flamenco. Compl\u00e9tant ce beau design, le nom \u00ab\u00a0M\u00c1LAGA\u00a0\u00bb appara\u00eet en lettres multicolores, renfor\u00e7ant son attrait visuel. Cet aimant capture l&rsquo;essence des traditions locales et constitue un souvenir parfait pour ceux qui souhaitent ramener un petit morceau de Malaga chez eux. Chez Ol\u00e9 Mosaic, nous proposons cet aimant en r\u00e9sine dans le cadre de notre collection s\u00e9lectionn\u00e9e de souvenirs de Malaga, id\u00e9al pour les boutiques de cadeaux touristiques \u00e0 la recherche de produits de qualit\u00e9 et authentiques. En tant que grossistes de souvenirs, nous garantissons une attention particuli\u00e8re aux d\u00e9tails et une repr\u00e9sentation fid\u00e8le de la culture espagnole.<\/p>\n","protected":false},"excerpt":{"rendered":"<p>Aimant color\u00e9 au design vibrant d&rsquo;un taureau et d&rsquo;une danseuse, repr\u00e9sentant la culture de Malaga. La figure du taureau se distingue par ses couleurs \u00e9clatantes bleu, jaune et vert, tandis que la danseuse porte une robe rouge avec des d\u00e9tails d\u00e9coratifs, montrant son \u00e9l\u00e9gance et sa passion. Cette pi\u00e8ce capture l&rsquo;essence du folklore andalou et est accompagn\u00e9e du nom \u00ab\u00a0M\u00c1LAGA\u00a0\u00bb en lettres multicolores, id\u00e9al pour emporter un souvenir authentique de cette r\u00e9gion.<\/p>\n","protected":false},"featured_media":13974,"template":"","meta":{"_acf_changed":false},"product_brand":[],"product_cat":[697],"product_tag":[530],"class_list":{"0":"post-35780","1":"product","2":"type-product","3":"status-publish","4":"has-post-thumbnail","6":"product_cat-aimants","7":"product_tag-animaux","8":"pa_ciudad-malaga","9":"pa_motivo-taureaux","10":"pa_pais-espana","12":"first","13":"instock","14":"shipping-taxable","15":"product-type-simple"},"acf":[],"_links":{"self":[{"href":"https:\/\/olemosaic.orbitalia.org\/fr\/wp-json\/wp\/v2\/product\/35780","targetHints":{"allow":["GET"]}}],"collection":[{"href":"https:\/\/olemosaic.orbitalia.org\/fr\/wp-json\/wp\/v2\/product"}],"about":[{"href":"https:\/\/olemosaic.orbitalia.org\/fr\/wp-json\/wp\/v2\/types\/product"}],"wp:featuredmedia":[{"embeddable":true,"href":"https:\/\/olemosaic.orbitalia.org\/fr\/wp-json\/wp\/v2\/media\/13974"}],"wp:attachment":[{"href":"https:\/\/olemosaic.orbitalia.org\/fr\/wp-json\/wp\/v2\/media?parent=35780"}],"wp:term":[{"taxonomy":"product_brand","embeddable":true,"href":"https:\/\/olemosaic.orbitalia.org\/fr\/wp-json\/wp\/v2\/product_brand?post=35780"},{"taxonomy":"product_cat","embeddable":true,"href":"https:\/\/olemosaic.orbitalia.org\/fr\/wp-json\/wp\/v2\/product_cat?post=35780"},{"taxonomy":"product_tag","embeddable":true,"href":"https:\/\/olemosaic.orbitalia.org\/fr\/wp-json\/wp\/v2\/product_tag?post=35780"}],"curies":[{"name":"wp","href":"https:\/\/api.w.org\/{rel}","templated":true}]}}